{"id":9687,"date":"2021-11-16T08:21:52","date_gmt":"2021-11-15T21:21:52","guid":{"rendered":"https:\/\/cumberlandriver.com.au\/acerca-de\/nuestra-ubicacion\/"},"modified":"2022-12-01T10:34:13","modified_gmt":"2022-11-30T23:34:13","slug":"nuestra-ubicacion","status":"publish","type":"page","link":"https:\/\/www.cumberlandriver.com.au\/es\/acerca-de\/nuestra-ubicacion\/","title":{"rendered":"Nuestra ubicaci\u00f3n"},"content":{"rendered":"\n\t<section class=\"section\" id=\"section_1445647734\">\n\t\t<div class=\"section-bg fill\" >\n\t\t\t\t\t\t\t\t\t\n\t\t\t\n\n\t\t<\/div>\n\n\t\t\n\n\t\t<div class=\"section-content relative\">\n\t\t\t\n<div class=\"row row-collapse\"  id=\"row-1264848809\">\n\n\t<div id=\"col-967540069\" class=\"col small-12 large-12\"  >\n\t\t\t\t<div class=\"col-inner\"  >\n\t\t\t\n\t\t\t\n\n\t<script type=\"text\/javascript\">\n  jQuery( document ).ready(function() {\n    function initialize() {\n        var styles = {\n            'flatsome':  [{\n            \"featureType\": \"administrative\",\n            \"stylers\": [\n              { \"visibility\": \"on\" }\n            ]\n          },\n          {\n            \"featureType\": \"road\",\n            \"stylers\": [\n              { \"visibility\": \"on\" },\n              { \"hue\": \"#406325\" }\n            ]\n          },\n          {\n            \"stylers\": [\n\t\t\t  { \"visibility\": \"on\" },\n\t\t\t  { \"hue\": \"#406325\" },\n\t\t\t  { \"saturation\": -50 }\n            ]\n          }\n        ]};\n\n        var myLatlng = new google.maps.LatLng(-38.573658, 143.948783);\n        var myOptions = {\n            zoom: 15,\n            center: myLatlng,\n            mapTypeId: google.maps.MapTypeId.ROADMAP,\n            disableDefaultUI: true,\n            mapTypeId: 'flatsome',\n            draggable: true,\n            zoomControl: true,\n            zoomControlOptions: {\n              position: google.maps.ControlPosition.TOP_LEFT\n            },\n      \t\t\t\/\/ panControl: true,\n            \/\/ panControlOptions: {\n            \/\/   position: google.maps.ControlPosition.TOP_LEFT\n            \/\/ },\n      \t\t\tmapTypeControl: false,\n            mapTypeControlOptions: {\n              position: google.maps.ControlPosition.TOP_LEFT\n            },\n      \t\t\t\/\/ scaleControl: true,\n            \/\/ scaleControlOptions: {\n            \/\/   position: google.maps.ControlPosition.TOP_LEFT\n            \/\/ },\n      \t\t\tstreetViewControl: true,\n            streetViewControlOptions: {\n              position: google.maps.ControlPosition.TOP_LEFT\n            },\n      \t\t\t\/\/ overviewMapControl: true,\n            \/\/ overviewMapControlOptions: {\n            \/\/   position: google.maps.ControlPosition.TOP_LEFT\n            \/\/ },\n            scrollwheel: false,\n            disableDoubleClickZoom: true\n        }\n        var map = new google.maps.Map(document.getElementById(\"map-2416402327-inner\"), myOptions);\n        var styledMapType = new google.maps.StyledMapType(styles['flatsome'], {name: 'flatsome'});\n        map.mapTypes.set('flatsome', styledMapType);\n\n        var marker = new google.maps.Marker({\n            position: myLatlng,\n            map: map,\n            title:\"\",\n\t\t\t\t\t\ticon: 'https:\/\/www.cumberlandriver.com.au\/wp-content\/themes\/cumberland-child\/img\/icon-map-marker.png'\n        });\n    }\n\n    \/\/ Required to proceed\n    if (!(typeof google === 'object' && typeof google.maps === 'object')) {\n      return\n    }\n\n    initialize()\n    google.maps.event.addDomListener(window, 'resize', initialize);\n    });\n    <\/script>\n\n    <div class=\"google-map relative mb\" id=\"map-2416402327\">\n        <div class=\"map-height\" id=\"map-2416402327-inner\"><\/div>\n        <div id=\"map_overlay_top\"><\/div>\n        <div id=\"map_overlay_bottom\"><\/div>\n         \n       \n<style>\n#map-2416402327 .map-inner {\n  background-color: rgb(238, 243, 238);\n  max-width: 100%;\n}\n#map-2416402327 .map-height {\n  height: 550px;\n}\n@media (min-width:550px) {\n  #map-2416402327 .map-inner {\n    max-width: 40%;\n  }\n}\n@media (min-width:850px) {\n  #map-2416402327 .map-inner {\n    max-width: 30%;\n  }\n}\n<\/style>\n    <\/div>\n\n\t\n\t\t<\/div>\n\t\t\t\t\t<\/div>\n\n\t\n<\/div>\n\t\t<\/div>\n\n\t\t\n<style>\n#section_1445647734 {\n  padding-top: 0px;\n  padding-bottom: 0px;\n}\n<\/style>\n\t<\/section>\n\t\n\n\t<section class=\"section\" id=\"section_149046617\">\n\t\t<div class=\"section-bg fill\" >\n\t\t\t\t\t\t\t\t\t\n\t\t\t\n\n\t\t<\/div>\n\n\t\t\n\n\t\t<div class=\"section-content relative\">\n\t\t\t\n<div class=\"row\"  id=\"row-1714064038\">\n\n\t<div id=\"col-399004596\" class=\"col medium-5 small-12 large-4\"  >\n\t\t\t\t<div class=\"col-inner\"  >\n\t\t\t\n\t\t\t\n\t<div id=\"gap-344313907\" class=\"gap-element clearfix\" style=\"display:block; height:auto;\">\n\t\t\n<style>\n#gap-344313907 {\n  padding-top: 20px;\n}\n<\/style>\n\t<\/div>\n\t\n<div class=\"rank-math-contact-info show-name show-organization_description show-email show-address show-hours show-phone show-additional_info show-map\"><div class=\"rank-math-contact-section rank-math-contact-name\">\t\t<h4 class=\"rank-math-name\">\n\t\t\t<a href=\"https:\/\/cumberlandriver.com.au\">Cumberland River Holiday Park<\/a>\n\t\t<\/h4>\n\t\t<\/div><div class=\"rank-math-contact-section rank-math-contact-organization_description\"><\/div><div class=\"rank-math-contact-section rank-math-contact-email\"><\/div><div class=\"rank-math-contact-section rank-math-contact-address\">\t\t<label>Direcci\u00f3n:<\/label>\n\t\t<address><span class=\"contact-address-streetAddress\">2680 Great Ocean Rd<\/span> <span class=\"contact-address-addressLocality\">Cumberland River<\/span>, <span class=\"contact-address-addressRegion\">Victoria<\/span> <span class=\"contact-address-postalCode\">3232<\/span> <span class=\"contact-address-addressCountry\">Australia<\/span><\/address>\n\t\t<\/div><div class=\"rank-math-contact-section rank-math-contact-hours\">\t\t<label>Horas:<\/label>\n\t\t<div class=\"rank-math-contact-hours-details\">\n\t\t\t<div class=\"rank-math-opening-hours\"><span class=\"rank-math-opening-days\">lunes, martes, mi\u00e9rcoles, jueves, viernes, s\u00e1bado, domingo<\/span><span class=\"rank-math-opening-time\">8:30 am &ndash; 5:30 pm<\/span><\/div>\t\t<\/div>\n\t\t<\/div><div class=\"rank-math-contact-section rank-math-contact-phone\">\t\t\t<div class=\"rank-math-phone-number type-reservations\">\n\t\t\t\t<label>Reservas:<\/label>\n\t\t\t\t<span><a href=\"tel:+61 (3) 5289 1790\">+61 (3) 5289 1790<\/a><\/span>\n\t\t\t<\/div>\n\t\t\t<\/div><div class=\"rank-math-contact-section rank-math-contact-additional_info\"><\/div><div class=\"rank-math-contact-section rank-math-contact-map\"><\/div><\/div><div class=\"clear\"><\/div>\n\t<div id=\"gap-1719723688\" class=\"gap-element clearfix\" style=\"display:block; height:auto;\">\n\t\t\n<style>\n#gap-1719723688 {\n  padding-top: 30px;\n}\n<\/style>\n\t<\/div>\n\t\n\t\t<\/div>\n\t\t\t\t\t<\/div>\n\n\t\n\n\t<div id=\"col-352460213\" class=\"col medium-7 small-12 large-8\"  >\n\t\t\t\t<div class=\"col-inner text-left\" style=\"background-color:rgb(238, 243, 238);\" >\n\t\t\t\n\t\t\t\n\t<div id=\"text-1494737178\" class=\"text\">\n\t\t\n<h1>Nuestra ubicaci\u00f3n<\/h1>\n\t\t\n<style>\n#text-1494737178 {\n  font-size: 1.75rem;\n  text-align: left;\n}\n<\/style>\n\t<\/div>\n\t\n<p><strong>El parque de vacaciones Cumberland River est\u00e1 situado en la Great Ocean Road, en Cumberland River, a 7 kil\u00f3metros al suroeste de Lorne.<br \/><\/strong><br \/>El parque est\u00e1 enclavado majestuosamente en un exuberante valle verde entre acantilados y monta\u00f1as onduladas, bordeado por el r\u00edo Cumberland, donde fluye a trav\u00e9s de pozas de roca y tramos arenosos hasta el Oc\u00e9ano Austral. Este lugar s\u00f3lo puede describirse como la perfecci\u00f3n junto al mar.<\/p>\n<p><strong>Para obtener informaci\u00f3n actualizada sobre los cierres y las condiciones de las carreteras, visite&#8230;<\/strong><\/p>\n<div class=\"row align-middle align-center\"  id=\"row-378131822\">\n\n\t<div id=\"col-1085621281\" class=\"col medium-4 small-10 large-4\"  >\n\t\t\t\t<div class=\"col-inner text-center\"  >\n\t\t\t\n\t\t\t\n\t<div class=\"img has-hover x md-x lg-x y md-y lg-y\" id=\"image_738506184\">\n\t\t<a class=\"\" href=\"https:\/\/traffic.vicroads.vic.gov.au\/\" target=\"_blank\" rel=\"noopener\">\t\t\t\t\t\t<div class=\"img-inner dark\" >\n\t\t\t<img decoding=\"async\" width=\"279\" height=\"100\" src=\"https:\/\/www.cumberlandriver.com.au\/wp-content\/uploads\/2022\/10\/vic-traffic.png\" class=\"attachment-large size-large\" alt=\"Vic Traffic Logo\" \/>\t\t\t\t\t\t\n\t\t\t\t\t<\/div>\n\t\t\t\t\t\t<\/a>\t\t\n<style>\n#image_738506184 {\n  width: 100%;\n}\n<\/style>\n\t<\/div>\n\t\n\t\t<\/div>\n\t\t\t\t\t<\/div>\n\n\t\n\n\t<div id=\"col-1944542144\" class=\"col medium-4 small-10 large-4\"  >\n\t\t\t\t<div class=\"col-inner text-center\"  >\n\t\t\t\n\t\t\t\n\t<div class=\"img has-hover x md-x lg-x y md-y lg-y\" id=\"image_2067387437\">\n\t\t<a class=\"\" href=\"https:\/\/www.parkweb.vic.gov.au\/\" target=\"_blank\" rel=\"noopener\">\t\t\t\t\t\t<div class=\"img-inner dark\" >\n\t\t\t<img decoding=\"async\" width=\"279\" height=\"100\" src=\"https:\/\/www.cumberlandriver.com.au\/wp-content\/uploads\/2022\/10\/parks-victoria.png\" class=\"attachment-large size-large\" alt=\"Parks Victoria Logo\" \/>\t\t\t\t\t\t\n\t\t\t\t\t<\/div>\n\t\t\t\t\t\t<\/a>\t\t\n<style>\n#image_2067387437 {\n  width: 100%;\n}\n<\/style>\n\t<\/div>\n\t\n\t\t<\/div>\n\t\t\t\t\t<\/div>\n\n\t\n\n\t<div id=\"col-258431126\" class=\"col medium-4 small-10 large-4\"  >\n\t\t\t\t<div class=\"col-inner text-center\"  >\n\t\t\t\n\t\t\t\n\t<div class=\"img has-hover x md-x lg-x y md-y lg-y\" id=\"image_2075312812\">\n\t\t<a class=\"\" href=\"https:\/\/www.emergency.vic.gov.au\/\" target=\"_blank\" rel=\"noopener\">\t\t\t\t\t\t<div class=\"img-inner dark\" >\n\t\t\t<img decoding=\"async\" width=\"279\" height=\"100\" src=\"https:\/\/www.cumberlandriver.com.au\/wp-content\/uploads\/2022\/10\/vic-emergancy.png\" class=\"attachment-large size-large\" alt=\"Vic Emergency Logo\" \/>\t\t\t\t\t\t\n\t\t\t\t\t<\/div>\n\t\t\t\t\t\t<\/a>\t\t\n<style>\n#image_2075312812 {\n  width: 100%;\n}\n<\/style>\n\t<\/div>\n\t\n\t\t<\/div>\n\t\t\t\t\t<\/div>\n\n\t\n<\/div>\n<a href=\"https:\/\/cumberlandriver.com.au\/contact\/\" class=\"button primary is-underline\">\n\t\t<span>Contacto<\/span>\n\t<\/a>\n\n\t\t<\/div>\n\t\t\t\t\n<style>\n#col-352460213 > .col-inner {\n  padding: 0px 0px 0px 0p;\n  margin: 0px 0px -30px 0px;\n  border-radius: 5px;\n}\n@media (min-width:550px) {\n  #col-352460213 > .col-inner {\n    padding: 35px 0px 0px 35px;\n    margin: -115px 0px -30px 0px;\n  }\n}\n@media (min-width:850px) {\n  #col-352460213 > .col-inner {\n    margin: -106px 0px -30px 0px;\n  }\n}\n<\/style>\n\t<\/div>\n\n\t\n<\/div>\n\t\t<\/div>\n\n\t\t\n<style>\n#section_149046617 {\n  padding-top: 0px;\n  padding-bottom: 0px;\n}\n<\/style>\n\t<\/section>\n\t\n\n\t<section class=\"section\" id=\"section_1913031157\">\n\t\t<div class=\"section-bg fill\" >\n\t\t\t\t\t\t\t\t\t\n\t\t\t\n\n\t\t<\/div>\n\n\t\t\n\n\t\t<div class=\"section-content relative\">\n\t\t\t\n<span class=\"scroll-to\" data-label=\"Scroll to: #directions\" data-bullet=\"false\" data-link=\"#directions\" data-title=\"directions\"><a name=\"directions\"><\/a><\/span>\n<div class=\"is-divider divider clearfix\" style=\"margin-top:1.5em;margin-bottom:1.5em;max-width:100%;height:1px;\"><\/div>\n<div class=\"row\"  id=\"row-839329799\">\n\n\t<div id=\"col-1986730199\" class=\"col medium-4 small-12 large-4\"  >\n\t\t\t\t<div class=\"col-inner\"  >\n\t\t\t\n\t\t\t\n\t<div id=\"text-4078298695\" class=\"text\">\n\t\t\n<h2>Direcciones<\/h2>\n\t\t\n<style>\n#text-4078298695 {\n  font-size: 1.5rem;\n  text-align: left;\n}\n<\/style>\n\t<\/div>\n\t\n<p><strong>\u00bfEs la primera vez que visita Australia o la famosa Great Ocean Road?<\/strong><\/p>\n<p>Las indicaciones de esta p\u00e1gina se han proporcionado suponiendo que se viaja desde el aeropuerto de Melbourne. Aproximadamente. 2 horas en coche. Tambi\u00e9n puede hacer clic en el enlace de Google Maps que aparece a continuaci\u00f3n.<\/p>\n\n\t<a class=\"plain\" href=\"https:\/\/www.google.com\/maps\/place\/Cumberland+River+Holiday+Park\/@-38.573558,143.948683,16z\/data=!4m8!3m7!1s0x6ad365c97fd245a1:0x6e1ae73f48ac66e!5m2!4m1!1i2!8m2!3d-38.5736271!4d143.9487965\" target=\"_blank\" rel=\"noopener\">\t<div class=\"icon-box featured-box icon-box-left text-left\"  >\n\t\t\t\t\t<div class=\"icon-box-img\" style=\"width: 42px\">\n\t\t\t\t<div class=\"icon\">\n\t\t\t\t\t<div class=\"icon-inner\" style=\"color:rgb(64, 100, 37);\">\n\t\t\t\t\t\t<?xml version=\"1.0\" encoding=\"utf-8\"?>\n<!-- Generator: Adobe Illustrator 26.5.0, SVG Export Plug-In . SVG Version: 6.00 Build 0)  -->\n<svg version=\"1.1\" id=\"Layer_1\" xmlns=\"http:\/\/www.w3.org\/2000\/svg\" xmlns:xlink=\"http:\/\/www.w3.org\/1999\/xlink\" x=\"0px\" y=\"0px\"\n\t viewBox=\"0 0 52.4 52.4\" style=\"enable-background:new 0 0 52.4 52.4;\" xml:space=\"preserve\">\n<path d=\"M42.8,18.9c0,7.6-9.3,22-13.9,28.7c-1.3,1.9-4,1.9-5.3,0C18.8,40.9,9.6,26.5,9.6,18.9C9.6,8.7,16,3.4,26.2,3.4\n\tS42.8,8.7,42.8,18.9z M26.2,13.2c-3.1,0-5.5,2.5-5.5,5.5s2.5,5.5,5.5,5.5s5.5-2.5,5.5-5.5S29.2,13.2,26.2,13.2z\"\/>\n<\/svg>\n\t\t\t\t\t<\/div>\n\t\t\t\t<\/div>\n\t\t\t<\/div>\n\t\t\t\t<div class=\"icon-box-text last-reset\">\n\t\t\t\t\t\t\t\t\t\n<h4>Enlace de Google Maps<\/h4>\n<p>Abre el Parque de Vacaciones del R\u00edo Cumberland en Google Maps.<\/p>\n\t\t<\/div>\n\t<\/div>\n\t<\/a>\n\t\n\t\t<\/div>\n\t\t\t\t\t<\/div>\n\n\t\n\n\t<div id=\"col-1341316052\" class=\"col medium-8 small-12 large-8\"  >\n\t\t\t\t<div class=\"col-inner\"  >\n\t\t\t\n\t\t\t\n\t<div id=\"gap-1725841456\" class=\"gap-element clearfix\" style=\"display:block; height:auto;\">\n\t\t\n<style>\n#gap-1725841456 {\n  padding-top: 70px;\n}\n@media (min-width:850px) {\n  #gap-1725841456 {\n    padding-top: 70px;\n  }\n}\n<\/style>\n\t<\/div>\n\t\n<div class=\"row row-collapse\"  id=\"row-240134895\">\n\n\t<div id=\"col-1168197846\" class=\"col medium-12 small-12 large-6\"  >\n\t\t\t\t<div class=\"col-inner\"  >\n\t\t\t\n\t\t\t\n\t<div id=\"text-661384802\" class=\"text\">\n\t\t\n<h4 style=\"color:#406425;\">Aeropuerto de Melbourne<\/h4>\n<p>VIC 3045, Australia<\/p>\n\t\t\n<style>\n#text-661384802 {\n  font-size: 1.1rem;\n  line-height: 1;\n}\n<\/style>\n\t<\/div>\n\t\n\t\t<\/div>\n\t\t\t\t\n<style>\n#col-1168197846 > .col-inner {\n  padding: 0px 0px 0px 40px;\n}\n<\/style>\n\t<\/div>\n\n\t\n\n\t<div id=\"col-165901579\" class=\"col medium-12 small-12 large-6\"  >\n\t\t\t\t<div class=\"col-inner\"  >\n\t\t\t\n\t\t\t\n\t<div id=\"text-1890229070\" class=\"text\">\n\t\t\n<h4 style=\"color:#406425;\">Aproximadamente 2 horas (156 km)<\/h4>\n<p>v\u00eda M1 y Great Ocean Rd\/B100<\/p>\n\t\t\n<style>\n#text-1890229070 {\n  font-size: 1.1rem;\n  line-height: 1;\n}\n<\/style>\n\t<\/div>\n\t\n\t\t<\/div>\n\t\t\t\t\n<style>\n#col-165901579 > .col-inner {\n  margin: 0px 0px 0px 40px;\n}\n<\/style>\n\t<\/div>\n\n\t\n<\/div>\n<div class=\"accordion\">\n\t<div id=\"accordion-3207020649\" class=\"accordion-item\">\n\t\t<a id=\"accordion-3207020649-label\" class=\"accordion-title plain\" href=\"#accordion-item-acceda-a-metropolitan-ring-rd\/western-ring-rd\/m80-en-tullamarine-desde-airport-dr.\" aria-expanded=\"false\" aria-controls=\"accordion-3207020649-content\">\n\t\t\t<button class=\"toggle\" aria-label=\"Toggle\"><i class=\"icon-angle-down\" aria-hidden=\"true\"><\/i><\/button>\n\t\t\t<span>Acceda a Metropolitan Ring Rd\/Western Ring Rd\/M80 en Tullamarine desde Airport Dr.<\/span>\n\t\t<\/a>\n\t\t<div id=\"accordion-3207020649-content\" class=\"accordion-inner\" aria-labelledby=\"accordion-3207020649-label\">\n\t\t\t\n<p>Dir\u00edjase al oeste hacia Francis Briggs Rd (98 m)<\/p>\n<p>Salga de la rotonda hacia Airport Dr (4,1 km)<\/p>\n<p>En la rotonda, tome la segunda salida y permanezca en Airport Dr (290 m)<\/p>\n<p>En la rotonda, tome la segunda salida hacia la rampa Metropolitan Ring Rd\/Western Ring Rd\/M80 hacia Ring Rd\/M1\/Geelong Fwy (550 m)<\/p>\n\t\t<\/div>\n\t<\/div>\n\t\n\t<div id=\"accordion-3525705915\" class=\"accordion-item\">\n\t\t<a id=\"accordion-3525705915-label\" class=\"accordion-title plain\" href=\"#accordion-item-conduzca-desde-princes-fwy\/m1-hasta-waurn-ponds.-tome-la-salida-hacia-c134\/torquay\/anglesea\/great-ocean-rd-desde-princes-fwy\/m1\" aria-expanded=\"false\" aria-controls=\"accordion-3525705915-content\">\n\t\t\t<button class=\"toggle\" aria-label=\"Toggle\"><i class=\"icon-angle-down\" aria-hidden=\"true\"><\/i><\/button>\n\t\t\t<span>Conduzca desde Princes Fwy\/M1 hasta Waurn Ponds. Tome la salida hacia C134\/Torquay\/Anglesea\/Great Ocean Rd desde Princes Fwy\/M1<\/span>\n\t\t<\/a>\n\t\t<div id=\"accordion-3525705915-content\" class=\"accordion-inner\" aria-labelledby=\"accordion-3525705915-label\">\n\t\t\t\n<p>Incorp\u00f3rese a Metropolitan Ring Rd\/Western Ring Rd\/M80 (17,0 km)<\/p>\n<p>Utilice los dos carriles de la derecha para incorporarse a Princes Fwy\/M1 hacia Geelong\/Avalon Arpt (71,6 km)<\/p>\n<p>Utilice los dos carriles de la izquierda para tomar la salida hacia C134\/Torquay\/Anglesea\/Great Ocean Rd (500 m)<\/p>\n\t\t<\/div>\n\t<\/div>\n\t\n\t<div id=\"accordion-3241936332\" class=\"accordion-item\">\n\t\t<a id=\"accordion-3241936332-label\" class=\"accordion-title plain\" href=\"#accordion-item-seguir-por-anglesea-rd\/c134-y-great-ocean-rd\/b100-hasta-cumberland-track-en-lorne\" aria-expanded=\"false\" aria-controls=\"accordion-3241936332-content\">\n\t\t\t<button class=\"toggle\" aria-label=\"Toggle\"><i class=\"icon-angle-down\" aria-hidden=\"true\"><\/i><\/button>\n\t\t\t<span>Seguir por Anglesea Rd\/C134 y Great Ocean Rd\/B100 hasta Cumberland Track en Lorne<\/span>\n\t\t<\/a>\n\t\t<div id=\"accordion-3241936332-content\" class=\"accordion-inner\" aria-labelledby=\"accordion-3241936332-label\">\n\t\t\t\n<p>En la rotonda, toma la segunda salida hacia Anglesea Rd\/C134 (2,9 km)<\/p>\n<p>En la rotonda, tome la segunda salida y siga por Anglesea Rd\/C134 (7,6 km)<\/p>\n<p>En la rotonda, tome la segunda salida y siga por Anglesea Rd\/C134 (3,8 km)<\/p>\n<p>En la rotonda, tome la segunda salida hacia Great Ocean Rd\/B100 (7,7 km)<\/p>\n<p>En la rotonda, tome la primera salida y permanezca en Great Ocean Rd\/B100 (40,0 km)<\/p>\n<p>Ligeramente a la derecha en Cumberland Track (23 m)<\/p>\n\t\t<\/div>\n\t<\/div>\n\t\n<\/div>\n\t\t<\/div>\n\t\t\t\t\t<\/div>\n\n\t\n<\/div>\n\t\t<\/div>\n\n\t\t\n<style>\n#section_1913031157 {\n  padding-top: 30px;\n  padding-bottom: 30px;\n}\n<\/style>\n\t<\/section>\n\t\n","protected":false},"excerpt":{"rendered":"","protected":false},"author":1,"featured_media":0,"parent":9683,"menu_order":10,"comment_status":"closed","ping_status":"closed","template":"","meta":{"footnotes":""},"class_list":["post-9687","page","type-page","status-publish","hentry"],"_links":{"self":[{"href":"https:\/\/www.cumberlandriver.com.au\/es\/wp-json\/wp\/v2\/pages\/9687","targetHints":{"allow":["GET"]}}],"collection":[{"href":"https:\/\/www.cumberlandriver.com.au\/es\/wp-json\/wp\/v2\/pages"}],"about":[{"href":"https:\/\/www.cumberlandriver.com.au\/es\/wp-json\/wp\/v2\/types\/page"}],"author":[{"embeddable":true,"href":"https:\/\/www.cumberlandriver.com.au\/es\/wp-json\/wp\/v2\/users\/1"}],"replies":[{"embeddable":true,"href":"https:\/\/www.cumberlandriver.com.au\/es\/wp-json\/wp\/v2\/comments?post=9687"}],"version-history":[{"count":0,"href":"https:\/\/www.cumberlandriver.com.au\/es\/wp-json\/wp\/v2\/pages\/9687\/revisions"}],"up":[{"embeddable":true,"href":"https:\/\/www.cumberlandriver.com.au\/es\/wp-json\/wp\/v2\/pages\/9683"}],"wp:attachment":[{"href":"https:\/\/www.cumberlandriver.com.au\/es\/wp-json\/wp\/v2\/media?parent=9687"}],"curies":[{"name":"wp","href":"https:\/\/api.w.org\/{rel}","templated":true}]}}