{"id":9712,"date":"2022-06-25T13:56:30","date_gmt":"2022-06-25T03:56:30","guid":{"rendered":"https:\/\/cumberlandriver.com.au\/acerca-de\/mapa-del-camping\/"},"modified":"2022-12-01T11:38:32","modified_gmt":"2022-12-01T00:38:32","slug":"mapa-del-camping","status":"publish","type":"page","link":"https:\/\/www.cumberlandriver.com.au\/es\/acerca-de\/mapa-del-camping\/","title":{"rendered":"Mapa del camping"},"content":{"rendered":"<div class=\"row\"  id=\"row-1812656437\">\n\n\t<div id=\"col-319409028\" class=\"col small-12 large-12\"  >\n\t\t\t\t<div class=\"col-inner\"  >\n\t\t\t\n\t\t\t\n\t<div class=\"img has-hover x md-x lg-x y md-y lg-y\" id=\"image_101083103\">\n\t\t\t\t\t\t\t\t<div class=\"img-inner dark\" >\n\t\t\t<img decoding=\"async\" width=\"1\" height=\"1\" src=\"https:\/\/www.cumberlandriver.com.au\/wp-content\/uploads\/2022\/11\/Cumblerland-SIteMap.svg\" class=\"attachment-large size-large\" alt=\"Cumblerland River Site Map\" \/>\t\t\t\t\t\t\n\t\t\t\t\t<\/div>\n\t\t\t\t\t\t\t\t\n<style>\n#image_101083103 {\n  width: 100%;\n}\n<\/style>\n\t<\/div>\n\t\n\t\t<\/div>\n\t\t\t\t\t<\/div>\n\n\t\n<\/div>\n<div class=\"row align-center\"  id=\"row-550554011\">\n\n\t<div id=\"col-502742705\" class=\"col corners medium-5 small-12 large-5\"  >\n\t\t\t\t<div class=\"col-inner\"  >\n\t\t\t\n\t\t\t\n\t<div id=\"text-1595361472\" class=\"text\">\n\t\t\n<h1>Mapa del sitio del r\u00edo Cumberland<\/h1>\n\t\t\n<style>\n#text-1595361472 {\n  font-size: 1.75rem;\n}\n<\/style>\n\t<\/div>\n\t\n<p>Get to know the Holiday Park layout before you arrive and familiarise yourself with the layout and campsite lot you would prefer for booking.<\/p>\n<h5>Camp Allotments<\/h5>\n\n\t\t<div class=\"icon-box featured-box icon-box-left text-left\"  >\n\t\t\t\t\t<div class=\"icon-box-img\" style=\"width: 20px\">\n\t\t\t\t<div class=\"icon\">\n\t\t\t\t\t<div class=\"icon-inner\" style=\"color:rgb(116, 204, 229);\">\n\t\t\t\t\t\t<?xml version=\"1.0\" encoding=\"utf-8\"?>\n<!-- Generator: Adobe Illustrator 27.0.0, SVG Export Plug-In . SVG Version: 6.00 Build 0)  -->\n<svg version=\"1.1\" id=\"Layer_1\" xmlns=\"http:\/\/www.w3.org\/2000\/svg\" xmlns:xlink=\"http:\/\/www.w3.org\/1999\/xlink\" x=\"0px\" y=\"0px\"\n\t viewBox=\"0 0 14.4 14.4\" style=\"enable-background:new 0 0 14.4 14.4;\" xml:space=\"preserve\">\n<rect x=\"0\" y=\"-0.1\" width=\"14.5\" height=\"14.5\"\/>\n<\/svg>\n\t\t\t\t\t<\/div>\n\t\t\t\t<\/div>\n\t\t\t<\/div>\n\t\t\t\t<div class=\"icon-box-text last-reset\">\n\t\t\t\t\t\t\t\t\t\n\t<div id=\"text-3695669394\" class=\"text\">\n\t\t\n<p>Sitios para furgonetas de jard\u00edn<\/p>\n\t\t\n<style>\n#text-3695669394 {\n  font-size: 1rem;\n  line-height: 1.25;\n}\n<\/style>\n\t<\/div>\n\t\n\t\t<\/div>\n\t<\/div>\n\t\n\t\n\n\t\t<div class=\"icon-box featured-box icon-box-left text-left\"  >\n\t\t\t\t\t<div class=\"icon-box-img\" style=\"width: 20px\">\n\t\t\t\t<div class=\"icon\">\n\t\t\t\t\t<div class=\"icon-inner\" style=\"color:rgb(153, 175, 116);\">\n\t\t\t\t\t\t<?xml version=\"1.0\" encoding=\"utf-8\"?>\n<!-- Generator: Adobe Illustrator 27.0.0, SVG Export Plug-In . SVG Version: 6.00 Build 0)  -->\n<svg version=\"1.1\" id=\"Layer_1\" xmlns=\"http:\/\/www.w3.org\/2000\/svg\" xmlns:xlink=\"http:\/\/www.w3.org\/1999\/xlink\" x=\"0px\" y=\"0px\"\n\t viewBox=\"0 0 14.4 14.4\" style=\"enable-background:new 0 0 14.4 14.4;\" xml:space=\"preserve\">\n<rect x=\"0\" y=\"-0.1\" width=\"14.5\" height=\"14.5\"\/>\n<\/svg>\n\t\t\t\t\t<\/div>\n\t\t\t\t<\/div>\n\t\t\t<\/div>\n\t\t\t\t<div class=\"icon-box-text last-reset\">\n\t\t\t\t\t\t\t\t\t\n\t<div id=\"text-1543135239\" class=\"text\">\n\t\t\n<p>Jardines<\/p>\n\t\t\n<style>\n#text-1543135239 {\n  font-size: 1rem;\n  line-height: 1.25;\n}\n<\/style>\n\t<\/div>\n\t\n\t\t<\/div>\n\t<\/div>\n\t\n\t\n\n\t\t<div class=\"icon-box featured-box icon-box-left text-left\"  >\n\t\t\t\t\t<div class=\"icon-box-img\" style=\"width: 20px\">\n\t\t\t\t<div class=\"icon\">\n\t\t\t\t\t<div class=\"icon-inner\" style=\"color:rgb(249, 227, 178);\">\n\t\t\t\t\t\t<?xml version=\"1.0\" encoding=\"utf-8\"?>\n<!-- Generator: Adobe Illustrator 27.0.0, SVG Export Plug-In . SVG Version: 6.00 Build 0)  -->\n<svg version=\"1.1\" id=\"Layer_1\" xmlns=\"http:\/\/www.w3.org\/2000\/svg\" xmlns:xlink=\"http:\/\/www.w3.org\/1999\/xlink\" x=\"0px\" y=\"0px\"\n\t viewBox=\"0 0 14.4 14.4\" style=\"enable-background:new 0 0 14.4 14.4;\" xml:space=\"preserve\">\n<rect x=\"0\" y=\"-0.1\" width=\"14.5\" height=\"14.5\"\/>\n<\/svg>\n\t\t\t\t\t<\/div>\n\t\t\t\t<\/div>\n\t\t\t<\/div>\n\t\t\t\t<div class=\"icon-box-text last-reset\">\n\t\t\t\t\t\t\t\t\t\n\t<div id=\"text-2790769175\" class=\"text\">\n\t\t\n<p>Sitios fluviales<\/p>\n\t\t\n<style>\n#text-2790769175 {\n  font-size: 1rem;\n  line-height: 1.25;\n}\n<\/style>\n\t<\/div>\n\t\n\t\t<\/div>\n\t<\/div>\n\t\n\t\n\n\t\t<div class=\"icon-box featured-box icon-box-left text-left\"  >\n\t\t\t\t\t<div class=\"icon-box-img\" style=\"width: 20px\">\n\t\t\t\t<div class=\"icon\">\n\t\t\t\t\t<div class=\"icon-inner\" style=\"color:rgb(247, 163, 169);\">\n\t\t\t\t\t\t<?xml version=\"1.0\" encoding=\"utf-8\"?>\n<!-- Generator: Adobe Illustrator 27.0.0, SVG Export Plug-In . SVG Version: 6.00 Build 0)  -->\n<svg version=\"1.1\" id=\"Layer_1\" xmlns=\"http:\/\/www.w3.org\/2000\/svg\" xmlns:xlink=\"http:\/\/www.w3.org\/1999\/xlink\" x=\"0px\" y=\"0px\"\n\t viewBox=\"0 0 14.4 14.4\" style=\"enable-background:new 0 0 14.4 14.4;\" xml:space=\"preserve\">\n<rect x=\"0\" y=\"-0.1\" width=\"14.5\" height=\"14.5\"\/>\n<\/svg>\n\t\t\t\t\t<\/div>\n\t\t\t\t<\/div>\n\t\t\t<\/div>\n\t\t\t\t<div class=\"icon-box-text last-reset\">\n\t\t\t\t\t\t\t\t\t\n\t<div id=\"text-2926709644\" class=\"text\">\n\t\t\n<p>Unidades con vistas al r\u00edo<\/p>\n\t\t\n<style>\n#text-2926709644 {\n  font-size: 1rem;\n  line-height: 1.25;\n}\n<\/style>\n\t<\/div>\n\t\n\t\t<\/div>\n\t<\/div>\n\t\n\t\n\n\t\t<div class=\"icon-box featured-box icon-box-left text-left\"  >\n\t\t\t\t\t<div class=\"icon-box-img\" style=\"width: 20px\">\n\t\t\t\t<div class=\"icon\">\n\t\t\t\t\t<div class=\"icon-inner\" style=\"color:rgb(137, 88, 129);\">\n\t\t\t\t\t\t<?xml version=\"1.0\" encoding=\"utf-8\"?>\n<!-- Generator: Adobe Illustrator 27.0.0, SVG Export Plug-In . SVG Version: 6.00 Build 0)  -->\n<svg version=\"1.1\" id=\"Layer_1\" xmlns=\"http:\/\/www.w3.org\/2000\/svg\" xmlns:xlink=\"http:\/\/www.w3.org\/1999\/xlink\" x=\"0px\" y=\"0px\"\n\t viewBox=\"0 0 14.4 14.4\" style=\"enable-background:new 0 0 14.4 14.4;\" xml:space=\"preserve\">\n<rect x=\"0\" y=\"-0.1\" width=\"14.5\" height=\"14.5\"\/>\n<\/svg>\n\t\t\t\t\t<\/div>\n\t\t\t\t<\/div>\n\t\t\t<\/div>\n\t\t\t\t<div class=\"icon-box-text last-reset\">\n\t\t\t\t\t\t\t\t\t\n\t<div id=\"text-2495737162\" class=\"text\">\n\t\t\n<p>Caba\u00f1as familiares de cedro<\/p>\n\t\t\n<style>\n#text-2495737162 {\n  font-size: 1rem;\n  line-height: 1.25;\n}\n<\/style>\n\t<\/div>\n\t\n\t\t<\/div>\n\t<\/div>\n\t\n\t\n\n\t\t<div class=\"icon-box featured-box icon-box-left text-left\"  >\n\t\t\t\t\t<div class=\"icon-box-img\" style=\"width: 20px\">\n\t\t\t\t<div class=\"icon\">\n\t\t\t\t\t<div class=\"icon-inner\" style=\"color:rgb(239, 139, 70);\">\n\t\t\t\t\t\t<?xml version=\"1.0\" encoding=\"utf-8\"?>\n<!-- Generator: Adobe Illustrator 27.0.0, SVG Export Plug-In . SVG Version: 6.00 Build 0)  -->\n<svg version=\"1.1\" id=\"Layer_1\" xmlns=\"http:\/\/www.w3.org\/2000\/svg\" xmlns:xlink=\"http:\/\/www.w3.org\/1999\/xlink\" x=\"0px\" y=\"0px\"\n\t viewBox=\"0 0 14.4 14.4\" style=\"enable-background:new 0 0 14.4 14.4;\" xml:space=\"preserve\">\n<rect x=\"0\" y=\"-0.1\" width=\"14.5\" height=\"14.5\"\/>\n<\/svg>\n\t\t\t\t\t<\/div>\n\t\t\t\t<\/div>\n\t\t\t<\/div>\n\t\t\t\t<div class=\"icon-box-text last-reset\">\n\t\t\t\t\t\t\t\t\t\n\t<div id=\"text-599479668\" class=\"text\">\n\t\t\n<p>Caba\u00f1as Cedar Trio<\/p>\n\t\t\n<style>\n#text-599479668 {\n  font-size: 1rem;\n  line-height: 1.25;\n}\n<\/style>\n\t<\/div>\n\t\n\t\t<\/div>\n\t<\/div>\n\t\n\t\n\n\t\t<div class=\"icon-box featured-box icon-box-left text-left\"  >\n\t\t\t\t\t<div class=\"icon-box-img\" style=\"width: 20px\">\n\t\t\t\t<div class=\"icon\">\n\t\t\t\t\t<div class=\"icon-inner\" style=\"color:rgb(214, 86, 43);\">\n\t\t\t\t\t\t<?xml version=\"1.0\" encoding=\"utf-8\"?>\n<!-- Generator: Adobe Illustrator 27.0.0, SVG Export Plug-In . SVG Version: 6.00 Build 0)  -->\n<svg version=\"1.1\" id=\"Layer_1\" xmlns=\"http:\/\/www.w3.org\/2000\/svg\" xmlns:xlink=\"http:\/\/www.w3.org\/1999\/xlink\" x=\"0px\" y=\"0px\"\n\t viewBox=\"0 0 14.4 14.4\" style=\"enable-background:new 0 0 14.4 14.4;\" xml:space=\"preserve\">\n<rect x=\"0\" y=\"-0.1\" width=\"14.5\" height=\"14.5\"\/>\n<\/svg>\n\t\t\t\t\t<\/div>\n\t\t\t\t<\/div>\n\t\t\t<\/div>\n\t\t\t\t<div class=\"icon-box-text last-reset\">\n\t\t\t\t\t\t\t\t\t\n\t<div id=\"text-1752759281\" class=\"text\">\n\t\t\n<p>Caba\u00f1as de cedro con cuatro literas<\/p>\n\t\t\n<style>\n#text-1752759281 {\n  font-size: 1rem;\n  line-height: 1.25;\n}\n<\/style>\n\t<\/div>\n\t\n\t\t<\/div>\n\t<\/div>\n\t\n\t\n\n\t\t<div class=\"icon-box featured-box icon-box-left text-left\"  >\n\t\t\t\t\t<div class=\"icon-box-img\" style=\"width: 20px\">\n\t\t\t\t<div class=\"icon\">\n\t\t\t\t\t<div class=\"icon-inner\" style=\"color:rgb(196, 216, 46);\">\n\t\t\t\t\t\t<?xml version=\"1.0\" encoding=\"utf-8\"?>\n<!-- Generator: Adobe Illustrator 26.5.0, SVG Export Plug-In . SVG Version: 6.00 Build 0)  -->\n<svg version=\"1.1\" id=\"Layer_1\" xmlns=\"http:\/\/www.w3.org\/2000\/svg\" xmlns:xlink=\"http:\/\/www.w3.org\/1999\/xlink\" x=\"0px\" y=\"0px\"\n\t viewBox=\"0 0 20 20\" style=\"enable-background:new 0 0 20 20;\" xml:space=\"preserve\">\n<style type=\"text\/css\">\n\t.st0{fill:#69933E;}\n<\/style>\n<g>\n\t<g>\n\t\t<path class=\"st0\" d=\"M10,19.1c5,0,9.1-4.1,9.1-9.1S15,0.9,10,0.9C5,0.9,0.9,5,0.9,10S5,19.1,10,19.1\"\/>\n\t<\/g>\n<\/g>\n<\/svg>\n\t\t\t\t\t<\/div>\n\t\t\t\t<\/div>\n\t\t\t<\/div>\n\t\t\t\t<div class=\"icon-box-text last-reset\">\n\t\t\t\t\t\t\t\t\t\n\t<div id=\"text-4053203424\" class=\"text\">\n\t\t\n<p>Sitios m\u00e1s grandes para furgonetas<\/p>\n\t\t\n<style>\n#text-4053203424 {\n  font-size: 1rem;\n  line-height: 1.25;\n}\n<\/style>\n\t<\/div>\n\t\n\t\t<\/div>\n\t<\/div>\n\t\n\t\n\t\t<\/div>\n\t\t\t\t\n<style>\n#col-502742705 > .col-inner {\n  padding: 20px 20px 20px 20px;\n  margin: 0 0px 0px 0px;\n}\n@media (min-width:550px) {\n  #col-502742705 > .col-inner {\n    margin: -300px 0px 0px 0px;\n  }\n}\n@media (min-width:850px) {\n  #col-502742705 > .col-inner {\n    margin: -350px 0px 0px 0px;\n  }\n}\n<\/style>\n\t<\/div>\n\n\t\n\n\t<div id=\"col-1206604397\" class=\"col medium-4 small-12 large-4\"  >\n\t\t\t\t<div class=\"col-inner\" style=\"background-color:rgba(64, 100, 37, 0.105);\" >\n\t\t\t\n\t\t\t\n<h5>Leyenda del mapa<\/h5>\n\t<div id=\"gap-1068257141\" class=\"gap-element clearfix\" style=\"display:block; height:auto;\">\n\t\t\n<style>\n#gap-1068257141 {\n  padding-top: 15px;\n}\n<\/style>\n\t<\/div>\n\t\n\n\t\t<div class=\"icon-box featured-box icon-box-left text-left\"  >\n\t\t\t\t\t<div class=\"icon-box-img\" style=\"width: 20px\">\n\t\t\t\t<div class=\"icon\">\n\t\t\t\t\t<div class=\"icon-inner\" style=\"color:rgb(104, 146, 61);\">\n\t\t\t\t\t\t<?xml version=\"1.0\" encoding=\"utf-8\"?>\n<!-- Generator: Adobe Illustrator 26.5.0, SVG Export Plug-In . SVG Version: 6.00 Build 0)  -->\n<svg version=\"1.1\" id=\"Layer_1\" xmlns=\"http:\/\/www.w3.org\/2000\/svg\" xmlns:xlink=\"http:\/\/www.w3.org\/1999\/xlink\" x=\"0px\" y=\"0px\"\n\t viewBox=\"0 0 20 20\" style=\"enable-background:new 0 0 20 20;\" xml:space=\"preserve\">\n<style type=\"text\/css\">\n\t.st0{fill:#69933E;}\n<\/style>\n<g>\n\t<g>\n\t\t<path class=\"st0\" d=\"M10,19.1c5,0,9.1-4.1,9.1-9.1S15,0.9,10,0.9C5,0.9,0.9,5,0.9,10S5,19.1,10,19.1\"\/>\n\t<\/g>\n<\/g>\n<\/svg>\n\t\t\t\t\t<\/div>\n\t\t\t\t<\/div>\n\t\t\t<\/div>\n\t\t\t\t<div class=\"icon-box-text last-reset\">\n\t\t\t\t\t\t\t\t\t\n\t<div id=\"text-672483652\" class=\"text\">\n\t\t\n<p>Mangueras y grifos fijos<\/p>\n\t\t\n<style>\n#text-672483652 {\n  font-size: 1rem;\n  line-height: 1.25;\n}\n<\/style>\n\t<\/div>\n\t\n\t\t<\/div>\n\t<\/div>\n\t\n\t\n\n\t\t<div class=\"icon-box featured-box icon-box-left text-left\"  >\n\t\t\t\t\t<div class=\"icon-box-img\" style=\"width: 20px\">\n\t\t\t\t<div class=\"icon\">\n\t\t\t\t\t<div class=\"icon-inner\" style=\"color:rgb(36, 66, 14);\">\n\t\t\t\t\t\t<?xml version=\"1.0\" encoding=\"utf-8\"?>\n<!-- Generator: Adobe Illustrator 26.5.0, SVG Export Plug-In . SVG Version: 6.00 Build 0)  -->\n<svg version=\"1.1\" id=\"Layer_1\" xmlns=\"http:\/\/www.w3.org\/2000\/svg\" xmlns:xlink=\"http:\/\/www.w3.org\/1999\/xlink\" x=\"0px\" y=\"0px\"\n\t viewBox=\"0 0 20 20\" style=\"enable-background:new 0 0 20 20;\" xml:space=\"preserve\">\n<style type=\"text\/css\">\n\t.st0{fill:#2B421D;}\n<\/style>\n<path class=\"st0\" d=\"M17.6,8.1h-6.2V2.4c0-0.7-0.6-1.3-1.3-1.3c-0.7,0-1.3,0.6-1.3,1.3v5.7H2.4c-0.7,0-1.3,0.6-1.3,1.3\n\tc0,0.7,0.6,1.3,1.3,1.3h6.4v7c0,0.7,0.6,1.3,1.3,1.3c0.7,0,1.3-0.6,1.3-1.3v-7h6.2c0.7,0,1.3-0.6,1.3-1.3\n\tC18.9,8.7,18.3,8.1,17.6,8.1z\"\/>\n<\/svg>\n\t\t\t\t\t<\/div>\n\t\t\t\t<\/div>\n\t\t\t<\/div>\n\t\t\t\t<div class=\"icon-box-text last-reset\">\n\t\t\t\t\t\t\t\t\t\n\t<div id=\"text-887415216\" class=\"text\">\n\t\t\n<p>Extintores fijos<\/p>\n\t\t\n<style>\n#text-887415216 {\n  font-size: 1rem;\n  line-height: 1.25;\n}\n<\/style>\n\t<\/div>\n\t\n\t\t<\/div>\n\t<\/div>\n\t\n\t\n\n\t\t<div class=\"icon-box featured-box icon-box-left text-left\"  >\n\t\t\t\t\t<div class=\"icon-box-img\" style=\"width: 20px\">\n\t\t\t\t<div class=\"icon\">\n\t\t\t\t\t<div class=\"icon-inner\" style=\"color:rgb(36, 66, 14);\">\n\t\t\t\t\t\t<?xml version=\"1.0\" encoding=\"utf-8\"?>\n<!-- Generator: Adobe Illustrator 26.5.0, SVG Export Plug-In . SVG Version: 6.00 Build 0)  -->\n<svg version=\"1.1\" id=\"Layer_1\" xmlns=\"http:\/\/www.w3.org\/2000\/svg\" xmlns:xlink=\"http:\/\/www.w3.org\/1999\/xlink\" x=\"0px\" y=\"0px\"\n\t viewBox=\"0 0 20 20\" style=\"enable-background:new 0 0 20 20;\" xml:space=\"preserve\">\n<style type=\"text\/css\">\n\t.st0{fill:#2B421D;}\n<\/style>\n<path class=\"st0\" d=\"M10,1c-4.9,0-9,4-9,9s4,9,9,9s9-4,9-9S14.9,1,10,1z M10,3.8c1.9,0,3.5,0.8,4.7,2.1H5.3C6.5,4.6,8.1,3.8,10,3.8z\n\t M3.9,9.3c0.1-0.7,0.3-1.4,0.6-2h11.1c0.3,0.6,0.5,1.3,0.6,2H3.9z M16.1,10.7c-0.1,0.7-0.3,1.4-0.6,2H4.4c-0.3-0.6-0.5-1.3-0.6-2\n\tH16.1z M10,16.2c-1.9,0-3.5-0.8-4.7-2.1h9.3C13.5,15.4,11.9,16.2,10,16.2z\"\/>\n<\/svg>\n\t\t\t\t\t<\/div>\n\t\t\t\t<\/div>\n\t\t\t<\/div>\n\t\t\t\t<div class=\"icon-box-text last-reset\">\n\t\t\t\t\t\t\t\t\t\n\t<div id=\"text-2314766825\" class=\"text\">\n\t\t\n<p>Dep\u00f3sitos de agua CFA<\/p>\n\t\t\n<style>\n#text-2314766825 {\n  font-size: 1rem;\n  line-height: 1.25;\n}\n<\/style>\n\t<\/div>\n\t\n\t\t<\/div>\n\t<\/div>\n\t\n\t\n\n\t\t<div class=\"icon-box featured-box icon-box-left text-left\"  >\n\t\t\t\t\t<div class=\"icon-box-img\" style=\"width: 20px\">\n\t\t\t\t<div class=\"icon\">\n\t\t\t\t\t<div class=\"icon-inner\" style=\"color:rgb(36, 66, 14);\">\n\t\t\t\t\t\t<?xml version=\"1.0\" encoding=\"utf-8\"?>\n<!-- Generator: Adobe Illustrator 26.5.0, SVG Export Plug-In . SVG Version: 6.00 Build 0)  -->\n<svg version=\"1.1\" id=\"Layer_1\" xmlns=\"http:\/\/www.w3.org\/2000\/svg\" xmlns:xlink=\"http:\/\/www.w3.org\/1999\/xlink\" x=\"0px\" y=\"0px\"\n\t viewBox=\"0 0 20 20\" style=\"enable-background:new 0 0 20 20;\" xml:space=\"preserve\">\n<style type=\"text\/css\">\n\t.st0{fill:#ED2224;}\n<\/style>\n<g>\n\t<g>\n\t\t<path class=\"st0\" d=\"M1,7.4h6.1c0.2,0,0.4-0.1,0.5-0.4l1.9-5.8c0.2-0.5,0.8-0.5,1,0l1.9,5.8c0.1,0.2,0.3,0.4,0.5,0.4H19\n\t\t\tc0.5,0,0.7,0.7,0.3,1L14.4,12c-0.2,0.1-0.3,0.4-0.2,0.6l1.9,5.8c0.2,0.5-0.4,0.9-0.8,0.6l-4.9-3.6c-0.2-0.1-0.4-0.1-0.6,0L4.7,19\n\t\t\tc-0.4,0.3-1-0.1-0.8-0.6l1.9-5.8c0.1-0.2,0-0.5-0.2-0.6L0.7,8.4C0.3,8.1,0.5,7.4,1,7.4z\"\/>\n\t<\/g>\n<\/g>\n<\/svg>\n\t\t\t\t\t<\/div>\n\t\t\t\t<\/div>\n\t\t\t<\/div>\n\t\t\t\t<div class=\"icon-box-text last-reset\">\n\t\t\t\t\t\t\t\t\t\n\t<div id=\"text-1333087905\" class=\"text\">\n\t\t\n<p>Enrolladores de manguera<\/p>\n\t\t\n<style>\n#text-1333087905 {\n  font-size: 1rem;\n  line-height: 1.25;\n}\n<\/style>\n\t<\/div>\n\t\n\t\t<\/div>\n\t<\/div>\n\t\n\t\n\n\t\t<div class=\"icon-box featured-box icon-box-left text-left\"  >\n\t\t\t\t\t<div class=\"icon-box-img\" style=\"width: 20px\">\n\t\t\t\t<div class=\"icon\">\n\t\t\t\t\t<div class=\"icon-inner\" style=\"color:rgb(116, 204, 229);\">\n\t\t\t\t\t\t<img decoding=\"async\" width=\"60\" height=\"60\" src=\"https:\/\/www.cumberlandriver.com.au\/wp-content\/uploads\/2022\/11\/icon-hedges.png\" class=\"attachment-medium size-medium\" alt=\"Hedges Icon\" \/>\t\t\t\t\t<\/div>\n\t\t\t\t<\/div>\n\t\t\t<\/div>\n\t\t\t\t<div class=\"icon-box-text last-reset\">\n\t\t\t\t\t\t\t\t\t\n\t<div id=\"text-25554551\" class=\"text\">\n\t\t\n<p>Cobertura<\/p>\n\t\t\n<style>\n#text-25554551 {\n  font-size: 1rem;\n  line-height: 1.25;\n}\n<\/style>\n\t<\/div>\n\t\n\t\t<\/div>\n\t<\/div>\n\t\n\t\n\t\t<\/div>\n\t\t\t\t\n<style>\n#col-1206604397 > .col-inner {\n  padding: 20px 20px 20px 20px;\n  border-radius: 5px;\n}\n<\/style>\n\t<\/div>\n\n\t\n<\/div>\n<div class=\"row align-center\"  id=\"row-2103432831\">\n\n\t<div id=\"col-254172977\" class=\"col medium-8 small-12 large-8\"  >\n\t\t\t\t<div class=\"col-inner\"  >\n\t\t\t\n\t\t\t\n\n\t<a class=\"plain\" href=\"\/wp-content\/uploads\/2022\/10\/CUMBERLAND_RIVER_PARK_HP_MAP-1.pdf\" target=\"_blank\" rel=\"noopener\" >\t<div class=\"icon-box featured-box icon-box-left text-left\"  >\n\t\t\t\t\t<div class=\"icon-box-img\" style=\"width: 45px\">\n\t\t\t\t<div class=\"icon\">\n\t\t\t\t\t<div class=\"icon-inner\" style=\"color:rgb(64, 100, 37);\">\n\t\t\t\t\t\t<?xml version=\"1.0\" encoding=\"utf-8\"?>\n<!-- Generator: Adobe Illustrator 25.4.1, SVG Export Plug-In . SVG Version: 6.00 Build 0)  -->\n<svg version=\"1.1\" id=\"Layer_1\" xmlns=\"http:\/\/www.w3.org\/2000\/svg\" xmlns:xlink=\"http:\/\/www.w3.org\/1999\/xlink\" x=\"0px\" y=\"0px\"\n\t viewBox=\"0 0 409.6 512\" style=\"enable-background:new 0 0 409.6 512;\" xml:space=\"preserve\">\n<path d=\"M256.1,0H64C28.7,0,0,28.7,0,64v384c0,35.3,28.7,64,64,64h281.6c35.3,0,64-28.7,64-64V153.6L256.1,0z M360.3,140.8h-53.1\n\tc-21.2,0-38.4-17.2-38.4-38.4V49.1L360.3,140.8z M384,448c0,21.2-17.2,38.4-38.4,38.4H64c-21.2,0-38.4-17.2-38.4-38.4V64\n\tc0-21.2,17.2-38.4,38.4-38.4h179.2v76.8c0,35.3,28.7,64,64,64H384V448z\"\/>\n<g>\n\t<path d=\"M136.8,291.6c-6.4,5.3-15.5,8-27.4,8H86.6v39.3H63.9V229.6h46.9c10.8,0,19.4,2.8,25.9,8.5c6.4,5.6,9.7,14.4,9.7,26.2\n\t\tC146.4,277.1,143.2,286.2,136.8,291.6z M119.3,252.2c-2.9-2.4-6.9-3.6-12.2-3.6H86.5v32.2h20.6c5.2,0,9.3-1.3,12.2-3.9\n\t\ts4.3-6.8,4.3-12.5C123.7,258.7,122.2,254.6,119.3,252.2z\"\/>\n\t<path d=\"M228.7,231.9c7.7,2.5,13.9,7.1,18.6,13.9c3.8,5.4,6.4,11.3,7.8,17.7c1.4,6.3,2.1,12.4,2.1,18.1c0,14.5-2.9,26.8-8.8,36.9\n\t\tc-7.9,13.6-20.1,20.4-36.7,20.4h-47.1V229.6h47.2C218.6,229.7,224.2,230.5,228.7,231.9z M186.9,248.6v71.3H208\n\t\tc10.8,0,18.3-5.3,22.6-15.9c2.3-5.8,3.5-12.8,3.5-20.8c0-11.1-1.7-19.7-5.2-25.6c-3.5-6-10.4-8.9-20.8-8.9h-21.2V248.6z\"\/>\n\t<path d=\"M274.4,229.7h77.9v19.2H297V274h48.4v19H297v45.8h-22.7V229.7H274.4z\"\/>\n<\/g>\n<\/svg>\n\t\t\t\t\t<\/div>\n\t\t\t\t<\/div>\n\t\t\t<\/div>\n\t\t\t\t<div class=\"icon-box-text last-reset\">\n\t\t\t\t\t\t\t\t\t\r\n\r\n\t<div id=\"text-3951771995\" class=\"text\">\n\t\t\r\n\r\n<h5>Descargar el mapa del sitio<\/h5>\nDescargue este peque\u00f1o y pr\u00e1ctico mapa del sitio para familiarizarse con la ubicaci\u00f3n de las caba\u00f1as y las parcelas para su llegada y durante su estancia con nosotros.\r\n\t\t\n<style>\n#text-3951771995 {\n  font-size: 1rem;\n  line-height: 1.25;\n}\n<\/style>\n\t<\/div>\n\t\r\n\r\n\t\t<\/div>\n\t<\/div>\n\t<\/a>\n\t\n\t\t<\/div>\n\t\t\t\t\t<\/div>\n\n\t\n<\/div>\n","protected":false},"excerpt":{"rendered":"","protected":false},"author":1,"featured_media":0,"parent":9683,"menu_order":50,"comment_status":"closed","ping_status":"closed","template":"","meta":{"footnotes":""},"class_list":["post-9712","page","type-page","status-publish","hentry"],"_links":{"self":[{"href":"https:\/\/www.cumberlandriver.com.au\/es\/wp-json\/wp\/v2\/pages\/9712","targetHints":{"allow":["GET"]}}],"collection":[{"href":"https:\/\/www.cumberlandriver.com.au\/es\/wp-json\/wp\/v2\/pages"}],"about":[{"href":"https:\/\/www.cumberlandriver.com.au\/es\/wp-json\/wp\/v2\/types\/page"}],"author":[{"embeddable":true,"href":"https:\/\/www.cumberlandriver.com.au\/es\/wp-json\/wp\/v2\/users\/1"}],"replies":[{"embeddable":true,"href":"https:\/\/www.cumberlandriver.com.au\/es\/wp-json\/wp\/v2\/comments?post=9712"}],"version-history":[{"count":0,"href":"https:\/\/www.cumberlandriver.com.au\/es\/wp-json\/wp\/v2\/pages\/9712\/revisions"}],"up":[{"embeddable":true,"href":"https:\/\/www.cumberlandriver.com.au\/es\/wp-json\/wp\/v2\/pages\/9683"}],"wp:attachment":[{"href":"https:\/\/www.cumberlandriver.com.au\/es\/wp-json\/wp\/v2\/media?parent=9712"}],"curies":[{"name":"wp","href":"https:\/\/api.w.org\/{rel}","templated":true}]}}