{"id":9719,"date":"2021-11-15T21:51:31","date_gmt":"2021-11-15T10:51:31","guid":{"rendered":"https:\/\/cumberlandriver.com.au\/acerca-de\/historia-de-cumberland\/"},"modified":"2025-05-11T22:16:47","modified_gmt":"2025-05-11T12:16:47","slug":"historia-de-cumberland","status":"publish","type":"page","link":"https:\/\/www.cumberlandriver.com.au\/es\/acerca-de\/historia-de-cumberland\/","title":{"rendered":"Historia de Cumberland"},"content":{"rendered":"\n\t<section class=\"section\" id=\"section_116018671\">\n\t\t<div class=\"section-bg fill\" >\n\t\t\t\t\t\t\t\t\t\n\t\t\t\n\n\t\t<\/div>\n\n\t\t\n\n\t\t<div class=\"section-content relative\">\n\t\t\t\n<div class=\"row row-collapse\"  id=\"row-1221444109\">\n\n\t<div id=\"col-1978925840\" class=\"col small-12 large-12\"  >\n\t\t\t\t<div class=\"col-inner\"  >\n\t\t\t\n\t\t\t\n<div class=\"slider-wrapper relative\" id=\"slider-964241065\" >\n    <div class=\"slider slider-type-fade slider-nav-circle slider-nav-large slider-nav-light slider-style-normal slider-show-nav\"\n        data-flickity-options='{\n            \"cellAlign\": \"center\",\n            \"imagesLoaded\": true,\n            \"lazyLoad\": 1,\n            \"freeScroll\": false,\n            \"wrapAround\": true,\n            \"autoPlay\": 6000,\n            \"pauseAutoPlayOnHover\" : true,\n            \"prevNextButtons\": true,\n            \"contain\" : true,\n            \"adaptiveHeight\" : true,\n            \"dragThreshold\" : 10,\n            \"percentPosition\": true,\n            \"pageDots\": true,\n            \"rightToLeft\": false,\n            \"draggable\": true,\n            \"selectedAttraction\": 0.1,\n            \"parallax\" : 0,\n            \"friction\": 0.6        }'\n        >\n        \n\t<div class=\"img has-hover round x md-x lg-x y md-y lg-y\" id=\"image_2025976543\">\n\t\t\t\t\t\t\t\t<div class=\"img-inner dark\" >\n\t\t\t<img decoding=\"async\" width=\"900\" height=\"550\" src=\"https:\/\/www.cumberlandriver.com.au\/wp-content\/uploads\/2021\/11\/history-image-1.jpg\" class=\"attachment-large size-large\" alt=\"\" srcset=\"https:\/\/www.cumberlandriver.com.au\/wp-content\/uploads\/2021\/11\/history-image-1.jpg 900w, https:\/\/www.cumberlandriver.com.au\/wp-content\/uploads\/2021\/11\/history-image-1-300x183.jpg 300w, https:\/\/www.cumberlandriver.com.au\/wp-content\/uploads\/2021\/11\/history-image-1-768x469.jpg 768w\" sizes=\"(max-width: 900px) 100vw, 900px\" \/>\t\t\t\t\t\t\n\t\t\t\t\t<\/div>\n\t\t\t\t\t\t\t\t\n<style>\n#image_2025976543 {\n  width: 100%;\n}\n<\/style>\n\t<\/div>\n\t\n\t<div class=\"img has-hover x md-x lg-x y md-y lg-y\" id=\"image_660924045\">\n\t\t\t\t\t\t\t\t<div class=\"img-inner dark\" >\n\t\t\t<img decoding=\"async\" width=\"900\" height=\"550\" src=\"https:\/\/www.cumberlandriver.com.au\/wp-content\/uploads\/2021\/11\/history-image-2.jpg\" class=\"attachment-large size-large\" alt=\"\" srcset=\"https:\/\/www.cumberlandriver.com.au\/wp-content\/uploads\/2021\/11\/history-image-2.jpg 900w, https:\/\/www.cumberlandriver.com.au\/wp-content\/uploads\/2021\/11\/history-image-2-300x183.jpg 300w, https:\/\/www.cumberlandriver.com.au\/wp-content\/uploads\/2021\/11\/history-image-2-768x469.jpg 768w\" sizes=\"(max-width: 900px) 100vw, 900px\" \/>\t\t\t\t\t\t\n\t\t\t\t\t<\/div>\n\t\t\t\t\t\t\t\t\n<style>\n#image_660924045 {\n  width: 100%;\n}\n<\/style>\n\t<\/div>\n\t\n\t<div class=\"img has-hover x md-x lg-x y md-y lg-y\" id=\"image_667819628\">\n\t\t\t\t\t\t\t\t<div class=\"img-inner dark\" >\n\t\t\t<img decoding=\"async\" width=\"900\" height=\"550\" src=\"https:\/\/www.cumberlandriver.com.au\/wp-content\/uploads\/2021\/11\/history-image-6.jpg\" class=\"attachment-large size-large\" alt=\"\" srcset=\"https:\/\/www.cumberlandriver.com.au\/wp-content\/uploads\/2021\/11\/history-image-6.jpg 900w, https:\/\/www.cumberlandriver.com.au\/wp-content\/uploads\/2021\/11\/history-image-6-300x183.jpg 300w, https:\/\/www.cumberlandriver.com.au\/wp-content\/uploads\/2021\/11\/history-image-6-768x469.jpg 768w\" sizes=\"(max-width: 900px) 100vw, 900px\" \/>\t\t\t\t\t\t\n\t\t\t\t\t<\/div>\n\t\t\t\t\t\t\t\t\n<style>\n#image_667819628 {\n  width: 100%;\n}\n<\/style>\n\t<\/div>\n\t\n\t<div class=\"img has-hover x md-x lg-x y md-y lg-y\" id=\"image_1901575258\">\n\t\t\t\t\t\t\t\t<div class=\"img-inner dark\" >\n\t\t\t<img decoding=\"async\" width=\"1020\" height=\"624\" src=\"https:\/\/www.cumberlandriver.com.au\/wp-content\/uploads\/2021\/11\/history-image-5-1024x626.jpg\" class=\"attachment-large size-large\" alt=\"\" srcset=\"https:\/\/www.cumberlandriver.com.au\/wp-content\/uploads\/2021\/11\/history-image-5-1024x626.jpg 1024w, https:\/\/www.cumberlandriver.com.au\/wp-content\/uploads\/2021\/11\/history-image-5-300x183.jpg 300w, https:\/\/www.cumberlandriver.com.au\/wp-content\/uploads\/2021\/11\/history-image-5-768x469.jpg 768w, https:\/\/www.cumberlandriver.com.au\/wp-content\/uploads\/2021\/11\/history-image-5-1536x939.jpg 1536w, https:\/\/www.cumberlandriver.com.au\/wp-content\/uploads\/2021\/11\/history-image-5.jpg 1800w\" sizes=\"(max-width: 1020px) 100vw, 1020px\" \/>\t\t\t\t\t\t\n\t\t\t\t\t<\/div>\n\t\t\t\t\t\t\t\t\n<style>\n#image_1901575258 {\n  width: 100%;\n}\n<\/style>\n\t<\/div>\n\t\n     <\/div>\n\n     <div class=\"loading-spin dark large centered\"><\/div>\n\n\t<\/div>\n\n\n\t\t<\/div>\n\t\t\t\t\t<\/div>\n\n\t\n<\/div>\n\t\t<\/div>\n\n\t\t\n<style>\n#section_116018671 {\n  padding-top: 0px;\n  padding-bottom: 0px;\n}\n<\/style>\n\t<\/section>\n\t\n\n\t<section class=\"section\" id=\"section_429302788\">\n\t\t<div class=\"section-bg fill\" >\n\t\t\t\t\t\t\t\t\t\n\t\t\t\n\n\t\t<\/div>\n\n\t\t\n\n\t\t<div class=\"section-content relative\">\n\t\t\t\n<div class=\"row\"  id=\"row-1311550129\">\n\n\t<div id=\"col-600195506\" class=\"col medium-12 small-12 large-7\"  >\n\t\t\t\t<div class=\"col-inner text-left\" style=\"background-color:rgb(238, 243, 238);\" >\n\t\t\t\n\t\t\t\n\t<div id=\"text-3494271160\" class=\"text\">\n\t\t\n<h1>La historia del r\u00edo Cumberland<\/h1>\n\t\t\n<style>\n#text-3494271160 {\n  font-size: 1.75rem;\n  text-align: left;\n}\n<\/style>\n\t<\/div>\n\t\n\t\t<\/div>\n\t\t\t\t\n<style>\n#col-600195506 > .col-inner {\n  padding: 35px 0px 0px 0px;\n  margin: 2px 0px -30px 0px;\n  border-radius: 5px;\n}\n@media (min-width:850px) {\n  #col-600195506 > .col-inner {\n    margin: -106px 0px -30px 0px;\n  }\n}\n<\/style>\n\t<\/div>\n\n\t\n\n\t<div id=\"col-1072643010\" class=\"col medium-6 small-12 large-6\"  >\n\t\t\t\t<div class=\"col-inner\"  >\n\t\t\t\n\t\t\t\n<h2>Historia temprana del r\u00edo Cumberland<\/h2>\n<p>La zona se utiliz\u00f3 para la tala de \u00e1rboles a finales del siglo XIX (y de nuevo en 1965). La llegada de la Ocean Road abri\u00f3 la costa en 1932. Los primeros accesos a Lorne se hac\u00edan a trav\u00e9s de la carretera de Dean&#8217;s March, y en 1919 se abri\u00f3 la Ocean Road entre Lorne y St George River. El tramo desde Airey&#8217;s Inlet hasta Lorne se inaugur\u00f3 en 1922.<\/p>\n<p>No est\u00e1 claro cu\u00e1ndo lleg\u00f3 la carretera a Cumberland River, pero habr\u00eda sido en el periodo comprendido entre 1924-28. El \u00faltimo tramo que se abri\u00f3 fue el de Mt Defiance en 1932.<\/p>\n\t\t<\/div>\n\t\t\t\t\t<\/div>\n\n\t\n\n\t<div id=\"col-832738414\" class=\"col medium-6 small-12 large-6\"  >\n\t\t\t\t<div class=\"col-inner\"  >\n\t\t\t\n\t\t\t\n<p>Durante el periodo de construcci\u00f3n (1920-32), m\u00e1s de 300 hombres acamparon en los r\u00edos Sheoak, Cumberland y Jamieson. De hecho, estos lugares se utilizaron peri\u00f3dicamente como campamentos base hasta la d\u00e9cada de 1970.<\/p>\n<p>A principios de este siglo exist\u00eda una casa de pescadores (casi en la misma posici\u00f3n que la residencia actual), pero fue demolida en 1932.<\/p>\n<a href=\"https:\/\/www.cumberlandriver.com.au\/es\/acerca-de\/\" class=\"button primary is-underline\" >\n\t\t<span>M\u00e1s informaci\u00f3n sobre nosotros<\/span>\n\t<\/a>\n\n\t\t<\/div>\n\t\t\t\t\t<\/div>\n\n\t\n<\/div>\n\t\t<\/div>\n\n\t\t\n<style>\n#section_429302788 {\n  padding-top: 0px;\n  padding-bottom: 0px;\n}\n<\/style>\n\t<\/section>\n\t\n\n\t<section class=\"section\" id=\"section_1544114111\">\n\t\t<div class=\"section-bg fill\" >\n\t\t\t\t\t\t\t\t\t\n\t\t\t\n\n\t\t<\/div>\n\n\t\t\n\n\t\t<div class=\"section-content relative\">\n\t\t\t\n\t<div class=\"img has-hover round x md-x lg-x y md-y lg-y\" id=\"image_1468456500\">\n\t\t\t\t\t\t\t\t<div class=\"img-inner dark\" >\n\t\t\t<img decoding=\"async\" width=\"900\" height=\"550\" src=\"https:\/\/www.cumberlandriver.com.au\/wp-content\/uploads\/2021\/11\/history-image-3.jpg\" class=\"attachment-large size-large\" alt=\"\" srcset=\"https:\/\/www.cumberlandriver.com.au\/wp-content\/uploads\/2021\/11\/history-image-3.jpg 900w, https:\/\/www.cumberlandriver.com.au\/wp-content\/uploads\/2021\/11\/history-image-3-300x183.jpg 300w, https:\/\/www.cumberlandriver.com.au\/wp-content\/uploads\/2021\/11\/history-image-3-768x469.jpg 768w\" sizes=\"(max-width: 900px) 100vw, 900px\" \/>\t\t\t\t\t\t\n\t\t\t\t\t<\/div>\n\t\t\t\t\t\t\t\t\n<style>\n#image_1468456500 {\n  width: 100%;\n}\n<\/style>\n\t<\/div>\n\t\n<div class=\"row align-right\"  id=\"row-1884310922\">\n\n\t<div id=\"col-1717534127\" class=\"col medium-7 small-12 large-8\"  >\n\t\t\t\t<div class=\"col-inner\" style=\"background-color:rgb(238, 243, 238);\" >\n\t\t\t\n\t\t\t\n<h2>Celebraciones del centenario de Victoria en 1934<\/h2>\n<p>La historia de nuestro r\u00edo Cumberland se remonta a principios de la d\u00e9cada de 1930, cuando se construyeron las primeras instalaciones: los bloques de aseos (demolidos en 1998) y la caba\u00f1a de picnic (llamada rotonda). El Duque de Gloucester iba a visitar la zona para hacer una barbacoa y pasear por Jebb&#8217;s Pool. En el extremo norte de la zona de acampada se construyeron una gran zona de barbacoa y una mesa, construidas con piedras de r\u00edo. Adem\u00e1s, se construyeron dos puentes peatonales r\u00edo arriba (ver fotos), pero fueron arrasados en alg\u00fan momento entre 1945 y 1950.<\/p>\n\t\t<\/div>\n\t\t\t\t\n<style>\n#col-1717534127 > .col-inner {\n  padding: 30px 0px 0px 0px;\n  margin: 1px 0px 0px 0px;\n  border-radius: 5px;\n}\n@media (min-width:550px) {\n  #col-1717534127 > .col-inner {\n    padding: 30px 30px 0px 30px;\n    margin: -245px 0px 0px 0px;\n  }\n}\n<\/style>\n\t<\/div>\n\n\t\n<\/div>\n\t\t<\/div>\n\n\t\t\n<style>\n#section_1544114111 {\n  padding-top: 0px;\n  padding-bottom: 0px;\n}\n<\/style>\n\t<\/section>\n\t\n\n\t<section class=\"section\" id=\"section_1255558117\">\n\t\t<div class=\"section-bg fill\" >\n\t\t\t\t\t\t\t\t\t\n\t\t\t\n\n\t\t<\/div>\n\n\t\t\n\n\t\t<div class=\"section-content relative\">\n\t\t\t\n\t<div class=\"img has-hover round x md-x lg-x y md-y lg-y\" id=\"image_1803692943\">\n\t\t\t\t\t\t\t\t<div class=\"img-inner dark\" >\n\t\t\t<img decoding=\"async\" width=\"900\" height=\"550\" src=\"https:\/\/www.cumberlandriver.com.au\/wp-content\/uploads\/2021\/11\/history-image-7.jpg\" class=\"attachment-large size-large\" alt=\"\" srcset=\"https:\/\/www.cumberlandriver.com.au\/wp-content\/uploads\/2021\/11\/history-image-7.jpg 900w, https:\/\/www.cumberlandriver.com.au\/wp-content\/uploads\/2021\/11\/history-image-7-300x183.jpg 300w, https:\/\/www.cumberlandriver.com.au\/wp-content\/uploads\/2021\/11\/history-image-7-768x469.jpg 768w\" sizes=\"(max-width: 900px) 100vw, 900px\" \/>\t\t\t\t\t\t\n\t\t\t\t\t<\/div>\n\t\t\t\t\t\t\t\t\n<style>\n#image_1803692943 {\n  width: 100%;\n}\n<\/style>\n\t<\/div>\n\t\n<div class=\"row\"  id=\"row-1203924850\">\n\n\t<div id=\"col-1041069298\" class=\"col medium-6 small-12 large-6\"  >\n\t\t\t\t<div class=\"col-inner\" style=\"background-color:rgb(238, 243, 238);\" >\n\t\t\t\n\t\t\t\n<h2>Zona de acampada<\/h2>\n<p>El parque se abri\u00f3 como zona de acampada a principios de los a\u00f1os 30 bajo el control de la Country Roads Board (C.R.B.), actual VicRoads. Se trataba de un plan abierto sin sitios marcados. El Comit\u00e9 de Lorne Foreshore tom\u00f3 el control en 1959, pero el parque permaneci\u00f3 con la planta abierta hasta 1962. Ya a mediados de la d\u00e9cada de 1940, y ciertamente en la d\u00e9cada de 1950, se levantaban hasta 100 campamentos durante el periodo de Navidad\/A\u00f1o Nuevo. A principios de la d\u00e9cada de 1950, el agua se transportaba diariamente al r\u00edo Wye desde un grifo situado cerca de la caba\u00f1a 13.<\/p>\n<p>En 1962, la normativa sanitaria limit\u00f3 el n\u00famero de emplazamientos a 48 y se introdujo la numeraci\u00f3n de los mismos. Las 48 parcelas estaban situadas en la parte delantera y el resto del parque estaba vallado con alambre de espino.<\/p>\n<p>La capacidad se increment\u00f3 progresivamente a finales de la d\u00e9cada de 1960, despu\u00e9s de que los Rangers comenzaran a vivir en el lugar.<\/p>\n<p>El siguiente cambio importante fue el arrendamiento de la zona de acampada por parte del Lorne Foreshore Committee a un operador privado (Ganges Pty Ltd) en diciembre de 1997.<\/p>\n<p>Muchas familias tienen una larga relaci\u00f3n con el parque. Nombres como Barber (Bouckley), Bishop (Brown, Koltuniewicz, Wall), Fieldew, Fink, Hulett, Jones Khight, Marshall (Ian y Beth Smith), Pearson, Plunkett (Lazaro), Reivers (Leoford), Alex y Tony Smith, Stockman (Hemsley) y Williamson (Payne) llevan veraneando en el r\u00edo Cumberland entre 40 y 90 a\u00f1os, en el caso de la familia Plunkett. <\/p>\n<a href=\"https:\/\/www.cumberlandriver.com.au\/es\/contacte-con\/\" class=\"button primary is-underline\" >\n\t\t<span>Contacte con nosotros hoy mismo<\/span>\n\t<\/a>\n\n\t\t<\/div>\n\t\t\t\t\n<style>\n#col-1041069298 > .col-inner {\n  padding: 30px 0px 0px 0px;\n  margin: 0px 0px 0px 0px;\n  border-radius: 5px;\n}\n@media (min-width:550px) {\n  #col-1041069298 > .col-inner {\n    padding: 30px 30px 30px 30px;\n    margin: -190px 0px 0px 0px;\n  }\n}\n@media (min-width:850px) {\n  #col-1041069298 > .col-inner {\n    margin: -300px 0px 0px 0px;\n  }\n}\n<\/style>\n\t<\/div>\n\n\t\n\n\t<div id=\"col-1496624397\" class=\"col medium-6 small-12 large-6\"  >\n\t\t\t\t<div class=\"col-inner\" style=\"background-color:rgb(238, 243, 238);\" >\n\t\t\t\n\t\t\t\n\n\t\t<div class=\"icon-box featured-box icon-box-top text-left\"  style=\"margin:30px 0px 0px 0px;\">\n\t\t\t\t\t<div class=\"icon-box-img\" style=\"width: 60px\">\n\t\t\t\t<div class=\"icon\">\n\t\t\t\t\t<div class=\"icon-inner\" style=\"color:rgb(64, 100, 37);\">\n\t\t\t\t\t\t<?xml version=\"1.0\" encoding=\"utf-8\"?>\n<!-- Generator: Adobe Illustrator 25.4.1, SVG Export Plug-In . SVG Version: 6.00 Build 0)  -->\n<svg version=\"1.1\" id=\"Layer_1\" xmlns=\"http:\/\/www.w3.org\/2000\/svg\" xmlns:xlink=\"http:\/\/www.w3.org\/1999\/xlink\" x=\"0px\" y=\"0px\"\n\t viewBox=\"0 0 43.2 38.2\" style=\"enable-background:new 0 0 43.2 38.2;\" xml:space=\"preserve\">\n<g>\n\t<path d=\"M7.7,19.5c0,1.4,0.8,2.1,2.5,2.2h2.6c1.8,0.1,3.4,0.9,4.8,2.5c1.3,1.6,2,3.3,2,5.3c0,2.4-0.9,4.5-2.6,6.1\n\t\tc-1.7,1.7-3.9,2.5-6.5,2.5c-3,0-5.5-1.2-7.5-3.6C1,32.2,0,29.2,0,25.4c0-7,2.7-14.1,8.2-21.4c2-2.7,3.7-4,5.2-4\n\t\tc1.7,0,2.5,0.9,2.5,2.6c0,0.7-0.5,1.7-1.4,2.9c-1.7,2.2-3.3,4.7-4.7,7.6C8.4,16,7.7,18.1,7.7,19.5z M31.4,19.5\n\t\tc0,1.4,0.8,2.1,2.5,2.2h2.6c1.7,0.1,3.3,0.9,4.6,2.5c1.3,1.6,2,3.3,2,5.3c0,2.4-0.9,4.5-2.6,6.1c-1.7,1.7-3.9,2.5-6.5,2.5\n\t\tc-3,0-5.5-1.2-7.5-3.6c-2-2.4-2.9-5.5-2.9-9.2c0-7,2.7-14.1,8.2-21.4c2-2.7,3.7-4,5.2-4c1.7,0,2.5,0.9,2.5,2.6\n\t\tc0,0.7-0.5,1.7-1.4,2.9c-2.3,3-4.3,6.5-5.9,10.6C31.7,17.5,31.4,18.7,31.4,19.5z\"\/>\n<\/g>\n<\/svg>\n\t\t\t\t\t<\/div>\n\t\t\t\t<\/div>\n\t\t\t<\/div>\n\t\t\t\t<div class=\"icon-box-text last-reset\">\n\t\t\t\t\t\t\t\t\t\n<h2>Un poema escrito por Dot Fieldew hace algunos a\u00f1os parece resumir la vida en Cumberland:<\/h2>\n<p class=\"lead\">Algunos vienen de cerca y muchos de lejos, con remolque o caravana acoplada a su coche. Nos apresuramos y trabajamos para arreglar la tienda, instalarnos en nuestras vacaciones y pagar el alquiler. Luchamos contra todos los elementos, el viento y la lluvia, Y el fr\u00edo que nos hace temblar, Luego saldr\u00e1 el sol, a la playa vamos todos, \u00bfNo tenemos suerte de acampar en Cumberland River?<\/p>\n<p>&#8211; Dorothy (Dot) Fieldew 1999<\/p>\n<p><em>Gracias a Ross Plunkett por esta informaci\u00f3n.<\/em><\/p>\n\t\t<\/div>\n\t<\/div>\n\t\n\t\n\t\t<\/div>\n\t\t\t\t\t<\/div>\n\n\t\n<\/div>\n\t\t<\/div>\n\n\t\t\n<style>\n#section_1255558117 {\n  padding-top: 0px;\n  padding-bottom: 0px;\n}\n<\/style>\n\t<\/section>\n\t\n","protected":false},"excerpt":{"rendered":"","protected":false},"author":1,"featured_media":0,"parent":9683,"menu_order":60,"comment_status":"closed","ping_status":"closed","template":"","meta":{"footnotes":""},"class_list":["post-9719","page","type-page","status-publish","hentry"],"_links":{"self":[{"href":"https:\/\/www.cumberlandriver.com.au\/es\/wp-json\/wp\/v2\/pages\/9719","targetHints":{"allow":["GET"]}}],"collection":[{"href":"https:\/\/www.cumberlandriver.com.au\/es\/wp-json\/wp\/v2\/pages"}],"about":[{"href":"https:\/\/www.cumberlandriver.com.au\/es\/wp-json\/wp\/v2\/types\/page"}],"author":[{"embeddable":true,"href":"https:\/\/www.cumberlandriver.com.au\/es\/wp-json\/wp\/v2\/users\/1"}],"replies":[{"embeddable":true,"href":"https:\/\/www.cumberlandriver.com.au\/es\/wp-json\/wp\/v2\/comments?post=9719"}],"version-history":[{"count":0,"href":"https:\/\/www.cumberlandriver.com.au\/es\/wp-json\/wp\/v2\/pages\/9719\/revisions"}],"up":[{"embeddable":true,"href":"https:\/\/www.cumberlandriver.com.au\/es\/wp-json\/wp\/v2\/pages\/9683"}],"wp:attachment":[{"href":"https:\/\/www.cumberlandriver.com.au\/es\/wp-json\/wp\/v2\/media?parent=9719"}],"curies":[{"name":"wp","href":"https:\/\/api.w.org\/{rel}","templated":true}]}}