{"id":9760,"date":"2021-11-13T14:53:29","date_gmt":"2021-11-13T03:53:29","guid":{"rendered":"https:\/\/cumberlandriver.com.au\/tarifas-de-los-parques-de-vacaciones\/"},"modified":"2026-05-03T22:26:04","modified_gmt":"2026-05-03T12:26:04","slug":"tarifas-de-los-parques-de-vacaciones","status":"publish","type":"page","link":"https:\/\/www.cumberlandriver.com.au\/es\/politicas\/tarifas-de-los-parques-de-vacaciones\/","title":{"rendered":"Tarifas de los parques de vacaciones"},"content":{"rendered":"<div class=\"row\"  id=\"row-280295731\">\n\n\t<div id=\"col-1869148438\" class=\"col medium-4 small-12 large-4 col-divided\"  >\n\t\t\t\t<div class=\"col-inner\"  >\n\t\t\t\n\t\t\t\n<h3>Nuestras pol\u00edticas<\/h3>\n<div class=\"nav-wrapper\"><ul class=\"nav nav-uppercase nav-vertical nav-line text-left nav-left\"><p class=\"lead shortcode-error text-center\">Sorry, no pages was found<\/p><\/ul><\/div>\n\t\t<\/div>\n\t\t\t\t\t<\/div>\n\n\t\n\n\t<div id=\"col-422416642\" class=\"col medium-8 small-12 large-8 col-divided\"  >\n\t\t\t\t<div class=\"col-inner\"  >\n\t\t\t\n\t\t\t\n<h1>Tarifas de los parques de vacaciones<\/h1>\n\t<div id=\"text-4003920458\" class=\"text\">\n\t\t\n<p>Tarifa vigente del 01\/07\/2026 al 30\/06\/2027. Tarifa base: Incluye hasta 2 personas. Restricciones: Solo se permite un veh\u00edculo por parcela o caba\u00f1a.<\/p>\n\t\t\n<style>\n#text-4003920458 {\n  color: rgb(100, 100, 100);\n}\n#text-4003920458 > * {\n  color: rgb(100, 100, 100);\n}\n<\/style>\n\t<\/div>\n\t\n\t<div id=\"text-509810057\" class=\"text\">\n\t\t\n\n<p><strong>Temporada alta<\/strong>: del 21 de diciembre al 31 de enero, D\u00eda del Trabajo, Semana Santa, fin de semana de la Gran Final y fin de semana de la Copa de Melbourne.<br>(Se requiere un m\u00ednimo de noches para reservar).<br><strong>Hombro<\/strong> - 1 de febrero - 31 de mayo. Fin de semana largo de junio, del 1 de septiembre al 20 de diciembre (excluyendo todos los fines de semana largos)<br><strong>Fuera de temporada<\/strong> - 1 de junio - 31 de agosto, excluyendo el fin de semana largo de junio.<\/p>\n\t\t\n<style>\n#text-509810057 {\n  font-size: 0.85rem;\n  line-height: 1.3;\n  color: rgb(100, 100, 100);\n}\n#text-509810057 > * {\n  color: rgb(100, 100, 100);\n}\n<\/style>\n\t<\/div>\n\t\n<div class=\"is-divider divider clearfix\" style=\"margin-top:30px;margin-bottom:30px;max-width:100%;height:1px;\"><\/div>\n<table>\n<thead>\n<tr>\n<th colspan=\"3\"><a href=\"https:\/\/www.cumberlandriver.com.au\/es\/alojamiento\/unidades-con-vistas-al-rio\/\">Unidades con vista al r\u00edo<\/a><\/th>\n<\/tr>\n<\/thead>\n<tbody>\n<tr>\n<td colspan=\"3\">Casa de lujo con 3 habitaciones y 2 ba\u00f1os. Habitaci\u00f3n 1: cama queen con ba\u00f1o privado. Habitaci\u00f3n 2: cama doble. Habitaci\u00f3n 3: litera. Cocina equipada con estufa de gas, refrigerador, calentador de gas, TV y un enchufe de baja potencia para cargar computadoras port\u00e1tiles, tel\u00e9fonos y bater\u00edas. Capacidad para 6 personas. Se proporcionan s\u00e1banas y toallas.  <\/td>\n<\/tr>\n<tr>\n<td> <\/td>\n<td> <\/td>\n<td><strong>Persona adicional<\/strong><\/td>\n<\/tr>\n<tr>\n<td valign=\"top\">Precio m\u00e1ximo<\/td>\n<td valign=\"top\">AUD $400.00<\/td>\n<td valign=\"top\">$40.00<\/td>\n<\/tr>\n<tr>\n<td valign=\"top\">Hombro<\/td>\n<td valign=\"top\">360,00 AUD<\/td>\n<td valign=\"top\">40,00 AUD<\/td>\n<\/tr>\n<tr>\n<td valign=\"top\">Fuera de las horas punta<\/td>\n<td valign=\"top\">265,00 AUD<\/td>\n<td valign=\"top\">40,00 AUD<\/td>\n<\/tr>\n<\/tbody>\n<\/table>\n<div class=\"is-divider divider clearfix\" style=\"margin-top:30px;margin-bottom:30px;max-width:100%;height:1px;\"><\/div>\n<table>\n<thead>\n<tr>\n<th colspan=\"3\"><a href=\"https:\/\/www.cumberlandriver.com.au\/es\/alojamiento\/cabanas-de-cedro\/\">Caba\u00f1as de cedro (familiares)<\/a><\/th>\n<\/tr>\n<\/thead>\n<tbody>\n<tr>\n<td colspan=\"3\">Caba\u00f1a de 2 habitaciones con cama de matrimonio y 2 literas, cocina completa con estufa de gas grande, refrigerador, calentador de gas y TV, 1 toma de corriente de baja potencia para cargar computadoras port\u00e1tiles, tel\u00e9fonos y bater\u00edas. Capacidad para 6 personas.  Se proporcionan todas las s\u00e1banas y toallas.<\/td>\n<\/tr>\n<tr>\n<td> <\/td>\n<td> <\/td>\n<td><strong>Persona adicional<\/strong><\/td>\n<\/tr>\n<tr>\n<td valign=\"top\">Precio m\u00e1ximo<\/td>\n<td valign=\"top\">330,00 AUD<\/td>\n<td valign=\"top\">40,00 AUD<\/td>\n<\/tr>\n<tr>\n<td valign=\"top\">Hombro<\/td>\n<td valign=\"top\">290,00 AUD<\/td>\n<td valign=\"top\">40,00 AUD<\/td>\n<\/tr>\n<tr>\n<td valign=\"top\">Fuera de las horas punta<\/td>\n<td valign=\"top\">220,00 AUD<\/td>\n<td valign=\"top\">40,00 AUD<\/td>\n<\/tr>\n<\/tbody>\n<\/table>\n<table>\n<thead>\n<tr>\n<th colspan=\"3\"><a href=\"https:\/\/www.cumberlandriver.com.au\/es\/alojamiento\/cabanas-de-cedro\/\">Caba\u00f1as de cedro (Tr\u00edo)<\/a><\/th>\n<\/tr>\n<\/thead>\n<tbody>\n<tr>\n<td colspan=\"3\">Caba\u00f1a de 2 habitaciones con cama de matrimonio y cama doble con una individual encima, cocina completa con estufa de gas grande, refrigerador, calentador de gas y TV, 1 toma de corriente de baja potencia para cargar computadoras port\u00e1tiles, tel\u00e9fonos y bater\u00edas. Capacidad para 5 personas.  Se proporcionan todas las s\u00e1banas y toallas.<\/td>\n<\/tr>\n<tr>\n<td> <\/td>\n<td> <\/td>\n<td><strong>Persona adicional<\/strong><\/td>\n<\/tr>\n<tr>\n<td valign=\"top\">Precio m\u00e1ximo<\/td>\n<td valign=\"top\">330,00 AUD<\/td>\n<td valign=\"top\">40,00 AUD<\/td>\n<\/tr>\n<tr>\n<td valign=\"top\"><strong>Shoulder<\/strong><\/td>\n<td valign=\"top\">AUD $290.00<\/td>\n<td valign=\"top\">$40.00<\/td>\n<\/tr>\n<tr>\n<td valign=\"top\"><strong>Off-Peak<\/strong><\/td>\n<td valign=\"top\">AUD $220.00<\/td>\n<td valign=\"top\">$40.00<\/td>\n<\/tr>\n<\/tbody>\n<\/table>\n<div class=\"is-divider divider clearfix\" style=\"margin-top:30px;margin-bottom:30px;max-width:100%;height:1px;\"><\/div>\n<table>\n<thead>\n<tr>\n<th colspan=\"3\"><a href=\"https:\/\/www.cumberlandriver.com.au\/es\/alojamiento\/terreno-de-acampada\/\">Zona de acampada (jard\u00edn)<\/a><\/th>\n<\/tr>\n<\/thead>\n<tbody>\n<tr>\n<td colspan=\"3\">\n<p>Sitios sin electricidad. No hay recepci\u00f3n de televisi\u00f3n a menos que tenga su propio sat\u00e9lite. <br \/><strong>Persona adicional:<\/strong><\/p>\n<p>Gratis: Menores de 3 a\u00f1os<br \/>Ni\u00f1o: De 3 a 15 a\u00f1os<br \/>Adulto: Mayores de 16 a\u00f1os<\/p>\n<\/td>\n<\/tr>\n<tr>\n<td> <\/td>\n<td> <\/td>\n<td><strong>Persona adicional<\/strong><\/td>\n<\/tr>\n<tr>\n<td valign=\"top\">Precio m\u00e1ximo<\/td>\n<td valign=\"top\">90,00 AUD<\/td>\n<td valign=\"top\">Adulto: 40,00 AUD<br \/>Ni\u00f1o: 35,00 AUD<\/td>\n<\/tr>\n<tr>\n<td valign=\"top\">Hombro<\/td>\n<td valign=\"top\">65,00 AUD<\/td>\n<td valign=\"top\">Adulto: 30,00 AUD<br \/>Ni\u00f1o: 25,00 AUD<\/td>\n<\/tr>\n<tr>\n<td valign=\"top\">Horario fuera de hora punta<\/td>\n<td valign=\"top\">50,00 AUD<\/td>\n<td valign=\"top\">Adulto: 25,00 AUD<br \/>Ni\u00f1o: 20,00 AUD<\/td>\n<\/tr>\n<\/tbody>\n<\/table>\n<table>\n<thead>\n<tr>\n<th colspan=\"3\"><a href=\"https:\/\/www.cumberlandriver.com.au\/es\/alojamiento\/terreno-de-acampada\/\">Zona de acampada (frente al r\u00edo)<\/a><\/th>\n<\/tr>\n<\/thead>\n<tbody>\n<tr>\n<td colspan=\"3\">\n<p>Sitios sin electricidad. No hay recepci\u00f3n de televisi\u00f3n a menos que tenga su propio sat\u00e9lite. <br \/><strong>Persona adicional:<\/strong><\/p>\n<p>Gratis: Menores de 3 a\u00f1os<br \/>Ni\u00f1o: De 3 a 15 a\u00f1os<br \/>Adulto: Mayores de 16 a\u00f1os<\/p>\n<\/td>\n<\/tr>\n<tr>\n<td> <\/td>\n<td> <\/td>\n<td><strong>Persona adicional<\/strong><\/td>\n<\/tr>\n<tr>\n<td valign=\"top\">Precio m\u00e1ximo<\/td>\n<td valign=\"top\">AUD $100.00<\/td>\n<td valign=\"top\">Adulto: $40.00<br \/>Ni\u00f1o: $35.00<\/td>\n<\/tr>\n<tr>\n<td valign=\"top\">Hombro<\/td>\n<td valign=\"top\">75,00 AUD<\/td>\n<td valign=\"top\">Adulto: 30,00 AUD<br \/>Ni\u00f1o: 25,00 AUD<\/td>\n<\/tr>\n<tr>\n<td valign=\"top\">Horario fuera de hora punta<\/td>\n<td valign=\"top\">55,00 AUD<\/td>\n<td valign=\"top\">Adulto: 25,00 AUD<br \/>Ni\u00f1o: 20,00 AUD<\/td>\n<\/tr>\n<\/tbody>\n<\/table>\n\t\t<\/div>\n\t\t\t\t\t<\/div>\n\n\t\n<\/div>\n","protected":false},"excerpt":{"rendered":"","protected":false},"author":1,"featured_media":0,"parent":9785,"menu_order":0,"comment_status":"closed","ping_status":"closed","template":"","meta":{"footnotes":""},"class_list":["post-9760","page","type-page","status-publish","hentry"],"_links":{"self":[{"href":"https:\/\/www.cumberlandriver.com.au\/es\/wp-json\/wp\/v2\/pages\/9760","targetHints":{"allow":["GET"]}}],"collection":[{"href":"https:\/\/www.cumberlandriver.com.au\/es\/wp-json\/wp\/v2\/pages"}],"about":[{"href":"https:\/\/www.cumberlandriver.com.au\/es\/wp-json\/wp\/v2\/types\/page"}],"author":[{"embeddable":true,"href":"https:\/\/www.cumberlandriver.com.au\/es\/wp-json\/wp\/v2\/users\/1"}],"replies":[{"embeddable":true,"href":"https:\/\/www.cumberlandriver.com.au\/es\/wp-json\/wp\/v2\/comments?post=9760"}],"version-history":[{"count":3,"href":"https:\/\/www.cumberlandriver.com.au\/es\/wp-json\/wp\/v2\/pages\/9760\/revisions"}],"predecessor-version":[{"id":10392,"href":"https:\/\/www.cumberlandriver.com.au\/es\/wp-json\/wp\/v2\/pages\/9760\/revisions\/10392"}],"up":[{"embeddable":true,"href":"https:\/\/www.cumberlandriver.com.au\/es\/wp-json\/wp\/v2\/pages\/9785"}],"wp:attachment":[{"href":"https:\/\/www.cumberlandriver.com.au\/es\/wp-json\/wp\/v2\/media?parent=9760"}],"curies":[{"name":"wp","href":"https:\/\/api.w.org\/{rel}","templated":true}]}}