{"id":9765,"date":"2022-06-25T14:01:12","date_gmt":"2022-06-25T04:01:12","guid":{"rendered":"https:\/\/cumberlandriver.com.au\/normas-e-informacion-del-parque\/"},"modified":"2025-05-12T21:49:36","modified_gmt":"2025-05-12T11:49:36","slug":"normas-e-informacion-del-parque","status":"publish","type":"page","link":"https:\/\/www.cumberlandriver.com.au\/es\/politicas\/normas-e-informacion-del-parque\/","title":{"rendered":"Normas e informaci\u00f3n del parque"},"content":{"rendered":"<div class=\"row\"  id=\"row-1833528703\">\n\n\t<div id=\"col-127879638\" class=\"col medium-4 small-12 large-4 col-divided\"  >\n\t\t\t\t<div class=\"col-inner\"  >\n\t\t\t\n\t\t\t\n<h3>Nuestras pol\u00edticas<\/h3>\n<div class=\"nav-wrapper\"><ul class=\"nav nav-uppercase nav-vertical nav-line text-left nav-left\"><p class=\"lead shortcode-error text-center\">Sorry, no pages was found<\/p><\/ul><\/div>\n\t\t<\/div>\n\t\t\t\t\t<\/div>\n\n\t\n\n\t<div id=\"col-2144996595\" class=\"col medium-8 small-12 large-8 col-divided\"  >\n\t\t\t\t<div class=\"col-inner\"  >\n\t\t\t\n\t\t\t\n<h1>Normas e informaci\u00f3n del parque de vacaciones<\/h1>\n<h3>Horario de oficina<\/h3>\n<table>\n<thead>\n<tr>\n<th>Temporada<\/th>\n<th>D\u00edas laborables<\/th>\n<th>Fines de semana<\/th>\n<\/tr>\n<\/thead>\n<tbody>\n<tr>\n<td>Hora punta\n<\/td>\n<td>8:30am &#8211; 6:00pm<\/td>\n<td>8:30am &#8211; 6:00pm<\/td>\n<\/tr>\n<tr>\n<td>Hombro<\/td>\n<td>8:30am &#8211; 5:30pm<\/td>\n<td>8:30am &#8211; 5:30pm<\/td>\n<\/tr>\n<tr>\n<td>Fuera de temporada alta<\/td>\n<td>8:30am &#8211; 5:00pm<\/td>\n<td>8:30am &#8211; 5:00pm<\/td>\n<\/tr>\n<\/tbody>\n<\/table>\n\t<div id=\"text-670440120\" class=\"text\">\n\t\t\n\n<p><strong>Temporada alta<\/strong>: del 21 de diciembre al 31 de enero, D\u00eda del Trabajo, Semana Santa, fin de semana de la Gran Final y fin de semana de la Copa de Melbourne.<br>(Se requiere un m\u00ednimo de noches para reservar).<br><strong>Hombro<\/strong> - 1 de febrero - 31 de mayo. Fin de semana largo de junio, del 1 de septiembre al 20 de diciembre (excluyendo todos los fines de semana largos)<br><strong>Fuera de temporada<\/strong> - 1 de junio - 31 de agosto, excluyendo el fin de semana largo de junio.<\/p>\n\t\t\n<style>\n#text-670440120 {\n  font-size: 0.85rem;\n  line-height: 1.3;\n  color: rgb(100, 100, 100);\n}\n#text-670440120 > * {\n  color: rgb(100, 100, 100);\n}\n<\/style>\n\t<\/div>\n\t\n\t<div id=\"gap-1082520590\" class=\"gap-element clearfix\" style=\"display:block; height:auto;\">\n\t\t\n<style>\n#gap-1082520590 {\n  padding-top: 20px;\n}\n<\/style>\n\t<\/div>\n\t\n<a href=\"https:\/\/www.cumberlandriver.com.au\/es\/contacte-con\/\" class=\"button primary is-underline\" >\n\t\t<span>Contacto<\/span>\n\t<\/a>\n\n<div class=\"is-divider divider clearfix\" style=\"max-width:100%;height:1px;\"><\/div>\n<h2>Todos los clientes y visitantes deben respetar las siguientes normas<\/h2>\n<h4>Por favor, reg\u00edstrese y liquide su cuenta a la llegada &#8211; L\u00edmite de velocidad a ritmo de paseo<\/h4>\n<ol>\n<li><strong>Horarios de oficina<\/strong> &#8211; son estacionales y se mostrar\u00e1n en la puerta de la oficina.<\/li>\n<li><strong>Campings<\/strong> &#8211; generalmente estar\u00e1n disponibles para ser ocupados a partir de las 13:00 horas con salida estrictamente a las 10:00 horas. Un sitio constituye 1 tienda, 1 coche, 2 personas &#8211; se aplicar\u00e1n cargos adicionales bajo su tarifa para personas adicionales, tiendas de campa\u00f1a, etc. El n\u00famero m\u00e1ximo de personas por sitio es de 6.<\/li>\n<li><strong>Caravanas\/remolques camperos<\/strong> &#8211; Todas las barras de tiro deben estar orientadas hacia la carretera en caso de evacuaci\u00f3n de emergencia.<\/li>\n<li><strong>Todos los veh\u00edculos\/caravanas\/remolques-caravana<\/strong> que ocupen los sitios de los r\u00edos no deben dejarse sin vigilancia durante la noche.<\/li>\n<li><strong>Alojamiento en el lugar<\/strong>: generalmente estar\u00e1 disponible entre las 2:00 p. m. y las 3:00 p. m. el d\u00eda de llegada y la salida estar\u00e1 estrictamente a las 10:00 a. m. el \u00faltimo d\u00eda. Por favor, deje su camarote limpio y ordenado para evitar cargos de limpieza adicionales. Usted es responsable de las roturas o da\u00f1os causados por su grupo o sus visitantes.<\/li>\n<li><strong>Generadores<\/strong> &#8211; no est\u00e1n permitidos en el parque<\/li>\n<li><strong>Mascotas<\/strong> &#8211; no est\u00e1n permitidas en el parque.<\/li>\n<li><strong>Bicicletas<\/strong>: se debe usar el casco cuando se circula en bicicleta por el parque. Las bicicletas no deben ser conducidas despu\u00e9s del anochecer.<\/li>\n<li><strong>Zona de juegos<\/strong> &#8211; es para el uso de ni\u00f1os menores de 12 a\u00f1os y s\u00f3lo en horas de luz.<\/li>\n<li><strong>Cancelaciones o salidas anticipadas<\/strong>: reserve con cuidado. Si cambias de opini\u00f3n despu\u00e9s de la llegada, no hay reembolso. Consulte nuestra <a href=\"https:\/\/www.cumberlandriver.com.au\/es\/politicas\/anulacion-y-reembolso\/\">pol\u00edtica de cancelaci\u00f3n<\/a> para obtener m\u00e1s informaci\u00f3n.<\/li>\n<li><strong>Los fuegos<\/strong> &#8211; s\u00f3lo se permiten en los contenedores de fuego proporcionados (de acuerdo con las normas de la CFA), a discreci\u00f3n de los administradores y no en los d\u00edas de prohibici\u00f3n total de fuego. Se aplica una tasa de alquiler. Por favor, no deposite basura, vidrio o desperdicios en los cubos de basura. No se permiten muebles tratados, pintados o de madera con accesorios o clavos met\u00e1licos. Por favor, consulte nuestra <a href=\"https:\/\/www.cumberlandriver.com.au\/es\/politicas\/reglas-de-la-hoguera\/\">Pol\u00edtica de Fogatas<\/a>. Todas las caravanas deben estar equipadas con extintores y las tiendas deben tener al menos 10 litros de agua disponibles en un cubo en todo momento. La madera embolsada est\u00e1 disponible para la venta en el quiosco durante el horario normal de oficina. Los fuegos deben estar completamente apagados antes de las 22 horas o al retirarse.<\/li>\n<li><strong>Placas calientes para barbacoa<\/strong>: dise\u00f1adas para adaptarse a su brasero, se pueden alquilar con un dep\u00f3sito de seguridad en efectivo de $20 que se reembolsar\u00e1 al devolver su placa para barbacoa LIMPIA.<\/li>\n<li><strong>Duchas<\/strong>: el agua es un bien escaso en Cumberland River, y disponemos de un generador para bombear el agua. Le rogamos que utilice el agua de forma prudente y que limite el tiempo de su ducha a los 5 minutos medidos.<\/li>\n<li><strong>Mensajes:<\/strong> no se entregar\u00e1n. Se colocar\u00e1n en la pizarra negra fuera de la oficina para su atenci\u00f3n<\/li>\n<li><strong>Visitantes<\/strong> &#8211; deben registrarse en la oficina a su llegada ya que se requiere el pago de tasas adicionales. Los coches de los visitantes deben dejarse fuera en el aparcamiento. Un solo coche por sitio\/cabina.<\/li>\n<li><strong>Lavander\u00eda<\/strong>: se dispone de lavadora y secadora. La lavadora tarda 4 monedas de $1, lo que equivale a un ciclo de 35 minutos, y la secadora tarda 4 monedas de $1 o 2 monedas de $2, lo que equivale a un ciclo de 20 minutos. Puede obtener detergente para la ropa y cambio en nuestra oficina durante el horario habitual.  Tambi\u00e9n se proporcionan l\u00edneas de ropa &#8211; las l\u00edneas caseras entre los \u00e1rboles y las tiendas de campa\u00f1a no est\u00e1n permitidas y ser\u00e1n retiradas por la direcci\u00f3n sin previo aviso.<\/li>\n<li><strong>Comportamiento<\/strong>: te pedimos que respetes el derecho de tus compa\u00f1eros a disfrutar pac\u00edficamente del parque. La m\u00fasica y el ruido deben reducirse al m\u00ednimo y cesar a las 22:00 horas. No se tolerar\u00e1 la embriaguez, el comportamiento ofensivo ni las fiestas ruidosas. Usted es responsable de los de su empresa. La direcci\u00f3n tiene derecho a poner fin a la ocupaci\u00f3n por cualquier incumplimiento de las normas o conducta indeseable.<\/li>\n<li><strong>Basura<\/strong>: debe envolverse y depositarse en los cubos previstos en la estaci\u00f3n de residuos. Por favor, mantenga su sitio limpio y ordenado. Se ruega vaciar los cubos de basura de los camarotes y depositarlos en la estaci\u00f3n de residuos a la salida.<\/li>\n<li><strong>Quiosco<\/strong>: leche, pan, peri\u00f3dicos (de temporada), hielo, bebidas, helados, recargas de GLP (siempre que su botella haya pasado un control de seguridad en los \u00faltimos 10 a\u00f1os), sacos de le\u00f1a, una peque\u00f1a gama de comestibles y art\u00edculos varios est\u00e1n disponibles durante el horario normal de oficina.<\/li>\n<li><strong>Responsabilidad<\/strong>: todas las personas entran en el parque por su cuenta y riesgo y son totalmente responsables de sus propios bienes y veh\u00edculos.<\/li>\n<\/ol>\n<div class=\"is-divider divider clearfix\" style=\"margin-top:1.5em;margin-bottom:1.5em;max-width:100%;height:1px;\"><\/div>\n\n\t<a class=\"plain\" href=\"\/wp-content\/uploads\/2022\/09\/CR_PARK-RULES.pdf\" target=\"_blank\" rel=\"noopener\" >\t<div class=\"icon-box featured-box icon-box-left text-left\"  >\n\t\t\t\t\t<div class=\"icon-box-img\" style=\"width: 45px\">\n\t\t\t\t<div class=\"icon\">\n\t\t\t\t\t<div class=\"icon-inner\" style=\"color:rgb(64, 100, 37);\">\n\t\t\t\t\t\t<?xml version=\"1.0\" encoding=\"utf-8\"?>\n<!-- Generator: Adobe Illustrator 25.4.1, SVG Export Plug-In . SVG Version: 6.00 Build 0)  -->\n<svg version=\"1.1\" id=\"Layer_1\" xmlns=\"http:\/\/www.w3.org\/2000\/svg\" xmlns:xlink=\"http:\/\/www.w3.org\/1999\/xlink\" x=\"0px\" y=\"0px\"\n\t viewBox=\"0 0 409.6 512\" style=\"enable-background:new 0 0 409.6 512;\" xml:space=\"preserve\">\n<path d=\"M256.1,0H64C28.7,0,0,28.7,0,64v384c0,35.3,28.7,64,64,64h281.6c35.3,0,64-28.7,64-64V153.6L256.1,0z M360.3,140.8h-53.1\n\tc-21.2,0-38.4-17.2-38.4-38.4V49.1L360.3,140.8z M384,448c0,21.2-17.2,38.4-38.4,38.4H64c-21.2,0-38.4-17.2-38.4-38.4V64\n\tc0-21.2,17.2-38.4,38.4-38.4h179.2v76.8c0,35.3,28.7,64,64,64H384V448z\"\/>\n<g>\n\t<path d=\"M136.8,291.6c-6.4,5.3-15.5,8-27.4,8H86.6v39.3H63.9V229.6h46.9c10.8,0,19.4,2.8,25.9,8.5c6.4,5.6,9.7,14.4,9.7,26.2\n\t\tC146.4,277.1,143.2,286.2,136.8,291.6z M119.3,252.2c-2.9-2.4-6.9-3.6-12.2-3.6H86.5v32.2h20.6c5.2,0,9.3-1.3,12.2-3.9\n\t\ts4.3-6.8,4.3-12.5C123.7,258.7,122.2,254.6,119.3,252.2z\"\/>\n\t<path d=\"M228.7,231.9c7.7,2.5,13.9,7.1,18.6,13.9c3.8,5.4,6.4,11.3,7.8,17.7c1.4,6.3,2.1,12.4,2.1,18.1c0,14.5-2.9,26.8-8.8,36.9\n\t\tc-7.9,13.6-20.1,20.4-36.7,20.4h-47.1V229.6h47.2C218.6,229.7,224.2,230.5,228.7,231.9z M186.9,248.6v71.3H208\n\t\tc10.8,0,18.3-5.3,22.6-15.9c2.3-5.8,3.5-12.8,3.5-20.8c0-11.1-1.7-19.7-5.2-25.6c-3.5-6-10.4-8.9-20.8-8.9h-21.2V248.6z\"\/>\n\t<path d=\"M274.4,229.7h77.9v19.2H297V274h48.4v19H297v45.8h-22.7V229.7H274.4z\"\/>\n<\/g>\n<\/svg>\n\t\t\t\t\t<\/div>\n\t\t\t\t<\/div>\n\t\t\t<\/div>\n\t\t\t\t<div class=\"icon-box-text last-reset\">\n\t\t\t\t\t\t\t\t\t\r\n\r\n\t<div id=\"text-3373320570\" class=\"text\">\n\t\t\r\n\r\n<h5>Descargar las normas del parque<\/h5>\nLas normas de nuestro parque est\u00e1n dise\u00f1adas para garantizar que todo el mundo disfrute del hermoso y tranquilo valle por el que es famoso Cumberland. Descargue esto para su referencia.\r\n\t\t\n<style>\n#text-3373320570 {\n  font-size: 1rem;\n  line-height: 1.25;\n}\n<\/style>\n\t<\/div>\n\t\r\n\r\n\t\t<\/div>\n\t<\/div>\n\t<\/a>\n\t\n\t<div id=\"gap-438776116\" class=\"gap-element clearfix\" style=\"display:block; height:auto;\">\n\t\t\n<style>\n#gap-438776116 {\n  padding-top: 30px;\n}\n<\/style>\n\t<\/div>\n\t\n<h3>Confiamos en que tenga una estancia agradable en Cumberland River y esperamos volver a verle pronto.<\/h3>\n\t\t<\/div>\n\t\t\t\t\t<\/div>\n\n\t\n<\/div>\n","protected":false},"excerpt":{"rendered":"","protected":false},"author":1,"featured_media":0,"parent":9785,"menu_order":10,"comment_status":"closed","ping_status":"closed","template":"","meta":{"footnotes":""},"class_list":["post-9765","page","type-page","status-publish","hentry"],"_links":{"self":[{"href":"https:\/\/www.cumberlandriver.com.au\/es\/wp-json\/wp\/v2\/pages\/9765","targetHints":{"allow":["GET"]}}],"collection":[{"href":"https:\/\/www.cumberlandriver.com.au\/es\/wp-json\/wp\/v2\/pages"}],"about":[{"href":"https:\/\/www.cumberlandriver.com.au\/es\/wp-json\/wp\/v2\/types\/page"}],"author":[{"embeddable":true,"href":"https:\/\/www.cumberlandriver.com.au\/es\/wp-json\/wp\/v2\/users\/1"}],"replies":[{"embeddable":true,"href":"https:\/\/www.cumberlandriver.com.au\/es\/wp-json\/wp\/v2\/comments?post=9765"}],"version-history":[{"count":0,"href":"https:\/\/www.cumberlandriver.com.au\/es\/wp-json\/wp\/v2\/pages\/9765\/revisions"}],"up":[{"embeddable":true,"href":"https:\/\/www.cumberlandriver.com.au\/es\/wp-json\/wp\/v2\/pages\/9785"}],"wp:attachment":[{"href":"https:\/\/www.cumberlandriver.com.au\/es\/wp-json\/wp\/v2\/media?parent=9765"}],"curies":[{"name":"wp","href":"https:\/\/api.w.org\/{rel}","templated":true}]}}