{"id":9780,"date":"2021-11-15T22:34:18","date_gmt":"2021-11-15T11:34:18","guid":{"rendered":"https:\/\/cumberlandriver.com.au\/condiciones-de-uso\/"},"modified":"2022-12-01T12:05:37","modified_gmt":"2022-12-01T01:05:37","slug":"condiciones-de-uso","status":"publish","type":"page","link":"https:\/\/www.cumberlandriver.com.au\/es\/politicas\/condiciones-de-uso\/","title":{"rendered":"Condiciones de uso"},"content":{"rendered":"<div class=\"row\"  id=\"row-1658218199\">\n\n\t<div id=\"col-1367090460\" class=\"col medium-4 small-12 large-4 col-divided\"  >\n\t\t\t\t<div class=\"col-inner\"  >\n\t\t\t\n\t\t\t\n<h3>Nuestras pol\u00edticas<\/h3>\n<div class=\"nav-wrapper\"><ul class=\"nav nav-uppercase nav-vertical nav-line text-left nav-left\"><p class=\"lead shortcode-error text-center\">Sorry, no pages was found<\/p><\/ul><\/div>\n\t\t<\/div>\n\t\t\t\t\t<\/div>\n\n\t\n\n\t<div id=\"col-1906101255\" class=\"col medium-8 small-12 large-8 col-divided\"  >\n\t\t\t\t<div class=\"col-inner\"  >\n\t\t\t\n\t\t\t\n<h1>Condiciones de uso<\/h1>\n<p><strong>Introducci\u00f3n y aceptaci\u00f3n de las condiciones de uso<\/strong><\/p>\n<p>Las Condiciones Generales de Uso y Reserva de Alojamiento que se detallan a continuaci\u00f3n regulan la relaci\u00f3n contractual entre el \u00abUsuario\u00bb (en adelante tambi\u00e9n denominado \u00abUsted\u00bb o el \u00abCliente\u00bb) y <strong>Cumberland River Holiday Park<\/strong> (en adelante tambi\u00e9n denominado \u00abNosotros\u00bb o el \u00abSitio Web\u00bb), perteneciente a la empresa <strong>Cumberland River Holiday Park<\/strong>. Ambas partes aceptan estas condiciones sin reservas. Las presentes Condiciones Generales de Venta son las \u00fanicas condiciones aplicables y sustituyen a todas las dem\u00e1s, salvo dispensa expresa y previa por escrito. Mantenemos que, al confirmar su pedido, usted ha le\u00eddo y acepta sin reservas nuestras Condiciones Generales de Venta. Estas condiciones de venta son importantes para usted y para <strong>Cumberland River Holiday Park<\/strong>, ya que sirven para proteger sus derechos como valioso cliente y nuestros derechos como empresa.<\/p>\n<h3>Cambios en las condiciones de servicio y en el sitio web<\/h3>\n<p><strong>El Parque de Vacaciones Cumberland River<\/strong> es un trabajo en progreso, y como tal, las cosas pueden cambiar, a\u00f1adirse o quitarse. Nos reservamos el derecho de actualizar el sitio web y estas condiciones de uso de vez en cuando, a nuestra discreci\u00f3n y sin previo aviso. Es responsabilidad del usuario mantenerse al d\u00eda con las \u00faltimas condiciones de uso consultando peri\u00f3dicamente. Su uso continuado del sitio web tras la publicaci\u00f3n de las condiciones de uso actualizadas se considerar\u00e1 que ha le\u00eddo y aceptado los cambios.<\/p>\n<h3>Acceso al sitio web<\/h3>\n<p>Nos esforzamos por asegurar que el sitio web est\u00e9 siempre en funcionamiento y disponible, pero no podemos garantizar que el sitio web no tenga tiempos de inactividad por ning\u00fan motivo. Nos reservamos el derecho a cerrar el sitio web durante breves periodos de tiempo para realizar tareas de mantenimiento general, pero intentaremos reducirlo al m\u00ednimo. No seremos responsables si, por cualquier motivo, la totalidad o parte del sitio web no est\u00e1 disponible en cualquier momento y durante cualquier periodo de tiempo.<\/p>\n<p>No garantizamos que el sitio web o cualquier contenido proporcionado en el sitio web est\u00e9 libre de errores. Gestionamos sus datos personales de acuerdo con nuestra <a href=\"https:\/\/cumberlandriver.com.au\/es\/politicas\/politica-de-privacidad\/\">Pol\u00edtica de Privacidad<\/a>.<\/p>\n<h3>Informaci\u00f3n sobre el alojamiento<\/h3>\n<p><strong>Cumberland River Holiday Park<\/strong> pone mucho cuidado al poner en l\u00ednea la informaci\u00f3n, las descripciones y las im\u00e1genes de los alojamientos, pero no se hace responsable de ning\u00fan error u omisi\u00f3n en la informaci\u00f3n proporcionada.<\/p>\n<h3>Precios<\/h3>\n<p>Los precios indicados en <strong>el Cumberland River Holiday Park<\/strong> se muestran en d\u00f3lares australianos y no incluyen los gastos de transacci\u00f3n al hacer la reserva. Los gastos de transacci\u00f3n se muestran claramente y se facturan al final del pedido, adem\u00e1s del precio de la reserva. Nos reservamos el derecho de modificar nuestros precios en cualquier momento, pero esto se le indicar\u00e1 en la reserva en el momento de realizarla. Si un precio evidentemente incorrecto aparece en nuestro sitio web y no se corrige en su total en el momento de la finalizaci\u00f3n del pedido, por la raz\u00f3n que sea (error humano, error t\u00e9cnico, etc.), su pedido ser\u00e1 cancelado y el pago le ser\u00e1 reembolsado, incluso si ha sido validado inicialmente.<\/p>\n<h3>Propiedad intelectual<\/h3>\n<p>Todo el contenido del sitio web www.cumberlandriver.com.au (ilustraciones, textos, nombres, marcas, im\u00e1genes y v\u00eddeos) es propiedad de <strong>Cumberland River Holiday Park<\/strong>. Cualquier reproducci\u00f3n parcial o total de este contenido, por cualquier medio y en cualquier soporte, est\u00e1 sujeta a la autorizaci\u00f3n previa y expresa de <strong>Cumberland River Holiday Park<\/strong>. Toda la informaci\u00f3n, el contenido y los archivos est\u00e1n protegidos por la legislaci\u00f3n internacional en materia de propiedad intelectual y derechos de autor. <strong>Cumberland River Holiday Park<\/strong> no puede otorgarle el derecho a copiar, mostrar o distribuir contenidos sobre los que no tenga derechos intelectuales. Todo uso fraudulento de este contenido que viole los derechos de un tercero constituye un delito de falsificaci\u00f3n, que est\u00e1 severamente castigado por el C\u00f3digo de la Propiedad Intelectual.<\/p>\n<p><strong>Cumberland River Holiday Park<\/strong> no ser\u00e1 responsable en ning\u00fan caso si un usuario viola los derechos de un tercero a trav\u00e9s de sus actividades en el sitio.<\/p>\n<h3>Renuncia y divisibilidad<\/h3>\n<p>El hecho de que <strong>Cumberland River Holiday Park <\/strong>no ejerza o haga valer cualquier derecho o disposici\u00f3n de las Condiciones de Uso no constituir\u00e1 una renuncia a dicho derecho o disposici\u00f3n. Las Condiciones de Uso constituyen el acuerdo completo entre usted y <strong>el Parque de Vacaciones Cumberland River<\/strong>, y rigen su uso del servicio, sustituyendo cualquier acuerdo anterior (incluyendo, pero no limit\u00e1ndose a, cualquier versi\u00f3n anterior de las Condiciones de Uso). Si alguna disposici\u00f3n de estas Condiciones de Uso es considerada por un tribunal de jurisdicci\u00f3n competente como inv\u00e1lida, ilegal o inaplicable por cualquier motivo, dicha disposici\u00f3n ser\u00e1 eliminada o limitada en la medida m\u00ednima, de manera que las restantes disposiciones de las Condiciones de Uso continuar\u00e1n en pleno vigor y efecto.<\/p>\n\t\t<\/div>\n\t\t\t\t\t<\/div>\n\n\t\n<\/div>\n","protected":false},"excerpt":{"rendered":"","protected":false},"author":1,"featured_media":0,"parent":9785,"menu_order":50,"comment_status":"closed","ping_status":"closed","template":"","meta":{"footnotes":""},"class_list":["post-9780","page","type-page","status-publish","hentry"],"_links":{"self":[{"href":"https:\/\/www.cumberlandriver.com.au\/es\/wp-json\/wp\/v2\/pages\/9780","targetHints":{"allow":["GET"]}}],"collection":[{"href":"https:\/\/www.cumberlandriver.com.au\/es\/wp-json\/wp\/v2\/pages"}],"about":[{"href":"https:\/\/www.cumberlandriver.com.au\/es\/wp-json\/wp\/v2\/types\/page"}],"author":[{"embeddable":true,"href":"https:\/\/www.cumberlandriver.com.au\/es\/wp-json\/wp\/v2\/users\/1"}],"replies":[{"embeddable":true,"href":"https:\/\/www.cumberlandriver.com.au\/es\/wp-json\/wp\/v2\/comments?post=9780"}],"version-history":[{"count":0,"href":"https:\/\/www.cumberlandriver.com.au\/es\/wp-json\/wp\/v2\/pages\/9780\/revisions"}],"up":[{"embeddable":true,"href":"https:\/\/www.cumberlandriver.com.au\/es\/wp-json\/wp\/v2\/pages\/9785"}],"wp:attachment":[{"href":"https:\/\/www.cumberlandriver.com.au\/es\/wp-json\/wp\/v2\/media?parent=9780"}],"curies":[{"name":"wp","href":"https:\/\/api.w.org\/{rel}","templated":true}]}}