{"id":9790,"date":"2021-11-13T02:51:54","date_gmt":"2021-11-12T15:51:54","guid":{"rendered":"https:\/\/cumberlandriver.com.au\/politicas\/politica-de-privacidad\/"},"modified":"2022-12-01T12:12:12","modified_gmt":"2022-12-01T01:12:12","slug":"politica-de-privacidad","status":"publish","type":"page","link":"https:\/\/www.cumberlandriver.com.au\/es\/politicas\/politica-de-privacidad\/","title":{"rendered":"Pol\u00edtica de privacidad"},"content":{"rendered":"<div class=\"row\"  id=\"row-1516540758\">\n\n\t<div id=\"col-542973320\" class=\"col medium-4 small-12 large-4 col-divided\"  >\n\t\t\t\t<div class=\"col-inner\"  >\n\t\t\t\n\t\t\t\n<h3>Nuestras pol\u00edticas<\/h3>\n<div class=\"nav-wrapper\"><ul class=\"nav nav-uppercase nav-vertical nav-line text-left nav-left\"><p class=\"lead shortcode-error text-center\">Sorry, no pages was found<\/p><\/ul><\/div>\n\t\t<\/div>\n\t\t\t\t\t<\/div>\n\n\t\n\n\t<div id=\"col-416282345\" class=\"col medium-8 small-12 large-8 col-divided\"  >\n\t\t\t\t<div class=\"col-inner\"  >\n\t\t\t\n\t\t\t\n<h1>Pol\u00edtica de Privacidad y Declaraci\u00f3n de Divulgaci\u00f3n<\/h1>\n<p><strong>A continuaci\u00f3n se expone la pol\u00edtica de privacidad del sitio web de Cumberland River Holiday Park, www.cumblerlandriver.com.au.com. Cumberland River Holiday Park se rige por la Ley de Privacidad de 1988 (Crh), que establece una serie de principios relativos a la privacidad de las personas.<\/strong><\/p>\n<h3>Informaci\u00f3n personal<\/h3>\n<p>Hay muchos aspectos del sitio que pueden verse sin necesidad de proporcionar informaci\u00f3n personal; sin embargo, para acceder a las futuras funciones de atenci\u00f3n al cliente de <strong>Cumberland River Holiday<\/strong> Park, se le pide que env\u00ede informaci\u00f3n personal identificable. Esto puede incluir, entre otros, su nombre, correo electr\u00f3nico o n\u00famero de tel\u00e9fono.<\/p>\n<p>Por lo general, el tipo de informaci\u00f3n personal que recopilamos sobre usted incluye asuntos relevantes para el prop\u00f3sito principal por el que estamos recopilando la informaci\u00f3n.<\/p>\n<ul>\n<li>Su nombre<\/li>\n<li>Su direcci\u00f3n postal y\/o residencial<\/li>\n<li>N\u00famero de tel\u00e9fono<\/li>\n<li>Direcci\u00f3n de correo electr\u00f3nico<\/li>\n<li>Alojamiento que ha reservado<\/li>\n<li>Para permitir los pagos, cr\u00e9ditos u otras transacciones que pueda realizar con nosotros, los datos de su tarjeta de cr\u00e9dito u otra cuenta (utilizamos Windcave Limited para procesar los pagos del alojamiento desde nuestra plataforma de reservas online, RMS Cloud)<\/li>\n<li>Para ofrecerle cr\u00e9ditos a un cliente<\/li>\n<li>Para comunicarnos con usted a trav\u00e9s de un formulario de contacto<\/li>\n<\/ul>\n<h3>Medios de comunicaci\u00f3n social<\/h3>\n<p>Si subes im\u00e1genes a tu plataforma de redes sociales favorita, y etiquetas, mencionas o haces checkin, podemos volver a publicar o compartir este contenido p\u00fablico en las cuentas de redes sociales de <strong>Cumberland River Holiday Park<\/strong>. Si por casualidad no quieres que tu contenido se publique, ponte en contacto con nosotros para que lo retiremos r\u00e1pidamente.<\/p>\n<h3>Anal\u00edtica<\/h3>\n<p>Utilizamos Google Analytics para recopilar algunos datos anal\u00edticos an\u00f3nimos que nos ayuden a analizar el rendimiento de nuestro sitio web y cualquier esfuerzo publicitario. Puede consultar la <a href=\"https:\/\/policies.google.com\/privacy\" target=\"_blank\" rel=\"nofollow noopener noreferrer\">pol\u00edtica de privacidad<\/a> y las<a href=\"https:\/\/policies.google.com\/terms\" target=\"_blank\" rel=\"nofollow noopener noreferrer\"> condiciones de servicio<\/a> de Google.<\/p>\n<h3>Galletas<\/h3>\n<p>Cuando usted visita este sitio, puede navegar por \u00e9l y acceder a informaci\u00f3n importante sin revelar su identidad. Con el fin de mejorar nuestro sitio, utilizamos \u00abcookies\u00bb para hacer un seguimiento de su visita. Una cookie es una peque\u00f1a cantidad de datos que un servidor web transfiere a su navegador y que s\u00f3lo puede ser le\u00edda por el servidor que se la dio. No puede ejecutarse como c\u00f3digo ni transmitir virus.<\/p>\n<p>La mayor\u00eda de los navegadores est\u00e1n inicialmente configurados para aceptar cookies. Puede configurar su navegador para que le notifique cuando reciba una cookie, d\u00e1ndole la oportunidad de decidir si la acepta.  <strong>Cumberland River Holiday Park<\/strong> utiliza programas publicitarios de Google y Facebook que emplean cookies para mejorar su experiencia online, incluyendo la visualizaci\u00f3n de anuncios m\u00e1s relevantes en sitios web externos. Cualquier persona puede <a href=\"http:\/\/optout.networkadvertising.org\/\" target=\"_blank\" rel=\"noopener noreferrer nofollow\">excluirse<\/a> de estos programas en cualquier momento actualizando sus preferencias en la configuraci\u00f3n de sus cuentas de Google y Facebook.<\/p>\n<p>Nuestro sitio web guarda una serie de cookies en su navegador. Esta cookie no est\u00e1 relacionada con sus datos personales o su direcci\u00f3n IP, y s\u00f3lo se utiliza para mejorar la funcionalidad del sitio web.<\/p>\n<h3>Contenido incrustado de otros sitios web<\/h3>\n<p>Los art\u00edculos de este sitio pueden incluir contenido incrustado (por ejemplo, v\u00eddeos, im\u00e1genes, art\u00edculos, etc.). El contenido incrustado de otros sitios web se comporta exactamente igual que si el visitante hubiera visitado el otro sitio web.<\/p>\n<p>Estos sitios web pueden recopilar datos sobre usted, utilizar cookies, incrustar un seguimiento adicional de terceros y supervisar su interacci\u00f3n con ese contenido incrustado, incluido el seguimiento de su interacci\u00f3n con el contenido incrustado si tiene una cuenta y ha iniciado sesi\u00f3n en ese sitio web.<\/p>\n<h3>Con qui\u00e9n compartimos sus datos<\/h3>\n<p>No revelamos su informaci\u00f3n personal a ning\u00fan tercero que no sea de los descritos anteriormente, salvo cuando estemos obligados legalmente a hacerlo o cuando usted haya dado su consentimiento.<\/p>\n<h3>Cu\u00e1nto tiempo conservamos sus datos<\/h3>\n<p>S\u00f3lo conservamos sus datos personales durante el tiempo necesario.<\/p>\n<p>Conservaremos sus datos personales:<\/p>\n<ul>\n<li>Hasta que ya no tengamos una raz\u00f3n v\u00e1lida para mantenerla;<\/li>\n<li>Hasta que nos pida que dejemos de usarlo;<\/li>\n<li>Durante el tiempo que exija la ley.<\/li>\n<\/ul>\n<p>Es posible que conservemos los datos personales suficientes para garantizar el cumplimiento de sus solicitudes. No utilizaremos su informaci\u00f3n personal para ning\u00fan otro fin que no sea el descrito en esta Declaraci\u00f3n de Privacidad y cumpliremos con su derecho a la supresi\u00f3n (descrito m\u00e1s adelante).<\/p>\n<h3>Acceso a su informaci\u00f3n personal<\/h3>\n<p>Usted tiene derecho a acceder a su informaci\u00f3n personal, con las excepciones que permite la ley. Si desea hacerlo, comun\u00edquenoslo. Por razones de seguridad, es posible que se le pida que presente su solicitud por escrito. <strong>Cumberland River Holiday Park<\/strong> se reserva el derecho de cobrar una tasa por la b\u00fasqueda y el acceso a su informaci\u00f3n en funci\u00f3n de la solicitud.<\/p>\n<div class=\"row row-collapse\"  id=\"row-1955244159\">\n\n\t<div id=\"col-125584785\" class=\"col small-12 large-12\"  >\n\t\t\t\t<div class=\"col-inner\"  >\n\t\t\t\n\t\t\t\n\t<div id=\"gap-474354056\" class=\"gap-element clearfix\" style=\"display:block; height:auto;\">\n\t\t\n<style>\n#gap-474354056 {\n  padding-top: 30px;\n}\n<\/style>\n\t<\/div>\n\t\n\n\n<div class=\"wpcf7 no-js\" id=\"wpcf7-f10122-o1\" lang=\"es-ES\" dir=\"ltr\" data-wpcf7-id=\"10122\">\n<div class=\"screen-reader-response\"><p role=\"status\" aria-live=\"polite\" aria-atomic=\"true\"><\/p> <ul><\/ul><\/div>\n<form action=\"\/es\/wp-json\/wp\/v2\/pages\/9790#wpcf7-f10122-o1\" method=\"post\" class=\"wpcf7-form init\" aria-label=\"Formulario de contacto\" enctype=\"multipart\/form-data\" novalidate=\"novalidate\" data-status=\"init\">\n<fieldset class=\"hidden-fields-container\"><input type=\"hidden\" name=\"_wpcf7\" value=\"10122\" \/><input type=\"hidden\" name=\"_wpcf7_version\" value=\"6.1.5\" \/><input type=\"hidden\" name=\"_wpcf7_locale\" value=\"es_ES\" \/><input type=\"hidden\" name=\"_wpcf7_unit_tag\" value=\"wpcf7-f10122-o1\" \/><input type=\"hidden\" name=\"_wpcf7_container_post\" value=\"0\" \/><input type=\"hidden\" name=\"_wpcf7_posted_data_hash\" value=\"\" \/><input type=\"hidden\" name=\"_wpcf7_recaptcha_response\" value=\"\" \/>\n<\/fieldset>\n<div class=\"form-flat\">\n\t<p><div class=\"row row-small\"  id=\"row-622161820\"><\/div>\n\t<div id=\"col-19059371\" class=\"col medium-6 small-12 large-6\"  >\n\t\t\t\t<div class=\"col-inner\"  >\n\t\t\t\n\t\t\t<label>Su nombre<\/label><span class=\"wpcf7-form-control-wrap\" data-name=\"your-first-name\"><input size=\"40\" maxlength=\"400\" class=\"wpcf7-form-control wpcf7-text wpcf7-validates-as-required\" aria-required=\"true\" aria-invalid=\"false\" value=\"\" type=\"text\" name=\"your-first-name\" \/><\/span>\t\t<\/div>\n\t\t\t\t\t<\/div>\n\n\t\n\t<div id=\"col-61816837\" class=\"col medium-6 small-12 large-6\"  >\n\t\t\t\t<div class=\"col-inner\"  >\n\t\t\t\n\t\t\t<label>Su apellido<\/label><span class=\"wpcf7-form-control-wrap\" data-name=\"your-last-name\"><input size=\"40\" maxlength=\"400\" class=\"wpcf7-form-control wpcf7-text wpcf7-validates-as-required\" aria-required=\"true\" aria-invalid=\"false\" value=\"\" type=\"text\" name=\"your-last-name\" \/><\/span>\t\t<\/div>\n\t\t\t\t\t<\/div>\n\n\t<div class=\"row row-small\"  id=\"row-724146229\"><\/div>\n\t<div id=\"col-441359230\" class=\"col medium-6 small-12 large-6\"  >\n\t\t\t\t<div class=\"col-inner\"  >\n\t\t\t\n\t\t\t<label>Su correo electr\u00f3nico<\/label><span class=\"wpcf7-form-control-wrap\" data-name=\"your-email\"><input size=\"40\" maxlength=\"400\" class=\"wpcf7-form-control wpcf7-email wpcf7-validates-as-required wpcf7-text wpcf7-validates-as-email\" aria-required=\"true\" aria-invalid=\"false\" value=\"\" type=\"email\" name=\"your-email\" \/><\/span>\t\t<\/div>\n\t\t\t\t\t<\/div>\n\n\t\n\t<div id=\"col-1302878099\" class=\"col medium-6 small-12 large-6\"  >\n\t\t\t\t<div class=\"col-inner\"  >\n\t\t\t\n\t\t\t<label>Su tel\u00e9fono (opcional)<\/label><span class=\"wpcf7-form-control-wrap\" data-name=\"your-phone\"><input size=\"40\" maxlength=\"400\" class=\"wpcf7-form-control wpcf7-text\" aria-invalid=\"false\" value=\"\" type=\"text\" name=\"your-phone\" \/><\/span>\t\t<\/div>\n\t\t\t\t\t<\/div>\n\n\t\n\t<div id=\"col-1585846441\" class=\"col small-12 large-12\"  >\n\t\t\t\t<div class=\"col-inner\"  >\n\t\t\t\n\t\t\t<label>Pa\u00eds de residencia<\/label><span class=\"wpcf7-form-control-wrap\" data-name=\"Country\"><select class=\"wpcf7-form-control wpcf7-select wpcf7-validates-as-required\" aria-required=\"true\" aria-invalid=\"false\" name=\"Country\"><option value=\"\">&#8212;Por favor, elige una opci\u00f3n&#8212;<\/option><option value=\"Australia\">Australia<\/option><option value=\"Hong Kong\">Hong Kong<\/option><option value=\"Japan\">Japan<\/option><option value=\"Malaysia\">Malaysia<\/option><option value=\"Singapore\">Singapore<\/option><option value=\"Canada\">Canada<\/option><option value=\"Mexico\">Mexico<\/option><option value=\"New Zealand\">New Zealand<\/option><option value=\"United States\">United States<\/option><option value=\"Austria\">Austria<\/option><option value=\"Belgium\">Belgium<\/option><option value=\"France\">France<\/option><option value=\"Germany\">Germany<\/option><option value=\"Ireland\">Ireland<\/option><option value=\"Italy\">Italy<\/option><option value=\"Luxembourg\">Luxembourg<\/option><option value=\"Netherlands\">Netherlands<\/option><option value=\"Portugal\">Portugal<\/option><option value=\"Spain\">Spain<\/option><option value=\"United Kingdom\">United Kingdom<\/option><option value=\"Bulgaria\">Bulgaria<\/option><option value=\"Cyprus\">Cyprus<\/option><option value=\"Czech Republic\">Czech Republic<\/option><option value=\"Denmark\">Denmark<\/option><option value=\"Estonia\">Estonia<\/option><option value=\"Finland\">Finland<\/option><option value=\"Greece\">Greece<\/option><option value=\"Latvia\">Latvia<\/option><option value=\"Lithuania\">Lithuania<\/option><option value=\"Malta\">Malta<\/option><option value=\"Norway\">Norway<\/option><option value=\"Poland\">Poland<\/option><option value=\"Romania\">Romania<\/option><option value=\"Slovakia\">Slovakia<\/option><option value=\"Slovenia\">Slovenia<\/option><option value=\"Sweden\">Sweden<\/option><option value=\"Switzerland\">Switzerland<\/option><\/select><\/span>\t\t<\/div>\n\t\t\t\t\t<\/div>\n\n\t\n\t<div id=\"col-934887138\" class=\"col small-12 large-12\"  >\n\t\t\t\t<div class=\"col-inner\"  >\n\t\t\t\n\t\t\t<label>Foto de identificaci\u00f3n<\/label>\n\t<\/p>\n\t<p style=\"font-size: 80%\">Para que podamos verificar su identidad, cargue una foto o escanee un documento de identidad con foto actual (permiso de conducir, documento nacional de identidad o pasaporte)\n\t<\/p>\n\t<p><span class=\"wpcf7-form-control-wrap\" data-name=\"PhotoID\"><input size=\"40\" class=\"wpcf7-form-control wpcf7-file wpcf7-validates-as-required\" accept=\"audio\/*,video\/*,image\/*\" aria-required=\"true\" aria-invalid=\"false\" type=\"file\" name=\"PhotoID\" \/><\/span>\t\t<\/div>\n\t\t\t\t\t<\/div>\n\n\t\n\t<div id=\"col-1837388437\" class=\"col small-12 large-12\"  >\n\t\t\t\t<div class=\"col-inner\"  >\n\t\t\t\n\t\t\t<label>Documento de verificaci\u00f3n de la direcci\u00f3n<\/label>\n\t<\/p>\n\t<p style=\"font-size: 80%\">Para que podamos verificar su pa\u00eds de residencia, proporcione una factura de servicios p\u00fablicos con los datos de la direcci\u00f3n\n\t<\/p>\n\t<p><span class=\"wpcf7-form-control-wrap\" data-name=\"AddressVerification\"><input size=\"40\" class=\"wpcf7-form-control wpcf7-file wpcf7-validates-as-required\" accept=\"audio\/*,video\/*,image\/*\" aria-required=\"true\" aria-invalid=\"false\" type=\"file\" name=\"AddressVerification\" \/><\/span>\t\t<\/div>\n\t\t\t\t\t<\/div>\n\n\t\n\t<div id=\"col-786706994\" class=\"col small-12 large-12\"  >\n\t\t\t\t<div class=\"col-inner\"  >\n\t\t\t\n\t\t\t<label>Tipo de solicitud<\/label><span class=\"wpcf7-form-control-wrap\" data-name=\"Request-Type\"><select class=\"wpcf7-form-control wpcf7-select wpcf7-validates-as-required\" aria-required=\"true\" aria-invalid=\"false\" name=\"Request-Type\"><option value=\"\">&#8212;Por favor, elige una opci\u00f3n&#8212;<\/option><option value=\"Right to access\">Right to access<\/option><option value=\"Right to rectification\">Right to rectification<\/option><option value=\"Right to erasure or restriction of processing\">Right to erasure or restriction of processing<\/option><\/select><\/span>\t\t<\/div>\n\t\t\t\t\t<\/div>\n\n\t\n\t<div id=\"col-1257428122\" class=\"col small-12 large-12\"  >\n\t\t\t\t<div class=\"col-inner\"  >\n\t\t\t\n\t\t\t<label>Describa su solicitud<\/label><span class=\"wpcf7-form-control-wrap\" data-name=\"your-message\"><textarea cols=\"40\" rows=\"10\" maxlength=\"2000\" class=\"wpcf7-form-control wpcf7-textarea\" aria-invalid=\"false\" name=\"your-message\"><\/textarea><\/span>\t\t<\/div>\n\t\t\t\t\t<\/div>\n\n\t\n\t<div id=\"col-824309235\" class=\"col small-12 large-12\"  >\n\t\t\t\t<div class=\"col-inner\"  >\n\t\t\t\n\t\t\t<input class=\"wpcf7-form-control wpcf7-submit has-spinner button\" type=\"submit\" value=\"Submit your privacy enquiry\" \/>\t\t<\/div>\n\t\t\t\t\t<\/div>\n\n\t[\/]\n\t<\/p>\n<\/div><div class=\"wpcf7-response-output\" aria-hidden=\"true\"><\/div>\n<\/form>\n<\/div>\n\n\n\t<div id=\"gap-1222306498\" class=\"gap-element clearfix\" style=\"display:block; height:auto;\">\n\t\t\n<style>\n#gap-1222306498 {\n  padding-top: 30px;\n}\n<\/style>\n\t<\/div>\n\t\n\t\t<\/div>\n\t\t\t\t\t<\/div>\n\n\t\n<\/div>\n<h3>D\u00f3nde enviamos sus datos<\/h3>\n<p>El env\u00edo de formularios por parte de los visitantes puede ser comprobado a trav\u00e9s de un servicio autom\u00e1tico de detecci\u00f3n de spam. Este sitio est\u00e1 protegido por reCAPTCHA y se aplican la <a href=\"https:\/\/policies.google.com\/privacy\" target=\"_blank\" rel=\"nofollow noopener noreferrer\">pol\u00edtica de privacidad<\/a> y las<a href=\"https:\/\/policies.google.com\/terms\" target=\"_blank\" rel=\"nofollow noopener noreferrer\"> condiciones de servicio<\/a> de Google.<\/p>\n<h3>Cambios en esta pol\u00edtica de privacidad<\/h3>\n<p><strong>Cumberland River Holiday Park<\/strong> se reserva el derecho a modificar esta Pol\u00edtica de Privacidad en cualquier momento para cumplir con las leyes o para reflejar cambios en nuestras pr\u00e1cticas comerciales. Cualquier actualizaci\u00f3n se publicar\u00e1 en nuestro sitio web, y le animamos a que lo consulte peri\u00f3dicamente para asegurarse de que entiende nuestra pol\u00edtica actual.<\/p>\n\t\t<\/div>\n\t\t\t\t\t<\/div>\n\n\t\n<\/div>\n","protected":false},"excerpt":{"rendered":"","protected":false},"author":1,"featured_media":0,"parent":9785,"menu_order":40,"comment_status":"closed","ping_status":"closed","template":"","meta":{"footnotes":""},"class_list":["post-9790","page","type-page","status-publish","hentry"],"_links":{"self":[{"href":"https:\/\/www.cumberlandriver.com.au\/es\/wp-json\/wp\/v2\/pages\/9790","targetHints":{"allow":["GET"]}}],"collection":[{"href":"https:\/\/www.cumberlandriver.com.au\/es\/wp-json\/wp\/v2\/pages"}],"about":[{"href":"https:\/\/www.cumberlandriver.com.au\/es\/wp-json\/wp\/v2\/types\/page"}],"author":[{"embeddable":true,"href":"https:\/\/www.cumberlandriver.com.au\/es\/wp-json\/wp\/v2\/users\/1"}],"replies":[{"embeddable":true,"href":"https:\/\/www.cumberlandriver.com.au\/es\/wp-json\/wp\/v2\/comments?post=9790"}],"version-history":[{"count":0,"href":"https:\/\/www.cumberlandriver.com.au\/es\/wp-json\/wp\/v2\/pages\/9790\/revisions"}],"up":[{"embeddable":true,"href":"https:\/\/www.cumberlandriver.com.au\/es\/wp-json\/wp\/v2\/pages\/9785"}],"wp:attachment":[{"href":"https:\/\/www.cumberlandriver.com.au\/es\/wp-json\/wp\/v2\/media?parent=9790"}],"curies":[{"name":"wp","href":"https:\/\/api.w.org\/{rel}","templated":true}]}}