{"id":9689,"date":"2022-08-28T11:26:36","date_gmt":"2022-08-28T01:26:36","guid":{"rendered":"https:\/\/cumberlandriver.com.au\/a-propos-de\/installations-du-parc\/"},"modified":"2025-05-11T21:55:55","modified_gmt":"2025-05-11T11:55:55","slug":"installations-du-parc","status":"publish","type":"page","link":"https:\/\/www.cumberlandriver.com.au\/fr\/a-propos-de\/installations-du-parc\/","title":{"rendered":"Installations du parc"},"content":{"rendered":"<div class=\"row\"  id=\"row-1357833826\">\n\n\t<div id=\"col-1775106552\" class=\"col medium-12 small-12 large-7\"  >\n\t\t\t\t<div class=\"col-inner\"  >\n\t\t\t\n\t\t\t\n\t<div id=\"text-843653334\" class=\"text\">\n\t\t\n<h1>Installations du parc<\/h1>\n\t\t\n<style>\n#text-843653334 {\n  font-size: 1.75rem;\n  text-align: left;\n}\n<\/style>\n\t<\/div>\n\t\n<h2>Le Cumberland River Holiday Park dispose de tous les \u00e9quipements n\u00e9cessaires pour rendre votre s\u00e9jour aussi facile que possible.<\/h2>\n<p>Le KIOSK fournit du lait, du pain, de la glace, des boissons, des snacks et des glaces, des recharges de GPL sont disponibles (\u00e0 condition que votre bouteille ait pass\u00e9 un contr\u00f4le de s\u00e9curit\u00e9 au cours des 10 derni\u00e8res ann\u00e9es), et des sacs de bois de chauffage. Une petite gamme de produits d&rsquo;\u00e9picerie et d&rsquo;articles divers est disponible pendant les heures normales de bureau.<\/p>\n\t\t<\/div>\n\t\t\t\t\t<\/div>\n\n\t\n\n\t<div id=\"col-939828606\" class=\"col medium-5 small-12 large-5\"  >\n\t\t\t\t<div class=\"col-inner\"  >\n\t\t\t\n\t\t\t\n\n\t\t<div class=\"icon-box featured-box icon-box-left text-left\"  >\n\t\t\t\t\t<div class=\"icon-box-img\" style=\"width: 20px\">\n\t\t\t\t<div class=\"icon\">\n\t\t\t\t\t<div class=\"icon-inner\" style=\"color:rgb(64, 100, 37);\">\n\t\t\t\t\t\t<?xml version=\"1.0\" encoding=\"utf-8\"?>\n<!-- Generator: Adobe Illustrator 26.5.0, SVG Export Plug-In . SVG Version: 6.00 Build 0)  -->\n<svg version=\"1.1\" id=\"Layer_1\" xmlns=\"http:\/\/www.w3.org\/2000\/svg\" xmlns:xlink=\"http:\/\/www.w3.org\/1999\/xlink\" x=\"0px\" y=\"0px\"\n\t viewBox=\"0 0 52.4 52.4\" style=\"enable-background:new 0 0 52.4 52.4;\" xml:space=\"preserve\">\n<g>\n\t<path d=\"M23.4,45.6c-0.8,0-1.6-0.2-2.3-0.7L5.4,33.7c-1.8-1.3-2.2-3.8-1-5.6c1.3-1.8,3.8-2.2,5.6-1L22.5,36L42.4,7.8\n\t\tc1.3-1.8,3.8-2.2,5.6-1c1.8,1.3,2.2,3.8,1,5.6L26.7,43.9C25.9,45,24.7,45.6,23.4,45.6z\"\/>\n<\/g>\n<\/svg>\n\t\t\t\t\t<\/div>\n\t\t\t\t<\/div>\n\t\t\t<\/div>\n\t\t\t\t<div class=\"icon-box-text last-reset\">\n\t\t\t\t\t\t\t\t\t\n\n<p>Tambours d'incendie de courtoisie<\/p>\n\n\n\t\t<\/div>\n\t<\/div>\n\t\n\t\n\n\t\t<div class=\"icon-box featured-box icon-box-left text-left\"  >\n\t\t\t\t\t<div class=\"icon-box-img\" style=\"width: 20px\">\n\t\t\t\t<div class=\"icon\">\n\t\t\t\t\t<div class=\"icon-inner\" style=\"color:rgb(64, 100, 37);\">\n\t\t\t\t\t\t<?xml version=\"1.0\" encoding=\"utf-8\"?>\n<!-- Generator: Adobe Illustrator 26.5.0, SVG Export Plug-In . SVG Version: 6.00 Build 0)  -->\n<svg version=\"1.1\" id=\"Layer_1\" xmlns=\"http:\/\/www.w3.org\/2000\/svg\" xmlns:xlink=\"http:\/\/www.w3.org\/1999\/xlink\" x=\"0px\" y=\"0px\"\n\t viewBox=\"0 0 52.4 52.4\" style=\"enable-background:new 0 0 52.4 52.4;\" xml:space=\"preserve\">\n<g>\n\t<path d=\"M23.4,45.6c-0.8,0-1.6-0.2-2.3-0.7L5.4,33.7c-1.8-1.3-2.2-3.8-1-5.6c1.3-1.8,3.8-2.2,5.6-1L22.5,36L42.4,7.8\n\t\tc1.3-1.8,3.8-2.2,5.6-1c1.8,1.3,2.2,3.8,1,5.6L26.7,43.9C25.9,45,24.7,45.6,23.4,45.6z\"\/>\n<\/g>\n<\/svg>\n\t\t\t\t\t<\/div>\n\t\t\t\t<\/div>\n\t\t\t<\/div>\n\t\t\t\t<div class=\"icon-box-text last-reset\">\n\t\t\t\t\t\t\t\t\t\n\n<p>Lave-linge et s\u00e8che-linge<\/p>\n\n\t\t<\/div>\n\t<\/div>\n\t\n\t\n\n\t\t<div class=\"icon-box featured-box icon-box-left text-left\"  >\n\t\t\t\t\t<div class=\"icon-box-img\" style=\"width: 20px\">\n\t\t\t\t<div class=\"icon\">\n\t\t\t\t\t<div class=\"icon-inner\" style=\"color:rgb(64, 100, 37);\">\n\t\t\t\t\t\t<?xml version=\"1.0\" encoding=\"utf-8\"?>\n<!-- Generator: Adobe Illustrator 26.5.0, SVG Export Plug-In . SVG Version: 6.00 Build 0)  -->\n<svg version=\"1.1\" id=\"Layer_1\" xmlns=\"http:\/\/www.w3.org\/2000\/svg\" xmlns:xlink=\"http:\/\/www.w3.org\/1999\/xlink\" x=\"0px\" y=\"0px\"\n\t viewBox=\"0 0 52.4 52.4\" style=\"enable-background:new 0 0 52.4 52.4;\" xml:space=\"preserve\">\n<g>\n\t<path d=\"M23.4,45.6c-0.8,0-1.6-0.2-2.3-0.7L5.4,33.7c-1.8-1.3-2.2-3.8-1-5.6c1.3-1.8,3.8-2.2,5.6-1L22.5,36L42.4,7.8\n\t\tc1.3-1.8,3.8-2.2,5.6-1c1.8,1.3,2.2,3.8,1,5.6L26.7,43.9C25.9,45,24.7,45.6,23.4,45.6z\"\/>\n<\/g>\n<\/svg>\n\t\t\t\t\t<\/div>\n\t\t\t\t<\/div>\n\t\t\t<\/div>\n\t\t\t\t<div class=\"icon-box-text last-reset\">\n\t\t\t\t\t\t\t\t\t\n\n<p>Terrain de jeux pour enfants<\/p>\n\n\t\t<\/div>\n\t<\/div>\n\t\n\t\n\n\t\t<div class=\"icon-box featured-box icon-box-left text-left\"  >\n\t\t\t\t\t<div class=\"icon-box-img\" style=\"width: 20px\">\n\t\t\t\t<div class=\"icon\">\n\t\t\t\t\t<div class=\"icon-inner\" style=\"color:rgb(64, 100, 37);\">\n\t\t\t\t\t\t<?xml version=\"1.0\" encoding=\"utf-8\"?>\n<!-- Generator: Adobe Illustrator 26.5.0, SVG Export Plug-In . SVG Version: 6.00 Build 0)  -->\n<svg version=\"1.1\" id=\"Layer_1\" xmlns=\"http:\/\/www.w3.org\/2000\/svg\" xmlns:xlink=\"http:\/\/www.w3.org\/1999\/xlink\" x=\"0px\" y=\"0px\"\n\t viewBox=\"0 0 52.4 52.4\" style=\"enable-background:new 0 0 52.4 52.4;\" xml:space=\"preserve\">\n<g>\n\t<path d=\"M23.4,45.6c-0.8,0-1.6-0.2-2.3-0.7L5.4,33.7c-1.8-1.3-2.2-3.8-1-5.6c1.3-1.8,3.8-2.2,5.6-1L22.5,36L42.4,7.8\n\t\tc1.3-1.8,3.8-2.2,5.6-1c1.8,1.3,2.2,3.8,1,5.6L26.7,43.9C25.9,45,24.7,45.6,23.4,45.6z\"\/>\n<\/g>\n<\/svg>\n\t\t\t\t\t<\/div>\n\t\t\t\t<\/div>\n\t\t\t<\/div>\n\t\t\t\t<div class=\"icon-box-text last-reset\">\n\t\t\t\t\t\t\t\t\t\n\n<p>Barbecue \u00e0 gaz gratuit sous le toit.<\/p>\n\n\t\t<\/div>\n\t<\/div>\n\t\n\t\n\n\t\t<div class=\"icon-box featured-box icon-box-left text-left\"  >\n\t\t\t\t\t<div class=\"icon-box-img\" style=\"width: 20px\">\n\t\t\t\t<div class=\"icon\">\n\t\t\t\t\t<div class=\"icon-inner\" style=\"color:rgb(64, 100, 37);\">\n\t\t\t\t\t\t<?xml version=\"1.0\" encoding=\"utf-8\"?>\n<!-- Generator: Adobe Illustrator 26.5.0, SVG Export Plug-In . SVG Version: 6.00 Build 0)  -->\n<svg version=\"1.1\" id=\"Layer_1\" xmlns=\"http:\/\/www.w3.org\/2000\/svg\" xmlns:xlink=\"http:\/\/www.w3.org\/1999\/xlink\" x=\"0px\" y=\"0px\"\n\t viewBox=\"0 0 52.4 52.4\" style=\"enable-background:new 0 0 52.4 52.4;\" xml:space=\"preserve\">\n<g>\n\t<path d=\"M23.4,45.6c-0.8,0-1.6-0.2-2.3-0.7L5.4,33.7c-1.8-1.3-2.2-3.8-1-5.6c1.3-1.8,3.8-2.2,5.6-1L22.5,36L42.4,7.8\n\t\tc1.3-1.8,3.8-2.2,5.6-1c1.8,1.3,2.2,3.8,1,5.6L26.7,43.9C25.9,45,24.7,45.6,23.4,45.6z\"\/>\n<\/g>\n<\/svg>\n\t\t\t\t\t<\/div>\n\t\t\t\t<\/div>\n\t\t\t<\/div>\n\t\t\t\t<div class=\"icon-box-text last-reset\">\n\t\t\t\t\t\t\t\t\t\n\n<p>Lavage des \u00e9viers avec de l'eau courante chaude et froide<\/p>\n\n\t\t<\/div>\n\t<\/div>\n\t\n\t\n\n\t\t<div class=\"icon-box featured-box icon-box-left text-left\"  >\n\t\t\t\t\t<div class=\"icon-box-img\" style=\"width: 20px\">\n\t\t\t\t<div class=\"icon\">\n\t\t\t\t\t<div class=\"icon-inner\" style=\"color:rgb(64, 100, 37);\">\n\t\t\t\t\t\t<?xml version=\"1.0\" encoding=\"utf-8\"?>\n<!-- Generator: Adobe Illustrator 26.5.0, SVG Export Plug-In . SVG Version: 6.00 Build 0)  -->\n<svg version=\"1.1\" id=\"Layer_1\" xmlns=\"http:\/\/www.w3.org\/2000\/svg\" xmlns:xlink=\"http:\/\/www.w3.org\/1999\/xlink\" x=\"0px\" y=\"0px\"\n\t viewBox=\"0 0 52.4 52.4\" style=\"enable-background:new 0 0 52.4 52.4;\" xml:space=\"preserve\">\n<g>\n\t<path d=\"M23.4,45.6c-0.8,0-1.6-0.2-2.3-0.7L5.4,33.7c-1.8-1.3-2.2-3.8-1-5.6c1.3-1.8,3.8-2.2,5.6-1L22.5,36L42.4,7.8\n\t\tc1.3-1.8,3.8-2.2,5.6-1c1.8,1.3,2.2,3.8,1,5.6L26.7,43.9C25.9,45,24.7,45.6,23.4,45.6z\"\/>\n<\/g>\n<\/svg>\n\t\t\t\t\t<\/div>\n\t\t\t\t<\/div>\n\t\t\t<\/div>\n\t\t\t\t<div class=\"icon-box-text last-reset\">\n\t\t\t\t\t\t\t\t\t\n\n<p>Kiosque bien approvisionn\u00e9 en lait, pain (saisonnier), journaux (saisonnier), boissons, glaces, sucettes, frites, quelques articles d'\u00e9picerie, glace, bois de chauffage et recharge de bouteilles de gaz GPL.<\/p>\n\n\t\t<\/div>\n\t<\/div>\n\t\n\t\n\n\t\t<div class=\"icon-box featured-box icon-box-left text-left\"  >\n\t\t\t\t\t<div class=\"icon-box-img\" style=\"width: 20px\">\n\t\t\t\t<div class=\"icon\">\n\t\t\t\t\t<div class=\"icon-inner\" style=\"color:rgb(221, 45, 45);\">\n\t\t\t\t\t\t<?xml version=\"1.0\" encoding=\"utf-8\"?>\n<!-- Generator: Adobe Illustrator 26.5.0, SVG Export Plug-In . SVG Version: 6.00 Build 0)  -->\n<svg version=\"1.1\" id=\"Layer_1\" xmlns=\"http:\/\/www.w3.org\/2000\/svg\" xmlns:xlink=\"http:\/\/www.w3.org\/1999\/xlink\" x=\"0px\" y=\"0px\"\n\t viewBox=\"0 0 52.4 52.4\" style=\"enable-background:new 0 0 52.4 52.4;\" xml:space=\"preserve\">\n<path d=\"M32.6,25.7l13-13c1.6-1.6,1.6-4.2,0-5.8c-1.6-1.6-4.2-1.6-5.8,0l-13,13l-13-13c-1.6-1.6-4.2-1.6-5.8,0\n\tc-1.6,1.6-1.6,4.2,0,5.8l13,13l-13,13c-1.6,1.6-1.6,4.2,0,5.8c0.8,0.8,1.8,1.2,2.9,1.2s2.1-0.4,2.9-1.2l13-13l13,13\n\tc0.8,0.8,1.8,1.2,2.9,1.2c1,0,2.1-0.4,2.9-1.2c1.6-1.6,1.6-4.2,0-5.8L32.6,25.7z\"\/>\n<\/svg>\n\t\t\t\t\t<\/div>\n\t\t\t\t<\/div>\n\t\t\t<\/div>\n\t\t\t\t<div class=\"icon-box-text last-reset\">\n\t\t\t\t\t\t\t\t\t\n\n<p>Pas de WiFi et r\u00e9ception t\u00e9l\u00e9phonique limit\u00e9e (Il est temps de se d\u00e9connecter)<\/p>\n\n\t\t<\/div>\n\t<\/div>\n\t\n\t\n\n\t\t<div class=\"icon-box featured-box icon-box-left text-left\"  >\n\t\t\t\t\t<div class=\"icon-box-img\" style=\"width: 20px\">\n\t\t\t\t<div class=\"icon\">\n\t\t\t\t\t<div class=\"icon-inner\" style=\"color:rgb(221, 45, 45);\">\n\t\t\t\t\t\t<?xml version=\"1.0\" encoding=\"utf-8\"?>\n<!-- Generator: Adobe Illustrator 26.5.0, SVG Export Plug-In . SVG Version: 6.00 Build 0)  -->\n<svg version=\"1.1\" id=\"Layer_1\" xmlns=\"http:\/\/www.w3.org\/2000\/svg\" xmlns:xlink=\"http:\/\/www.w3.org\/1999\/xlink\" x=\"0px\" y=\"0px\"\n\t viewBox=\"0 0 52.4 52.4\" style=\"enable-background:new 0 0 52.4 52.4;\" xml:space=\"preserve\">\n<path d=\"M32.6,25.7l13-13c1.6-1.6,1.6-4.2,0-5.8c-1.6-1.6-4.2-1.6-5.8,0l-13,13l-13-13c-1.6-1.6-4.2-1.6-5.8,0\n\tc-1.6,1.6-1.6,4.2,0,5.8l13,13l-13,13c-1.6,1.6-1.6,4.2,0,5.8c0.8,0.8,1.8,1.2,2.9,1.2s2.1-0.4,2.9-1.2l13-13l13,13\n\tc0.8,0.8,1.8,1.2,2.9,1.2c1,0,2.1-0.4,2.9-1.2c1.6-1.6,1.6-4.2,0-5.8L32.6,25.7z\"\/>\n<\/svg>\n\t\t\t\t\t<\/div>\n\t\t\t\t<\/div>\n\t\t\t<\/div>\n\t\t\t\t<div class=\"icon-box-text last-reset\">\n\t\t\t\t\t\t\t\t\t\n\n<p>Animaux non admis<\/p>\n\n\t\t<\/div>\n\t<\/div>\n\t\n\t\n\t\t<\/div>\n\t\t\t\t\t<\/div>\n\n\t\n<\/div>\n<div class=\"row\"  id=\"row-851544418\">\n\n\t<div id=\"col-352765765\" class=\"col medium-4 small-12 large-4\"  >\n\t\t\t\t<div class=\"col-inner\"  >\n\t\t\t\n\t\t\t\n\t<div class=\"img has-hover x md-x lg-x y md-y lg-y\" id=\"image_2481718\">\n\t\t\t\t\t\t\t\t<div class=\"img-inner dark\" >\n\t\t\t<img decoding=\"async\" width=\"990\" height=\"549\" src=\"https:\/\/www.cumberlandriver.com.au\/wp-content\/uploads\/2022\/09\/fire-2.jpg\" class=\"attachment-large size-large\" alt=\"\" srcset=\"https:\/\/www.cumberlandriver.com.au\/wp-content\/uploads\/2022\/09\/fire-2.jpg 990w, https:\/\/www.cumberlandriver.com.au\/wp-content\/uploads\/2022\/09\/fire-2-300x166.jpg 300w, https:\/\/www.cumberlandriver.com.au\/wp-content\/uploads\/2022\/09\/fire-2-768x426.jpg 768w\" sizes=\"(max-width: 990px) 100vw, 990px\" \/>\t\t\t\t\t\t\n\t\t\t\t\t<\/div>\n\t\t\t\t\t\t\t\t\n<style>\n#image_2481718 {\n  width: 100%;\n}\n<\/style>\n\t<\/div>\n\t\n<h3>Tambours de feu<\/h3>\n<p>Que serait un camping sans feu ? Nous avons des barils de feu de courtoisie \u00e0 pr\u00eater, et du bois \u00e0 acheter. Alors, asseyez-vous et regardez la t\u00e9l\u00e9 de la brousse ou restez au chaud. Cuisinez votre repas pr\u00e9f\u00e9r\u00e9 \u00e0 la mani\u00e8re des bushmans.<\/p>\n\t<div id=\"text-900397771\" class=\"text\">\n\t\t\n<h6 class=\"thin-font\">CR\u00c9DIT : EJJOHNSONPHOTOGRAPHY \/ GETTY IMAGES<\/h6>\n\t\t\n<style>\n#text-900397771 {\n  font-size: 0.75rem;\n}\n<\/style>\n\t<\/div>\n\t\n\t\t<\/div>\n\t\t\t\t\t<\/div>\n\n\t\n\n\t<div id=\"col-1887052162\" class=\"col medium-4 small-12 large-4\"  >\n\t\t\t\t<div class=\"col-inner\"  >\n\t\t\t\n\t\t\t\n\t<div class=\"img has-hover x md-x lg-x y md-y lg-y\" id=\"image_1427014550\">\n\t\t\t\t\t\t\t\t<div class=\"img-inner dark\" >\n\t\t\t<img decoding=\"async\" width=\"990\" height=\"549\" src=\"https:\/\/www.cumberlandriver.com.au\/wp-content\/uploads\/2022\/09\/toilet-block.jpg\" class=\"attachment-large size-large\" alt=\"\" srcset=\"https:\/\/www.cumberlandriver.com.au\/wp-content\/uploads\/2022\/09\/toilet-block.jpg 990w, https:\/\/www.cumberlandriver.com.au\/wp-content\/uploads\/2022\/09\/toilet-block-300x166.jpg 300w, https:\/\/www.cumberlandriver.com.au\/wp-content\/uploads\/2022\/09\/toilet-block-768x426.jpg 768w\" sizes=\"(max-width: 990px) 100vw, 990px\" \/>\t\t\t\t\t\t\n\t\t\t\t\t<\/div>\n\t\t\t\t\t\t\t\t\n<style>\n#image_1427014550 {\n  width: 100%;\n}\n<\/style>\n\t<\/div>\n\t\n<h3>Deux blocs de commodit\u00e9s<\/h3>\n<p>Des installations pour les douches, les toilettes et la vaisselle du camp, notre bloc central de commodit\u00e9s est \u00e0 une courte distance de marche de tous nos campings.<\/p>\n\t\t<\/div>\n\t\t\t\t\t<\/div>\n\n\t\n\n\t<div id=\"col-83939169\" class=\"col medium-4 small-12 large-4\"  >\n\t\t\t\t<div class=\"col-inner\"  >\n\t\t\t\n\t\t\t\n\t<div class=\"img has-hover x md-x lg-x y md-y lg-y\" id=\"image_903630646\">\n\t\t\t\t\t\t\t\t<div class=\"img-inner dark\" >\n\t\t\t<img decoding=\"async\" width=\"990\" height=\"549\" src=\"https:\/\/www.cumberlandriver.com.au\/wp-content\/uploads\/2025\/05\/Playground.jpg\" class=\"attachment-large size-large\" alt=\"\" srcset=\"https:\/\/www.cumberlandriver.com.au\/wp-content\/uploads\/2025\/05\/Playground.jpg 990w, https:\/\/www.cumberlandriver.com.au\/wp-content\/uploads\/2025\/05\/Playground-300x166.jpg 300w, https:\/\/www.cumberlandriver.com.au\/wp-content\/uploads\/2025\/05\/Playground-768x426.jpg 768w\" sizes=\"(max-width: 990px) 100vw, 990px\" \/>\t\t\t\t\t\t\n\t\t\t\t\t<\/div>\n\t\t\t\t\t\t\t\t\n<style>\n#image_903630646 {\n  width: 100%;\n}\n<\/style>\n\t<\/div>\n\t\n<h3>Aire de jeux pour enfants<\/h3>\n<p>Faites courir les enfants et profitez de l&rsquo;espace ouvert, avec un terrain de basket, une aire de jeux pour les tout-petits et un endroit pour taper dans le ballon ou jouer au cricket.<\/p>\n\t\t<\/div>\n\t\t\t\t\t<\/div>\n\n\t\n<\/div>\n<div class=\"row\"  id=\"row-267265025\">\n\n\t<div id=\"col-1098180039\" class=\"col medium-4 small-12 large-4\"  >\n\t\t\t\t<div class=\"col-inner\"  >\n\t\t\t\n\t\t\t\n\t<div class=\"img has-hover x md-x lg-x y md-y lg-y\" id=\"image_555018771\">\n\t\t\t\t\t\t\t\t<div class=\"img-inner dark\" >\n\t\t\t<img decoding=\"async\" width=\"990\" height=\"549\" src=\"https:\/\/www.cumberlandriver.com.au\/wp-content\/uploads\/2025\/05\/Laundry.jpg\" class=\"attachment-large size-large\" alt=\"\" srcset=\"https:\/\/www.cumberlandriver.com.au\/wp-content\/uploads\/2025\/05\/Laundry.jpg 990w, https:\/\/www.cumberlandriver.com.au\/wp-content\/uploads\/2025\/05\/Laundry-300x166.jpg 300w, https:\/\/www.cumberlandriver.com.au\/wp-content\/uploads\/2025\/05\/Laundry-768x426.jpg 768w\" sizes=\"(max-width: 990px) 100vw, 990px\" \/>\t\t\t\t\t\t\n\t\t\t\t\t<\/div>\n\t\t\t\t\t\t\t\t\n<style>\n#image_555018771 {\n  width: 100%;\n}\n<\/style>\n\t<\/div>\n\t\n<h3>Laverie<\/h3>\n<p>Un lave-linge et un s\u00e8che-linge sont disponibles. La machine \u00e0 laver utilise 4 pi\u00e8ces de 1 $, soit un cycle de 35 minutes. Le s\u00e8che-linge utilise 4 pi\u00e8ces de 1 $ ou 2 pi\u00e8ces de 2 $, soit un cycle de 20 minutes. La poudre \u00e0 lessive et la monnaie sont disponibles \u00e0 notre bureau pendant les heures normales de bureau. Des cordes \u00e0 linge sont \u00e9galement fournies.<\/p>\n\t\t<\/div>\n\t\t\t\t\t<\/div>\n\n\t\n\n\t<div id=\"col-1704950776\" class=\"col medium-4 small-12 large-4\"  >\n\t\t\t\t<div class=\"col-inner\"  >\n\t\t\t\n\t\t\t\n\t<div class=\"img has-hover x md-x lg-x y md-y lg-y\" id=\"image_163178795\">\n\t\t\t\t\t\t\t\t<div class=\"img-inner dark\" >\n\t\t\t<img decoding=\"async\" width=\"1020\" height=\"566\" src=\"https:\/\/www.cumberlandriver.com.au\/wp-content\/uploads\/2022\/09\/BBQ-area.jpg\" class=\"attachment-large size-large\" alt=\"\" srcset=\"https:\/\/www.cumberlandriver.com.au\/wp-content\/uploads\/2022\/09\/BBQ-area.jpg 1024w, https:\/\/www.cumberlandriver.com.au\/wp-content\/uploads\/2022\/09\/BBQ-area-300x166.jpg 300w, https:\/\/www.cumberlandriver.com.au\/wp-content\/uploads\/2022\/09\/BBQ-area-768x426.jpg 768w\" sizes=\"(max-width: 1020px) 100vw, 1020px\" \/>\t\t\t\t\t\t\n\t\t\t\t\t<\/div>\n\t\t\t\t\t\t\t\t\n<style>\n#image_163178795 {\n  width: 100%;\n}\n<\/style>\n\t<\/div>\n\t\n<h3>Barbecue sous abri<\/h3>\n<p>Des barbecues \u00e0 gaz gratuits sont disponibles dans notre cabane historique. La cabane dispose de chemin\u00e9es \u00e0 l&rsquo;int\u00e9rieur et est un endroit id\u00e9al pour cuisiner et manger pendant les nuits froides.<\/p>\n\t\t<\/div>\n\t\t\t\t\t<\/div>\n\n\t\n<\/div>\n<div class=\"is-divider divider clearfix\" style=\"max-width:100%;height:1px;\"><\/div>\n<div class=\"row align-center\"  id=\"row-1293561717\">\n\n\t<div id=\"col-1623951928\" class=\"col medium-4 small-12 large-4\"  >\n\t\t\t\t<div class=\"col-inner\"  >\n\t\t\t\n\t\t\t\n\n\t<a class=\"plain\" href=\"\/wp-content\/uploads\/2022\/09\/CR_PARK-RULES.pdf\" target=\"_blank\" rel=\"noopener\" >\t<div class=\"icon-box featured-box icon-box-left text-left\"  >\n\t\t\t\t\t<div class=\"icon-box-img\" style=\"width: 45px\">\n\t\t\t\t<div class=\"icon\">\n\t\t\t\t\t<div class=\"icon-inner\" style=\"color:rgb(64, 100, 37);\">\n\t\t\t\t\t\t<?xml version=\"1.0\" encoding=\"utf-8\"?>\n<!-- Generator: Adobe Illustrator 25.4.1, SVG Export Plug-In . SVG Version: 6.00 Build 0)  -->\n<svg version=\"1.1\" id=\"Layer_1\" xmlns=\"http:\/\/www.w3.org\/2000\/svg\" xmlns:xlink=\"http:\/\/www.w3.org\/1999\/xlink\" x=\"0px\" y=\"0px\"\n\t viewBox=\"0 0 409.6 512\" style=\"enable-background:new 0 0 409.6 512;\" xml:space=\"preserve\">\n<path d=\"M256.1,0H64C28.7,0,0,28.7,0,64v384c0,35.3,28.7,64,64,64h281.6c35.3,0,64-28.7,64-64V153.6L256.1,0z M360.3,140.8h-53.1\n\tc-21.2,0-38.4-17.2-38.4-38.4V49.1L360.3,140.8z M384,448c0,21.2-17.2,38.4-38.4,38.4H64c-21.2,0-38.4-17.2-38.4-38.4V64\n\tc0-21.2,17.2-38.4,38.4-38.4h179.2v76.8c0,35.3,28.7,64,64,64H384V448z\"\/>\n<g>\n\t<path d=\"M136.8,291.6c-6.4,5.3-15.5,8-27.4,8H86.6v39.3H63.9V229.6h46.9c10.8,0,19.4,2.8,25.9,8.5c6.4,5.6,9.7,14.4,9.7,26.2\n\t\tC146.4,277.1,143.2,286.2,136.8,291.6z M119.3,252.2c-2.9-2.4-6.9-3.6-12.2-3.6H86.5v32.2h20.6c5.2,0,9.3-1.3,12.2-3.9\n\t\ts4.3-6.8,4.3-12.5C123.7,258.7,122.2,254.6,119.3,252.2z\"\/>\n\t<path d=\"M228.7,231.9c7.7,2.5,13.9,7.1,18.6,13.9c3.8,5.4,6.4,11.3,7.8,17.7c1.4,6.3,2.1,12.4,2.1,18.1c0,14.5-2.9,26.8-8.8,36.9\n\t\tc-7.9,13.6-20.1,20.4-36.7,20.4h-47.1V229.6h47.2C218.6,229.7,224.2,230.5,228.7,231.9z M186.9,248.6v71.3H208\n\t\tc10.8,0,18.3-5.3,22.6-15.9c2.3-5.8,3.5-12.8,3.5-20.8c0-11.1-1.7-19.7-5.2-25.6c-3.5-6-10.4-8.9-20.8-8.9h-21.2V248.6z\"\/>\n\t<path d=\"M274.4,229.7h77.9v19.2H297V274h48.4v19H297v45.8h-22.7V229.7H274.4z\"\/>\n<\/g>\n<\/svg>\n\t\t\t\t\t<\/div>\n\t\t\t\t<\/div>\n\t\t\t<\/div>\n\t\t\t\t<div class=\"icon-box-text last-reset\">\n\t\t\t\t\t\t\t\t\t\r\n\r\n\t<div id=\"text-3272408354\" class=\"text\">\n\t\t\r\n\r\n<h5>T\u00e9l\u00e9charger le r\u00e8glement du parc<\/h5>\nLes r\u00e8gles de notre parc sont con\u00e7ues pour que chacun puisse profiter de la belle vall\u00e9e paisible qui fait la r\u00e9putation de Cumberland. T\u00e9l\u00e9chargez ceci pour votre r\u00e9f\u00e9rence.\r\n\t\t\n<style>\n#text-3272408354 {\n  font-size: 1rem;\n  line-height: 1.25;\n}\n<\/style>\n\t<\/div>\n\t\r\n\r\n\t\t<\/div>\n\t<\/div>\n\t<\/a>\n\t\n\t\t<\/div>\n\t\t\t\t\t<\/div>\n\n\t\n\n\t<div id=\"col-206261662\" class=\"col medium-4 small-12 large-4\"  >\n\t\t\t\t<div class=\"col-inner text-center\"  >\n\t\t\t\n\t\t\t\n\n\t<a class=\"plain\" href=\"\/wp-content\/uploads\/2022\/10\/CUMBERLAND_RIVER_PARK_HP_MAP-1.pdf\" target=\"_blank\" rel=\"noopener\" >\t<div class=\"icon-box featured-box icon-box-left text-left\"  >\n\t\t\t\t\t<div class=\"icon-box-img\" style=\"width: 45px\">\n\t\t\t\t<div class=\"icon\">\n\t\t\t\t\t<div class=\"icon-inner\" style=\"color:rgb(64, 100, 37);\">\n\t\t\t\t\t\t<?xml version=\"1.0\" encoding=\"utf-8\"?>\n<!-- Generator: Adobe Illustrator 25.4.1, SVG Export Plug-In . SVG Version: 6.00 Build 0)  -->\n<svg version=\"1.1\" id=\"Layer_1\" xmlns=\"http:\/\/www.w3.org\/2000\/svg\" xmlns:xlink=\"http:\/\/www.w3.org\/1999\/xlink\" x=\"0px\" y=\"0px\"\n\t viewBox=\"0 0 409.6 512\" style=\"enable-background:new 0 0 409.6 512;\" xml:space=\"preserve\">\n<path d=\"M256.1,0H64C28.7,0,0,28.7,0,64v384c0,35.3,28.7,64,64,64h281.6c35.3,0,64-28.7,64-64V153.6L256.1,0z M360.3,140.8h-53.1\n\tc-21.2,0-38.4-17.2-38.4-38.4V49.1L360.3,140.8z M384,448c0,21.2-17.2,38.4-38.4,38.4H64c-21.2,0-38.4-17.2-38.4-38.4V64\n\tc0-21.2,17.2-38.4,38.4-38.4h179.2v76.8c0,35.3,28.7,64,64,64H384V448z\"\/>\n<g>\n\t<path d=\"M136.8,291.6c-6.4,5.3-15.5,8-27.4,8H86.6v39.3H63.9V229.6h46.9c10.8,0,19.4,2.8,25.9,8.5c6.4,5.6,9.7,14.4,9.7,26.2\n\t\tC146.4,277.1,143.2,286.2,136.8,291.6z M119.3,252.2c-2.9-2.4-6.9-3.6-12.2-3.6H86.5v32.2h20.6c5.2,0,9.3-1.3,12.2-3.9\n\t\ts4.3-6.8,4.3-12.5C123.7,258.7,122.2,254.6,119.3,252.2z\"\/>\n\t<path d=\"M228.7,231.9c7.7,2.5,13.9,7.1,18.6,13.9c3.8,5.4,6.4,11.3,7.8,17.7c1.4,6.3,2.1,12.4,2.1,18.1c0,14.5-2.9,26.8-8.8,36.9\n\t\tc-7.9,13.6-20.1,20.4-36.7,20.4h-47.1V229.6h47.2C218.6,229.7,224.2,230.5,228.7,231.9z M186.9,248.6v71.3H208\n\t\tc10.8,0,18.3-5.3,22.6-15.9c2.3-5.8,3.5-12.8,3.5-20.8c0-11.1-1.7-19.7-5.2-25.6c-3.5-6-10.4-8.9-20.8-8.9h-21.2V248.6z\"\/>\n\t<path d=\"M274.4,229.7h77.9v19.2H297V274h48.4v19H297v45.8h-22.7V229.7H274.4z\"\/>\n<\/g>\n<\/svg>\n\t\t\t\t\t<\/div>\n\t\t\t\t<\/div>\n\t\t\t<\/div>\n\t\t\t\t<div class=\"icon-box-text last-reset\">\n\t\t\t\t\t\t\t\t\t\r\n\r\n\t<div id=\"text-2568188016\" class=\"text\">\n\t\t\r\n\r\n<h5>T\u00e9l\u00e9charger le plan du site<\/h5>\nT\u00e9l\u00e9chargez ce petit plan pratique du site pour vous familiariser avec l'emplacement des cabanes et des lots pour votre arriv\u00e9e et pendant votre s\u00e9jour chez nous.\r\n\t\t\n<style>\n#text-2568188016 {\n  font-size: 1rem;\n  line-height: 1.25;\n}\n<\/style>\n\t<\/div>\n\t\r\n\r\n\t\t<\/div>\n\t<\/div>\n\t<\/a>\n\t\n\t\t<\/div>\n\t\t\t\t\t<\/div>\n\n\t\n\n\t<div id=\"col-935612791\" class=\"col medium-4 small-12 large-4\"  >\n\t\t\t\t<div class=\"col-inner\"  >\n\t\t\t\n\t\t\t\n\n\t<a class=\"plain\" href=\"\/wp-content\/uploads\/2022\/09\/CR_FIRE_REGS_1_01.pdf\" target=\"_blank\" rel=\"noopener\" >\t<div class=\"icon-box featured-box icon-box-left text-left\"  >\n\t\t\t\t\t<div class=\"icon-box-img\" style=\"width: 45px\">\n\t\t\t\t<div class=\"icon\">\n\t\t\t\t\t<div class=\"icon-inner\" style=\"color:rgb(64, 100, 37);\">\n\t\t\t\t\t\t<?xml version=\"1.0\" encoding=\"utf-8\"?>\n<!-- Generator: Adobe Illustrator 25.4.1, SVG Export Plug-In . SVG Version: 6.00 Build 0)  -->\n<svg version=\"1.1\" id=\"Layer_1\" xmlns=\"http:\/\/www.w3.org\/2000\/svg\" xmlns:xlink=\"http:\/\/www.w3.org\/1999\/xlink\" x=\"0px\" y=\"0px\"\n\t viewBox=\"0 0 409.6 512\" style=\"enable-background:new 0 0 409.6 512;\" xml:space=\"preserve\">\n<path d=\"M256.1,0H64C28.7,0,0,28.7,0,64v384c0,35.3,28.7,64,64,64h281.6c35.3,0,64-28.7,64-64V153.6L256.1,0z M360.3,140.8h-53.1\n\tc-21.2,0-38.4-17.2-38.4-38.4V49.1L360.3,140.8z M384,448c0,21.2-17.2,38.4-38.4,38.4H64c-21.2,0-38.4-17.2-38.4-38.4V64\n\tc0-21.2,17.2-38.4,38.4-38.4h179.2v76.8c0,35.3,28.7,64,64,64H384V448z\"\/>\n<g>\n\t<path d=\"M136.8,291.6c-6.4,5.3-15.5,8-27.4,8H86.6v39.3H63.9V229.6h46.9c10.8,0,19.4,2.8,25.9,8.5c6.4,5.6,9.7,14.4,9.7,26.2\n\t\tC146.4,277.1,143.2,286.2,136.8,291.6z M119.3,252.2c-2.9-2.4-6.9-3.6-12.2-3.6H86.5v32.2h20.6c5.2,0,9.3-1.3,12.2-3.9\n\t\ts4.3-6.8,4.3-12.5C123.7,258.7,122.2,254.6,119.3,252.2z\"\/>\n\t<path d=\"M228.7,231.9c7.7,2.5,13.9,7.1,18.6,13.9c3.8,5.4,6.4,11.3,7.8,17.7c1.4,6.3,2.1,12.4,2.1,18.1c0,14.5-2.9,26.8-8.8,36.9\n\t\tc-7.9,13.6-20.1,20.4-36.7,20.4h-47.1V229.6h47.2C218.6,229.7,224.2,230.5,228.7,231.9z M186.9,248.6v71.3H208\n\t\tc10.8,0,18.3-5.3,22.6-15.9c2.3-5.8,3.5-12.8,3.5-20.8c0-11.1-1.7-19.7-5.2-25.6c-3.5-6-10.4-8.9-20.8-8.9h-21.2V248.6z\"\/>\n\t<path d=\"M274.4,229.7h77.9v19.2H297V274h48.4v19H297v45.8h-22.7V229.7H274.4z\"\/>\n<\/g>\n<\/svg>\n\t\t\t\t\t<\/div>\n\t\t\t\t<\/div>\n\t\t\t<\/div>\n\t\t\t\t<div class=\"icon-box-text last-reset\">\n\t\t\t\t\t\t\t\t\t\r\n\r\n\t<div id=\"text-277584425\" class=\"text\">\n\t\t\r\n\r\n<h5>T\u00e9l\u00e9charger Campfire Rules<\/h5>\nPour assurer votre s\u00e9curit\u00e9 et celle des autres patients, vous devez respecter la l\u00e9gislation locale en mati\u00e8re de s\u00e9curit\u00e9 incendie. A t\u00e9l\u00e9charger avant votre s\u00e9jour.\r\n\t\t\n<style>\n#text-277584425 {\n  font-size: 1rem;\n  line-height: 1.25;\n}\n<\/style>\n\t<\/div>\n\t\r\n\r\n\t\t<\/div>\n\t<\/div>\n\t<\/a>\n\t\n\t\t<\/div>\n\t\t\t\t\t<\/div>\n\n\t\n<\/div>\n","protected":false},"excerpt":{"rendered":"","protected":false},"author":1,"featured_media":0,"parent":9680,"menu_order":20,"comment_status":"closed","ping_status":"closed","template":"","meta":{"footnotes":""},"class_list":["post-9689","page","type-page","status-publish","hentry"],"_links":{"self":[{"href":"https:\/\/www.cumberlandriver.com.au\/fr\/wp-json\/wp\/v2\/pages\/9689","targetHints":{"allow":["GET"]}}],"collection":[{"href":"https:\/\/www.cumberlandriver.com.au\/fr\/wp-json\/wp\/v2\/pages"}],"about":[{"href":"https:\/\/www.cumberlandriver.com.au\/fr\/wp-json\/wp\/v2\/types\/page"}],"author":[{"embeddable":true,"href":"https:\/\/www.cumberlandriver.com.au\/fr\/wp-json\/wp\/v2\/users\/1"}],"replies":[{"embeddable":true,"href":"https:\/\/www.cumberlandriver.com.au\/fr\/wp-json\/wp\/v2\/comments?post=9689"}],"version-history":[{"count":0,"href":"https:\/\/www.cumberlandriver.com.au\/fr\/wp-json\/wp\/v2\/pages\/9689\/revisions"}],"up":[{"embeddable":true,"href":"https:\/\/www.cumberlandriver.com.au\/fr\/wp-json\/wp\/v2\/pages\/9680"}],"wp:attachment":[{"href":"https:\/\/www.cumberlandriver.com.au\/fr\/wp-json\/wp\/v2\/media?parent=9689"}],"curies":[{"name":"wp","href":"https:\/\/api.w.org\/{rel}","templated":true}]}}