{"id":9757,"date":"2021-11-13T14:53:29","date_gmt":"2021-11-13T03:53:29","guid":{"rendered":"https:\/\/cumberlandriver.com.au\/tarifs-des-parcs-de-vacances\/"},"modified":"2025-06-06T17:12:29","modified_gmt":"2025-06-06T07:12:29","slug":"tarifs-des-parcs-de-vacances","status":"publish","type":"page","link":"https:\/\/www.cumberlandriver.com.au\/fr\/politiques\/tarifs-des-parcs-de-vacances\/","title":{"rendered":"Tarifs des parcs de vacances"},"content":{"rendered":"<div class=\"row\"  id=\"row-1870877645\">\n\n\t<div id=\"col-253912023\" class=\"col medium-4 small-12 large-4 col-divided\"  >\n\t\t\t\t<div class=\"col-inner\"  >\n\t\t\t\n\t\t\t\n<h3>Nos politiques<\/h3>\n<div class=\"nav-wrapper\"><ul class=\"nav nav-uppercase nav-vertical nav-line text-left nav-left\"><p class=\"lead shortcode-error text-center\">Sorry, no pages was found<\/p><\/ul><\/div>\n\t\t<\/div>\n\t\t\t\t\t<\/div>\n\n\t\n\n\t<div id=\"col-384720026\" class=\"col medium-8 small-12 large-8 col-divided\"  >\n\t\t\t\t<div class=\"col-inner\"  >\n\t\t\t\n\t\t\t\n<h1>Tarifs des parcs de vacances<\/h1>\n\t<div id=\"text-55263279\" class=\"text\">\n\t\t\n<p><strong>Tarif en vigueur du 01\/07\/2025 au 30\/06\/2026. Tarif de base : jusqu&rsquo;\u00e0 2 personnes. Restrictions : un seul v\u00e9hicule par emplacement et chalet.Rate effective from:<\/strong> 01\/07\/2025 to 30\/06\/2026 <strong>The Base Rate:<\/strong> Includes up to 2 persons only. <strong>Restrictions:<\/strong> One vehicle only per Campsites and Cabins<\/p>\n\t\t\n<style>\n#text-55263279 {\n  color: rgb(100, 100, 100);\n}\n#text-55263279 > * {\n  color: rgb(100, 100, 100);\n}\n<\/style>\n\t<\/div>\n\t\n\t<div id=\"text-3241977236\" class=\"text\">\n\t\t\n\n<p><strong>P\u00e9riode de pointe<\/strong> : du 21 d\u00e9cembre au 31 janvier, f\u00eate du Travail, P\u00e2ques, week-end de la Grande Finale et week-end de la Melbourne Cup.<br>(R\u00e9servations minimales de nuit applicables)<br><strong>\u00c9paule<\/strong> - 1er f\u00e9vrier - 31 mai. Long week-end de juin, du 1er septembre au 20 d\u00e9cembre (\u00e0 l'exception de tous les longs week-ends).<br><strong>Hors saison de pointe<\/strong> - 1er juin - 31 ao\u00fbt, \u00e0 l'exception du long week-end de juin.<\/p>\n\t\t\n<style>\n#text-3241977236 {\n  font-size: 0.85rem;\n  line-height: 1.3;\n  color: rgb(100, 100, 100);\n}\n#text-3241977236 > * {\n  color: rgb(100, 100, 100);\n}\n<\/style>\n\t<\/div>\n\t\n<div class=\"is-divider divider clearfix\" style=\"margin-top:30px;margin-bottom:30px;max-width:100%;height:1px;\"><\/div>\n<table>\n<thead>\n<tr>\n<th colspan=\"3\"><a href=\"https:\/\/www.cumberlandriver.com.au\/fr\/hebergement\/unites-avec-vue-sur-la-riviere\/\">Unit\u00e9s avec vue sur la rivi\u00e8re<\/a><\/th>\n<\/tr>\n<\/thead>\n<tbody>\n<tr>\n<td colspan=\"3\">Deluxe 3 chambres avec 2 salles de bain. Chambre 1 &#8211; lit queen size avec salle de bain, Chambre 2 &#8211; lit double, Chambre 3 &#8211; lits superpos\u00e9s, cuisine avec cuisini\u00e8re \u00e0 gaz, r\u00e9frig\u00e9rateur, chauffage \u00e0 gaz, TV, 1 prise de courant \u00e0 faible puissance pour charger les ordinateurs portables, les t\u00e9l\u00e9phones et les batteries. Peut accueillir 6 personnes. Tous les draps et les serviettes sont fournis.<\/td>\n<\/tr>\n<tr>\n<td> <\/td>\n<td> <\/td>\n<td><strong>Personne suppl\u00e9mentaire<\/strong><\/td>\n<\/tr>\n<tr>\n<td valign=\"top\"><strong>Culminer<\/strong><\/td>\n<td valign=\"top\">AUD $365.00<\/td>\n<td valign=\"top\">$38.00<\/td>\n<\/tr>\n<tr>\n<td valign=\"top\"><strong>\u00c9paule<\/strong><\/td>\n<td valign=\"top\">AUD $325.00<\/td>\n<td valign=\"top\">$38.00<\/td>\n<\/tr>\n<tr>\n<td valign=\"top\"><strong>Off-Peak<\/strong><\/td>\n<td valign=\"top\">AUD $240.00<\/td>\n<td valign=\"top\">$38.00<\/td>\n<\/tr>\n<\/tbody>\n<\/table>\n<div class=\"is-divider divider clearfix\" style=\"margin-top:30px;margin-bottom:30px;max-width:100%;height:1px;\"><\/div>\n<table>\n<thead>\n<tr>\n<th colspan=\"3\"><a href=\"https:\/\/www.cumberlandriver.com.au\/fr\/hebergement\/cabanes-en-cedre\/\">Cabanes en c\u00e8dre (familiales)<\/a><\/th>\n<\/tr>\n<\/thead>\n<tbody>\n<tr>\n<td colspan=\"3\">Cabine \u00e0 2 chambres avec un grand lit et 2 lits superpos\u00e9s, cuisine compl\u00e8te avec cuisini\u00e8re \u00e0 gaz, r\u00e9frig\u00e9rateur, chauffage \u00e0 gaz et t\u00e9l\u00e9vision, 1 prise de courant \u00e0 faible puissance pour recharger les ordinateurs portables, les t\u00e9l\u00e9phones et les batteries. Peut accueillir 6 personnes. Tous les draps et les serviettes sont fournis.<\/td>\n<\/tr>\n<tr>\n<td> <\/td>\n<td> <\/td>\n<td><strong>Personne suppl\u00e9mentaire<\/strong><\/td>\n<\/tr>\n<tr>\n<td valign=\"top\"><strong>Culminer<\/strong><\/td>\n<td valign=\"top\">AUD $300.00<\/td>\n<td valign=\"top\">$38.00<\/td>\n<\/tr>\n<tr>\n<td valign=\"top\"><strong>\u00c9paule<\/strong><\/td>\n<td valign=\"top\">AUD $260.00<\/td>\n<td valign=\"top\">$38.00<\/td>\n<\/tr>\n<tr>\n<td valign=\"top\"><strong>Hors pointe<\/strong><\/td>\n<td valign=\"top\">AUD $200.00<\/td>\n<td valign=\"top\">$38.00<\/td>\n<\/tr>\n<\/tbody>\n<\/table>\n<table>\n<thead>\n<tr>\n<th colspan=\"3\"><a href=\"https:\/\/www.cumberlandriver.com.au\/fr\/hebergement\/cabanes-en-cedre\/\">Cabanes en c\u00e8dre (Trio)<\/a><\/th>\n<\/tr>\n<\/thead>\n<tbody>\n<tr>\n<td colspan=\"3\">Cabine \u00e0 2 chambres \u00e0 coucher avec un lit Queen et un lit double avec un lit simple au-dessus, cuisine compl\u00e8te avec cuisini\u00e8re \u00e0 gaz, r\u00e9frig\u00e9rateur, chauffage \u00e0 gaz et TV, 1 prise de courant \u00e0 faible puissance pour charger les ordinateurs portables, les t\u00e9l\u00e9phones, les batteries. Peut accueillir 5 personnes. Tous les draps et les serviettes sont fournis.<\/td>\n<\/tr>\n<tr>\n<td> <\/td>\n<td> <\/td>\n<td><strong>Personne suppl\u00e9mentaire<\/strong><\/td>\n<\/tr>\n<tr>\n<td valign=\"top\"><strong>Culminer<\/strong><\/td>\n<td valign=\"top\">AUD $300.00<\/td>\n<td valign=\"top\">$38.00<\/td>\n<\/tr>\n<tr>\n<td valign=\"top\"><strong>\u00c9paule<\/strong><\/td>\n<td valign=\"top\">AUD $260.00<\/td>\n<td valign=\"top\">$38.00<\/td>\n<\/tr>\n<tr>\n<td valign=\"top\"><strong>Hors pointe<\/strong><\/td>\n<td valign=\"top\">AUD $200.00<\/td>\n<td valign=\"top\">$38.00<\/td>\n<\/tr>\n<\/tbody>\n<\/table>\n<div class=\"is-divider divider clearfix\" style=\"margin-top:30px;margin-bottom:30px;max-width:100%;height:1px;\"><\/div>\n<table>\n<thead>\n<tr>\n<th colspan=\"3\"><a href=\"https:\/\/www.cumberlandriver.com.au\/fr\/hebergement\/terrains-de-camping\/\">Terrains de camping (jardin)<\/a><\/th>\n<\/tr>\n<\/thead>\n<tbody>\n<tr>\n<td colspan=\"3\">\n<p>Sites non aliment\u00e9s. Pas de r\u00e9ception TV, sauf si vous avez votre propre satellite.<br \/><strong>Personne suppl\u00e9mentaire :<\/strong><\/p>\n<p>Gratuit : Moins de 3 ans<br \/>Enfant : 3 \u00e0 15 ans<br \/>Adulte : 16 ans et plus<\/p>\n<\/td>\n<\/tr>\n<tr>\n<td> <\/td>\n<td> <\/td>\n<td><strong>Personne suppl\u00e9mentaire<\/strong><\/td>\n<\/tr>\n<tr>\n<td valign=\"top\"><strong>Culminer<\/strong><\/td>\n<td valign=\"top\">AUD $80.00<\/td>\n<td valign=\"top\">Adult: $35.00<br \/>Child: $30.00<\/td>\n<\/tr>\n<tr>\n<td valign=\"top\"><strong>\u00c9paule<\/strong><\/td>\n<td valign=\"top\">AUD $55.00<\/td>\n<td valign=\"top\">Adult: $27.00<br \/>Child: $22.00<\/td>\n<\/tr>\n<tr>\n<td valign=\"top\"><strong>Hors pointe<\/strong><\/td>\n<td valign=\"top\">AUD $40.00<\/td>\n<td valign=\"top\">Adult: $22.00<br \/>Child: $17.00<\/td>\n<\/tr>\n<\/tbody>\n<\/table>\n<table>\n<thead>\n<tr>\n<th colspan=\"3\"><a href=\"https:\/\/www.cumberlandriver.com.au\/fr\/hebergement\/terrains-de-camping\/\">Terrains de camping (Riverfront)<\/a><\/th>\n<\/tr>\n<\/thead>\n<tbody>\n<tr>\n<td colspan=\"3\">\n<p>Sites non aliment\u00e9s. Pas de r\u00e9ception TV, sauf si vous avez votre propre satellite.<br \/><strong>Personne suppl\u00e9mentaire :<\/strong><\/p>\n<p>Gratuit : Moins de 3 ans<br \/>Enfant : 3 \u00e0 15 ans<br \/>Adulte : 16 ans et plus<\/p>\n<\/td>\n<\/tr>\n<tr>\n<td> <\/td>\n<td> <\/td>\n<td><strong>Personne suppl\u00e9mentaire<\/strong><\/td>\n<\/tr>\n<tr>\n<td valign=\"top\"><strong>Peak<\/strong><\/td>\n<td valign=\"top\">AUD $90.00<\/td>\n<td valign=\"top\">Adult: $35.00<br \/>Child: $30.00<\/td>\n<\/tr>\n<tr>\n<td valign=\"top\"><strong>Shoulder<\/strong><\/td>\n<td valign=\"top\">AUD $65.00<\/td>\n<td valign=\"top\">Adult: $27.00<br \/>Child: $22.00<\/td>\n<\/tr>\n<tr>\n<td valign=\"top\"><strong>Off-Peak<\/strong><\/td>\n<td valign=\"top\">AUD $45.00<\/td>\n<td valign=\"top\">Adult: $22.00<br \/>Child: $17.00<\/td>\n<\/tr>\n<\/tbody>\n<\/table>\n\t\t<\/div>\n\t\t\t\t\t<\/div>\n\n\t\n<\/div>\n","protected":false},"excerpt":{"rendered":"","protected":false},"author":1,"featured_media":0,"parent":9782,"menu_order":0,"comment_status":"closed","ping_status":"closed","template":"","meta":{"footnotes":""},"class_list":["post-9757","page","type-page","status-publish","hentry"],"_links":{"self":[{"href":"https:\/\/www.cumberlandriver.com.au\/fr\/wp-json\/wp\/v2\/pages\/9757","targetHints":{"allow":["GET"]}}],"collection":[{"href":"https:\/\/www.cumberlandriver.com.au\/fr\/wp-json\/wp\/v2\/pages"}],"about":[{"href":"https:\/\/www.cumberlandriver.com.au\/fr\/wp-json\/wp\/v2\/types\/page"}],"author":[{"embeddable":true,"href":"https:\/\/www.cumberlandriver.com.au\/fr\/wp-json\/wp\/v2\/users\/1"}],"replies":[{"embeddable":true,"href":"https:\/\/www.cumberlandriver.com.au\/fr\/wp-json\/wp\/v2\/comments?post=9757"}],"version-history":[{"count":0,"href":"https:\/\/www.cumberlandriver.com.au\/fr\/wp-json\/wp\/v2\/pages\/9757\/revisions"}],"up":[{"embeddable":true,"href":"https:\/\/www.cumberlandriver.com.au\/fr\/wp-json\/wp\/v2\/pages\/9782"}],"wp:attachment":[{"href":"https:\/\/www.cumberlandriver.com.au\/fr\/wp-json\/wp\/v2\/media?parent=9757"}],"curies":[{"name":"wp","href":"https:\/\/api.w.org\/{rel}","templated":true}]}}