{"id":9762,"date":"2022-06-25T14:01:12","date_gmt":"2022-06-25T04:01:12","guid":{"rendered":"https:\/\/cumberlandriver.com.au\/regles-et-informations-sur-le-parc\/"},"modified":"2025-05-12T21:35:31","modified_gmt":"2025-05-12T11:35:31","slug":"regles-et-informations-sur-le-parc","status":"publish","type":"page","link":"https:\/\/www.cumberlandriver.com.au\/fr\/politiques\/regles-et-informations-sur-le-parc\/","title":{"rendered":"R\u00e8gles et informations sur le parc"},"content":{"rendered":"<div class=\"row\"  id=\"row-593987192\">\n\n\t<div id=\"col-2033606618\" class=\"col medium-4 small-12 large-4 col-divided\"  >\n\t\t\t\t<div class=\"col-inner\"  >\n\t\t\t\n\t\t\t\n<h3>Nos politiques<\/h3>\n<div class=\"nav-wrapper\"><ul class=\"nav nav-uppercase nav-vertical nav-line text-left nav-left\"><p class=\"lead shortcode-error text-center\">Sorry, no pages was found<\/p><\/ul><\/div>\n\t\t<\/div>\n\t\t\t\t\t<\/div>\n\n\t\n\n\t<div id=\"col-27181429\" class=\"col medium-8 small-12 large-8 col-divided\"  >\n\t\t\t\t<div class=\"col-inner\"  >\n\t\t\t\n\t\t\t\n<h1>R\u00e8gles et informations sur le parc de vacances<\/h1>\n<h3>Heures de bureau<\/h3>\n<table>\n<thead>\n<tr>\n<th>Saison<\/th>\n<th>Jours de semaine<\/th>\n<th>Week-ends<\/th>\n<\/tr>\n<\/thead>\n<tbody>\n<tr>\n<td>Culminer<\/td>\n<td>8:30am &#8211; 6:00pm<\/td>\n<td>8:30am &#8211; 6:00pm<\/td>\n<\/tr>\n<tr>\n<td>\u00c9paule<\/td>\n<td>8:30am &#8211; 5:30pm<\/td>\n<td>8:30am &#8211; 5:30pm<\/td>\n<\/tr>\n<tr>\n<td>Hors pointe<\/td>\n<td>8:30am &#8211; 5:00pm<\/td>\n<td>8:30am &#8211; 5:00pm<\/td>\n<\/tr>\n<\/tbody>\n<\/table>\n\t<div id=\"text-1799015523\" class=\"text\">\n\t\t\n\n<p><strong>P\u00e9riode de pointe<\/strong> : du 21 d\u00e9cembre au 31 janvier, f\u00eate du Travail, P\u00e2ques, week-end de la Grande Finale et week-end de la Melbourne Cup.<br>(R\u00e9servations minimales de nuit applicables)<br><strong>\u00c9paule<\/strong> - 1er f\u00e9vrier - 31 mai. Long week-end de juin, du 1er septembre au 20 d\u00e9cembre (\u00e0 l'exception de tous les longs week-ends).<br><strong>Hors saison de pointe<\/strong> - 1er juin - 31 ao\u00fbt, \u00e0 l'exception du long week-end de juin.<\/p>\n\t\t\n<style>\n#text-1799015523 {\n  font-size: 0.85rem;\n  line-height: 1.3;\n  color: rgb(100, 100, 100);\n}\n#text-1799015523 > * {\n  color: rgb(100, 100, 100);\n}\n<\/style>\n\t<\/div>\n\t\n\t<div id=\"gap-276996450\" class=\"gap-element clearfix\" style=\"display:block; height:auto;\">\n\t\t\n<style>\n#gap-276996450 {\n  padding-top: 20px;\n}\n<\/style>\n\t<\/div>\n\t\n<a href=\"https:\/\/www.cumberlandriver.com.au\/fr\/contact\/\" class=\"button primary is-underline\" >\n\t\t<span>Contactez nous<\/span>\n\t<\/a>\n\n<div class=\"is-divider divider clearfix\" style=\"max-width:100%;height:1px;\"><\/div>\n<h2>Tous les clients et visiteurs doivent respecter les r\u00e8gles suivantes<\/h2>\n<h4>Veuillez vous inscrire et r\u00e9gler votre compte \u00e0 votre arriv\u00e9e &#8211; Limite de vitesse au pas de course<\/h4>\n<ol>\n<li><strong>Heures de bureau<\/strong> &#8211; sont saisonni\u00e8res et seront affich\u00e9es sur la porte du bureau.<\/li>\n<li>Les <strong>campings<\/strong> sont g\u00e9n\u00e9ralement disponibles \u00e0 partir de 13 heures, avec un d\u00e9part \u00e0 10 heures. Un emplacement comprend 1 tente, 1 voiture, 2 personnes &#8211; des frais suppl\u00e9mentaires s&rsquo;appliqueront selon votre tarif pour les personnes suppl\u00e9mentaires, les tentes, etc. Le nombre maximum de personnes par emplacement est de 6.<\/li>\n<li><strong>Caravanes\/caravanes r\u00e9sidenti<\/strong> elles &#8211; Tous les timons doivent \u00eatre orient\u00e9s vers la route en cas d&rsquo;\u00e9vacuation d&rsquo;urgence.<\/li>\n<li><strong>Tous les v\u00e9hicules, caravanes et camping-cars<\/strong> qui occupent des emplacements sur la rivi\u00e8re ne doivent pas \u00eatre laiss\u00e9s sans surveillance pendant la nuit.<\/li>\n<li><strong>H\u00e9bergement sur place<\/strong> &#8211; sera g\u00e9n\u00e9ralement disponible de 14h \u00e0 15h le jour de l&rsquo;arriv\u00e9e avec un d\u00e9part strictement \u00e0 10h le dernier jour. Veuillez laisser votre cabine propre et bien rang\u00e9e pour \u00e9viter des frais de nettoyage suppl\u00e9mentaires. Vous \u00eates responsable des bris ou des dommages caus\u00e9s par votre groupe ou vos visiteurs.<\/li>\n<li><strong>G\u00e9n\u00e9rateurs<\/strong> &#8211; ne sont pas autoris\u00e9s dans le parc<\/li>\n<li>Les <strong>animaux domestiques<\/strong> ne sont pas autoris\u00e9s dans le parc.<\/li>\n<li><strong>Bicyclettes<\/strong> &#8211; le port du casque est obligatoire pour faire du v\u00e9lo dans le parc. Les v\u00e9los ne doivent pas \u00eatre utilis\u00e9s apr\u00e8s la tomb\u00e9e de la nuit.<\/li>\n<li>L&rsquo;<strong>aire de jeux<\/strong> &#8211; est r\u00e9serv\u00e9e aux enfants de moins de 12 ans et uniquement pendant la journ\u00e9e.<\/li>\n<li><strong>Annulations ou d\u00e9parts anticip\u00e9s<\/strong> &#8211; veuillez r\u00e9server soigneusement. Si vous changez d&rsquo;avis apr\u00e8s l&rsquo;arriv\u00e9e &#8211; aucun remboursement. Veuillez consulter notre <a href=\"https:\/\/www.cumberlandriver.com.au\/fr\/politiques\/annulation-et-remboursements\/\">politique d&rsquo;annulation<\/a> pour plus d&rsquo;informations.<\/li>\n<li>Les <strong>feux<\/strong> sont autoris\u00e9s UNIQUEMENT dans les bacs \u00e0 feu pr\u00e9vus \u00e0 cet effet (conform\u00e9ment \u00e0 la r\u00e9glementation de l&rsquo;AFC), \u00e0 la discr\u00e9tion des g\u00e9rants et pas les jours d&rsquo;interdiction totale des feux. Des frais de location s&rsquo;appliquent. Veuillez ne pas d\u00e9poser de d\u00e9tritus, de verre ou d&rsquo;ordures dans les poubelles \u00e0 incendie. Aucun mat\u00e9riau trait\u00e9, peint ou en bois avec des fixations\/clous m\u00e9talliques n&rsquo;est autoris\u00e9. Veuillez consulter notre <a href=\"https:\/\/www.cumberlandriver.com.au\/fr\/politiques\/regles-du-feu-de-camp\/\">politique en mati\u00e8re de feux de camp<\/a>. Toutes les caravanes doivent \u00eatre \u00e9quip\u00e9es d&rsquo;extincteurs et les tentes doivent disposer \u00e0 tout moment d&rsquo;au moins 10 litres d&rsquo;eau dans un seau. Le bois ensach\u00e9 est disponible \u00e0 la vente au kiosque pendant les heures normales de bureau. Les feux doivent \u00eatre compl\u00e8tement \u00e9teints \u00e0 22 heures ou au moment de se retirer.<\/li>\n<li><strong>Plaques chauffantes pour barbecue<\/strong> &#8211; con\u00e7ues pour s&rsquo;adapter \u00e0 votre bac \u00e0 feu, elles sont disponibles \u00e0 la location moyennant un d\u00e9p\u00f4t de garantie en esp\u00e8ces de 20 $ requis, remboursable au retour de votre plaque de barbecue NETTOY\u00c9E.<\/li>\n<li><strong>Douches<\/strong> &#8211; l&rsquo;eau est une denr\u00e9e rare \u00e0 Cumberland River, et nous avons un g\u00e9n\u00e9rateur pour pomper l&rsquo;eau. Veuillez utiliser l&rsquo;eau de mani\u00e8re judicieuse et limiter la dur\u00e9e de votre douche aux 5 minutes pr\u00e9vues par le compteur.<\/li>\n<li><strong>Messages<\/strong> &#8211; ne seront pas livr\u00e9s. Ils seront plac\u00e9s sur le tableau noir \u00e0 l&rsquo;ext\u00e9rieur du bureau \u00e0 votre attention.<\/li>\n<li><strong>Visiteurs<\/strong> &#8211; doivent s&rsquo;inscrire au bureau \u00e0 leur arriv\u00e9e car le paiement de frais suppl\u00e9mentaires est requis. Les voitures des visiteurs doivent \u00eatre laiss\u00e9es \u00e0 l&rsquo;ext\u00e9rieur sur le parking. Une seule voiture par site\/cabine.<\/li>\n<li><strong>Laverie<\/strong> &#8211; une machine \u00e0 laver et un s\u00e8che-linge sont disponibles. La machine \u00e0 laver utilise 4 pi\u00e8ces de 1 $ pour un cycle de 35 minutes et le s\u00e8che-linge utilise 4 pi\u00e8ces de 1 $ ou 2 pi\u00e8ces de 2 $ pour un cycle de 20 minutes. De la lessive en poudre et de la monnaie sont disponibles \u00e0 notre bureau pendant les heures normales de bureau. Des cordes \u00e0 linge sont \u00e9galement fournies &#8211; les cordes faites maison entre les arbres et les tentes ne sont pas autoris\u00e9es et seront retir\u00e9es par la direction sans avertissement pr\u00e9alable.<\/li>\n<li><strong>Comportement<\/strong> &#8211; nous vous demandons de respecter le droit des autres r\u00e9sidents \u00e0 jouir paisiblement du parc. La musique et le bruit doivent \u00eatre r\u00e9duits au minimum et cesser \u00e0 22 heures. L&rsquo;ivresse, les comportements offensants et les f\u00eates tapageuses ne seront pas tol\u00e9r\u00e9s. Vous \u00eates responsable de ceux de votre entreprise. La direction a le droit de mettre fin \u00e0 l&rsquo;occupation pour toute violation des r\u00e8gles ou toute conduite ind\u00e9sirable.<\/li>\n<li>Les <strong>d\u00e9chets<\/strong> &#8211; doivent \u00eatre emball\u00e9s et plac\u00e9s dans les poubelles pr\u00e9vues \u00e0 cet effet \u00e0 la station d&rsquo;\u00e9puration. Veuillez garder votre site propre et bien rang\u00e9. Veuillez vider les poubelles dans les cabines et les d\u00e9poser \u00e0 la station d&rsquo;\u00e9puration au moment du d\u00e9part.<\/li>\n<li><strong>Kiosque<\/strong> &#8211; lait, pain, journaux (saisonniers), glace, boissons, glaces, recharges GPL (\u00e0 condition que votre bouteille ait pass\u00e9 un contr\u00f4le de s\u00e9curit\u00e9 au cours des 10 derni\u00e8res ann\u00e9es), sacs de bois, une petite gamme d&rsquo;articles d&rsquo;\u00e9picerie et divers sont disponibles pendant les heures normales de bureau.<\/li>\n<li><strong>Responsabilit\u00e9<\/strong> &#8211; toute personne entre dans le parc \u00e0 ses propres risques et est totalement responsable de ses biens et de ses v\u00e9hicules \u00e0 moteur.<\/li>\n<\/ol>\n<div class=\"is-divider divider clearfix\" style=\"margin-top:1.5em;margin-bottom:1.5em;max-width:100%;height:1px;\"><\/div>\n\n\t<a class=\"plain\" href=\"\/wp-content\/uploads\/2022\/09\/CR_PARK-RULES.pdf\" target=\"_blank\" rel=\"noopener\" >\t<div class=\"icon-box featured-box icon-box-left text-left\"  >\n\t\t\t\t\t<div class=\"icon-box-img\" style=\"width: 45px\">\n\t\t\t\t<div class=\"icon\">\n\t\t\t\t\t<div class=\"icon-inner\" style=\"color:rgb(64, 100, 37);\">\n\t\t\t\t\t\t<?xml version=\"1.0\" encoding=\"utf-8\"?>\n<!-- Generator: Adobe Illustrator 25.4.1, SVG Export Plug-In . SVG Version: 6.00 Build 0)  -->\n<svg version=\"1.1\" id=\"Layer_1\" xmlns=\"http:\/\/www.w3.org\/2000\/svg\" xmlns:xlink=\"http:\/\/www.w3.org\/1999\/xlink\" x=\"0px\" y=\"0px\"\n\t viewBox=\"0 0 409.6 512\" style=\"enable-background:new 0 0 409.6 512;\" xml:space=\"preserve\">\n<path d=\"M256.1,0H64C28.7,0,0,28.7,0,64v384c0,35.3,28.7,64,64,64h281.6c35.3,0,64-28.7,64-64V153.6L256.1,0z M360.3,140.8h-53.1\n\tc-21.2,0-38.4-17.2-38.4-38.4V49.1L360.3,140.8z M384,448c0,21.2-17.2,38.4-38.4,38.4H64c-21.2,0-38.4-17.2-38.4-38.4V64\n\tc0-21.2,17.2-38.4,38.4-38.4h179.2v76.8c0,35.3,28.7,64,64,64H384V448z\"\/>\n<g>\n\t<path d=\"M136.8,291.6c-6.4,5.3-15.5,8-27.4,8H86.6v39.3H63.9V229.6h46.9c10.8,0,19.4,2.8,25.9,8.5c6.4,5.6,9.7,14.4,9.7,26.2\n\t\tC146.4,277.1,143.2,286.2,136.8,291.6z M119.3,252.2c-2.9-2.4-6.9-3.6-12.2-3.6H86.5v32.2h20.6c5.2,0,9.3-1.3,12.2-3.9\n\t\ts4.3-6.8,4.3-12.5C123.7,258.7,122.2,254.6,119.3,252.2z\"\/>\n\t<path d=\"M228.7,231.9c7.7,2.5,13.9,7.1,18.6,13.9c3.8,5.4,6.4,11.3,7.8,17.7c1.4,6.3,2.1,12.4,2.1,18.1c0,14.5-2.9,26.8-8.8,36.9\n\t\tc-7.9,13.6-20.1,20.4-36.7,20.4h-47.1V229.6h47.2C218.6,229.7,224.2,230.5,228.7,231.9z M186.9,248.6v71.3H208\n\t\tc10.8,0,18.3-5.3,22.6-15.9c2.3-5.8,3.5-12.8,3.5-20.8c0-11.1-1.7-19.7-5.2-25.6c-3.5-6-10.4-8.9-20.8-8.9h-21.2V248.6z\"\/>\n\t<path d=\"M274.4,229.7h77.9v19.2H297V274h48.4v19H297v45.8h-22.7V229.7H274.4z\"\/>\n<\/g>\n<\/svg>\n\t\t\t\t\t<\/div>\n\t\t\t\t<\/div>\n\t\t\t<\/div>\n\t\t\t\t<div class=\"icon-box-text last-reset\">\n\t\t\t\t\t\t\t\t\t\r\n\r\n\t<div id=\"text-1100161357\" class=\"text\">\n\t\t\r\n\r\n<h5>T\u00e9l\u00e9charger le r\u00e8glement du parc<\/h5>\nLes r\u00e8gles de notre parc sont con\u00e7ues pour que chacun puisse profiter de la belle vall\u00e9e paisible qui fait la r\u00e9putation de Cumberland. T\u00e9l\u00e9chargez ceci pour votre r\u00e9f\u00e9rence.\r\n\t\t\n<style>\n#text-1100161357 {\n  font-size: 1rem;\n  line-height: 1.25;\n}\n<\/style>\n\t<\/div>\n\t\r\n\r\n\t\t<\/div>\n\t<\/div>\n\t<\/a>\n\t\n\t<div id=\"gap-1314156133\" class=\"gap-element clearfix\" style=\"display:block; height:auto;\">\n\t\t\n<style>\n#gap-1314156133 {\n  padding-top: 30px;\n}\n<\/style>\n\t<\/div>\n\t\n<h3>Nous esp\u00e9rons que vous passerez un s\u00e9jour agr\u00e9able \u00e0 Cumberland River et nous nous r\u00e9jouissons de vous revoir bient\u00f4t !<\/h3>\n\t\t<\/div>\n\t\t\t\t\t<\/div>\n\n\t\n<\/div>\n","protected":false},"excerpt":{"rendered":"","protected":false},"author":1,"featured_media":0,"parent":9782,"menu_order":10,"comment_status":"closed","ping_status":"closed","template":"","meta":{"footnotes":""},"class_list":["post-9762","page","type-page","status-publish","hentry"],"_links":{"self":[{"href":"https:\/\/www.cumberlandriver.com.au\/fr\/wp-json\/wp\/v2\/pages\/9762","targetHints":{"allow":["GET"]}}],"collection":[{"href":"https:\/\/www.cumberlandriver.com.au\/fr\/wp-json\/wp\/v2\/pages"}],"about":[{"href":"https:\/\/www.cumberlandriver.com.au\/fr\/wp-json\/wp\/v2\/types\/page"}],"author":[{"embeddable":true,"href":"https:\/\/www.cumberlandriver.com.au\/fr\/wp-json\/wp\/v2\/users\/1"}],"replies":[{"embeddable":true,"href":"https:\/\/www.cumberlandriver.com.au\/fr\/wp-json\/wp\/v2\/comments?post=9762"}],"version-history":[{"count":0,"href":"https:\/\/www.cumberlandriver.com.au\/fr\/wp-json\/wp\/v2\/pages\/9762\/revisions"}],"up":[{"embeddable":true,"href":"https:\/\/www.cumberlandriver.com.au\/fr\/wp-json\/wp\/v2\/pages\/9782"}],"wp:attachment":[{"href":"https:\/\/www.cumberlandriver.com.au\/fr\/wp-json\/wp\/v2\/media?parent=9762"}],"curies":[{"name":"wp","href":"https:\/\/api.w.org\/{rel}","templated":true}]}}