{"id":9772,"date":"2022-06-25T13:57:15","date_gmt":"2022-06-25T03:57:15","guid":{"rendered":"https:\/\/cumberlandriver.com.au\/regles-du-feu-de-camp\/"},"modified":"2022-12-01T12:02:56","modified_gmt":"2022-12-01T01:02:56","slug":"regles-du-feu-de-camp","status":"publish","type":"page","link":"https:\/\/www.cumberlandriver.com.au\/fr\/politiques\/regles-du-feu-de-camp\/","title":{"rendered":"R\u00e8gles du feu de camp"},"content":{"rendered":"<div class=\"row\"  id=\"row-844192189\">\n\n\t<div id=\"col-66188717\" class=\"col medium-4 small-12 large-4 col-divided\"  >\n\t\t\t\t<div class=\"col-inner\"  >\n\t\t\t\n\t\t\t\n<h3>Nos politiques<\/h3>\n<div class=\"nav-wrapper\"><ul class=\"nav nav-uppercase nav-vertical nav-line text-left nav-left\"><p class=\"lead shortcode-error text-center\">Sorry, no pages was found<\/p><\/ul><\/div>\n\t\t<\/div>\n\t\t\t\t\t<\/div>\n\n\t\n\n\t<div id=\"col-637449462\" class=\"col medium-8 small-12 large-8 col-divided\"  >\n\t\t\t\t<div class=\"col-inner\"  >\n\t\t\t\n\t\t\t\n<h1>R\u00e8gles relatives aux feux de camp dans les parcs de vacances<\/h1>\n<p><span style=\"text-decoration: underline;\"><strong>PAS DE FEUX LES JOURS D&rsquo;INTERDICTION TOTALE D&rsquo;INCENDIE<\/strong><\/span><br \/>\nPouvoir profiter d&rsquo;un feu de camp est un privil\u00e8ge ! Veuillez respecter le r\u00e8glement si vous souhaitez que l&rsquo;utilisation des barils de feu au Cumberland River Holiday Park se poursuive. La direction ne sera pas tenue responsable si les clients enfreignent les r\u00e8gles d&rsquo;incendie de l&rsquo;AFC ou du parc.<\/p>\n<h3>Veuillez respecter toutes les r\u00e8gles suivantes<\/h3>\n\n\t\t<div class=\"icon-box featured-box icon-box-left text-left\"  >\n\t\t\t\t\t<div class=\"icon-box-img\" style=\"width: 20px\">\n\t\t\t\t<div class=\"icon\">\n\t\t\t\t\t<div class=\"icon-inner\" style=\"color:rgb(64, 100, 37);\">\n\t\t\t\t\t\t<?xml version=\"1.0\" encoding=\"utf-8\"?>\n<!-- Generator: Adobe Illustrator 26.5.0, SVG Export Plug-In . SVG Version: 6.00 Build 0)  -->\n<svg version=\"1.1\" id=\"Layer_1\" xmlns=\"http:\/\/www.w3.org\/2000\/svg\" xmlns:xlink=\"http:\/\/www.w3.org\/1999\/xlink\" x=\"0px\" y=\"0px\"\n\t viewBox=\"0 0 52.4 52.4\" style=\"enable-background:new 0 0 52.4 52.4;\" xml:space=\"preserve\">\n<g>\n\t<path d=\"M16.6,48.7c-1.2,0-2.3-0.5-3.1-1.5c-1.4-1.7-1.1-4.2,0.6-5.6l19.1-15.4L14.1,10.8c-1.7-1.4-2-3.9-0.6-5.6\n\t\tc1.4-1.7,3.9-2,5.6-0.6l22.9,18.5c0.9,0.8,1.5,1.9,1.5,3.1s-0.5,2.4-1.5,3.1L19.2,47.8C18.4,48.4,17.5,48.7,16.6,48.7z\"\/>\n<\/g>\n<\/svg>\n\t\t\t\t\t<\/div>\n\t\t\t\t<\/div>\n\t\t\t<\/div>\n\t\t\t\t<div class=\"icon-box-text last-reset\">\n\t\t\t\t\t\t\t\t\t\n<p>Les incendies doivent \u00eatre surveill\u00e9s \u00e0 tout moment.<\/p>\n\t\t<\/div>\n\t<\/div>\n\t\n\t\n\n\t\t<div class=\"icon-box featured-box icon-box-left text-left\"  >\n\t\t\t\t\t<div class=\"icon-box-img\" style=\"width: 20px\">\n\t\t\t\t<div class=\"icon\">\n\t\t\t\t\t<div class=\"icon-inner\" style=\"color:rgb(64, 100, 37);\">\n\t\t\t\t\t\t<?xml version=\"1.0\" encoding=\"utf-8\"?>\n<!-- Generator: Adobe Illustrator 26.5.0, SVG Export Plug-In . SVG Version: 6.00 Build 0)  -->\n<svg version=\"1.1\" id=\"Layer_1\" xmlns=\"http:\/\/www.w3.org\/2000\/svg\" xmlns:xlink=\"http:\/\/www.w3.org\/1999\/xlink\" x=\"0px\" y=\"0px\"\n\t viewBox=\"0 0 52.4 52.4\" style=\"enable-background:new 0 0 52.4 52.4;\" xml:space=\"preserve\">\n<g>\n\t<path d=\"M16.6,48.7c-1.2,0-2.3-0.5-3.1-1.5c-1.4-1.7-1.1-4.2,0.6-5.6l19.1-15.4L14.1,10.8c-1.7-1.4-2-3.9-0.6-5.6\n\t\tc1.4-1.7,3.9-2,5.6-0.6l22.9,18.5c0.9,0.8,1.5,1.9,1.5,3.1s-0.5,2.4-1.5,3.1L19.2,47.8C18.4,48.4,17.5,48.7,16.6,48.7z\"\/>\n<\/g>\n<\/svg>\n\t\t\t\t\t<\/div>\n\t\t\t\t<\/div>\n\t\t\t<\/div>\n\t\t\t\t<div class=\"icon-box-text last-reset\">\n\t\t\t\t\t\t\t\t\t\n<p>10 litres d&rsquo;eau doivent se trouver \u00e0 c\u00f4t\u00e9 du tambour de feu lorsqu&rsquo;il est utilis\u00e9.<\/p>\n\t\t<\/div>\n\t<\/div>\n\t\n\t\n\n\t\t<div class=\"icon-box featured-box icon-box-left text-left\"  >\n\t\t\t\t\t<div class=\"icon-box-img\" style=\"width: 20px\">\n\t\t\t\t<div class=\"icon\">\n\t\t\t\t\t<div class=\"icon-inner\" style=\"color:rgb(64, 100, 37);\">\n\t\t\t\t\t\t<?xml version=\"1.0\" encoding=\"utf-8\"?>\n<!-- Generator: Adobe Illustrator 26.5.0, SVG Export Plug-In . SVG Version: 6.00 Build 0)  -->\n<svg version=\"1.1\" id=\"Layer_1\" xmlns=\"http:\/\/www.w3.org\/2000\/svg\" xmlns:xlink=\"http:\/\/www.w3.org\/1999\/xlink\" x=\"0px\" y=\"0px\"\n\t viewBox=\"0 0 52.4 52.4\" style=\"enable-background:new 0 0 52.4 52.4;\" xml:space=\"preserve\">\n<g>\n\t<path d=\"M16.6,48.7c-1.2,0-2.3-0.5-3.1-1.5c-1.4-1.7-1.1-4.2,0.6-5.6l19.1-15.4L14.1,10.8c-1.7-1.4-2-3.9-0.6-5.6\n\t\tc1.4-1.7,3.9-2,5.6-0.6l22.9,18.5c0.9,0.8,1.5,1.9,1.5,3.1s-0.5,2.4-1.5,3.1L19.2,47.8C18.4,48.4,17.5,48.7,16.6,48.7z\"\/>\n<\/g>\n<\/svg>\n\t\t\t\t\t<\/div>\n\t\t\t\t<\/div>\n\t\t\t<\/div>\n\t\t\t\t<div class=\"icon-box-text last-reset\">\n\t\t\t\t\t\t\t\t\t\n<p>Tous les feux doivent \u00eatre \u00e9teints \u00e0 l&rsquo;eau avant 22 heures.<\/p>\n\t\t<\/div>\n\t<\/div>\n\t\n\t\n\n\t\t<div class=\"icon-box featured-box icon-box-left text-left\"  >\n\t\t\t\t\t<div class=\"icon-box-img\" style=\"width: 20px\">\n\t\t\t\t<div class=\"icon\">\n\t\t\t\t\t<div class=\"icon-inner\" style=\"color:rgb(64, 100, 37);\">\n\t\t\t\t\t\t<?xml version=\"1.0\" encoding=\"utf-8\"?>\n<!-- Generator: Adobe Illustrator 26.5.0, SVG Export Plug-In . SVG Version: 6.00 Build 0)  -->\n<svg version=\"1.1\" id=\"Layer_1\" xmlns=\"http:\/\/www.w3.org\/2000\/svg\" xmlns:xlink=\"http:\/\/www.w3.org\/1999\/xlink\" x=\"0px\" y=\"0px\"\n\t viewBox=\"0 0 52.4 52.4\" style=\"enable-background:new 0 0 52.4 52.4;\" xml:space=\"preserve\">\n<g>\n\t<path d=\"M16.6,48.7c-1.2,0-2.3-0.5-3.1-1.5c-1.4-1.7-1.1-4.2,0.6-5.6l19.1-15.4L14.1,10.8c-1.7-1.4-2-3.9-0.6-5.6\n\t\tc1.4-1.7,3.9-2,5.6-0.6l22.9,18.5c0.9,0.8,1.5,1.9,1.5,3.1s-0.5,2.4-1.5,3.1L19.2,47.8C18.4,48.4,17.5,48.7,16.6,48.7z\"\/>\n<\/g>\n<\/svg>\n\t\t\t\t\t<\/div>\n\t\t\t\t<\/div>\n\t\t\t<\/div>\n\t\t\t\t<div class=\"icon-box-text last-reset\">\n\t\t\t\t\t\t\t\t\t\n<p>La collecte de bois de brousse et de plage est interdite ; des sanctions s&rsquo;appliquent.<\/p>\n\t\t<\/div>\n\t<\/div>\n\t\n\t\n\n\t\t<div class=\"icon-box featured-box icon-box-left text-left\"  >\n\t\t\t\t\t<div class=\"icon-box-img\" style=\"width: 20px\">\n\t\t\t\t<div class=\"icon\">\n\t\t\t\t\t<div class=\"icon-inner\" style=\"color:rgb(64, 100, 37);\">\n\t\t\t\t\t\t<?xml version=\"1.0\" encoding=\"utf-8\"?>\n<!-- Generator: Adobe Illustrator 26.5.0, SVG Export Plug-In . SVG Version: 6.00 Build 0)  -->\n<svg version=\"1.1\" id=\"Layer_1\" xmlns=\"http:\/\/www.w3.org\/2000\/svg\" xmlns:xlink=\"http:\/\/www.w3.org\/1999\/xlink\" x=\"0px\" y=\"0px\"\n\t viewBox=\"0 0 52.4 52.4\" style=\"enable-background:new 0 0 52.4 52.4;\" xml:space=\"preserve\">\n<g>\n\t<path d=\"M16.6,48.7c-1.2,0-2.3-0.5-3.1-1.5c-1.4-1.7-1.1-4.2,0.6-5.6l19.1-15.4L14.1,10.8c-1.7-1.4-2-3.9-0.6-5.6\n\t\tc1.4-1.7,3.9-2,5.6-0.6l22.9,18.5c0.9,0.8,1.5,1.9,1.5,3.1s-0.5,2.4-1.5,3.1L19.2,47.8C18.4,48.4,17.5,48.7,16.6,48.7z\"\/>\n<\/g>\n<\/svg>\n\t\t\t\t\t<\/div>\n\t\t\t\t<\/div>\n\t\t\t<\/div>\n\t\t\t\t<div class=\"icon-box-text last-reset\">\n\t\t\t\t\t\t\t\t\t\n<p>Le sol et l&rsquo;espace a\u00e9rien situ\u00e9s \u00e0 moins de 3 m\u00e8tres du feu doivent \u00eatre exempts de mat\u00e9riaux inflammables.<\/p>\n\t\t<\/div>\n\t<\/div>\n\t\n\t\n\n\t\t<div class=\"icon-box featured-box icon-box-left text-left\"  >\n\t\t\t\t\t<div class=\"icon-box-img\" style=\"width: 20px\">\n\t\t\t\t<div class=\"icon\">\n\t\t\t\t\t<div class=\"icon-inner\" style=\"color:rgb(64, 100, 37);\">\n\t\t\t\t\t\t<?xml version=\"1.0\" encoding=\"utf-8\"?>\n<!-- Generator: Adobe Illustrator 26.5.0, SVG Export Plug-In . SVG Version: 6.00 Build 0)  -->\n<svg version=\"1.1\" id=\"Layer_1\" xmlns=\"http:\/\/www.w3.org\/2000\/svg\" xmlns:xlink=\"http:\/\/www.w3.org\/1999\/xlink\" x=\"0px\" y=\"0px\"\n\t viewBox=\"0 0 52.4 52.4\" style=\"enable-background:new 0 0 52.4 52.4;\" xml:space=\"preserve\">\n<g>\n\t<path d=\"M16.6,48.7c-1.2,0-2.3-0.5-3.1-1.5c-1.4-1.7-1.1-4.2,0.6-5.6l19.1-15.4L14.1,10.8c-1.7-1.4-2-3.9-0.6-5.6\n\t\tc1.4-1.7,3.9-2,5.6-0.6l22.9,18.5c0.9,0.8,1.5,1.9,1.5,3.1s-0.5,2.4-1.5,3.1L19.2,47.8C18.4,48.4,17.5,48.7,16.6,48.7z\"\/>\n<\/g>\n<\/svg>\n\t\t\t\t\t<\/div>\n\t\t\t\t<\/div>\n\t\t\t<\/div>\n\t\t\t\t<div class=\"icon-box-text last-reset\">\n\t\t\t\t\t\t\t\t\t\n<p>Le sol et l&rsquo;espace a\u00e9rien situ\u00e9s \u00e0 moins de 3 m\u00e8tres du feu doivent \u00eatre exempts de mat\u00e9riaux inflammables.<\/p>\n\t\t<\/div>\n\t<\/div>\n\t\n\t\n\n\t\t<div class=\"icon-box featured-box icon-box-left text-left\"  >\n\t\t\t\t\t<div class=\"icon-box-img\" style=\"width: 20px\">\n\t\t\t\t<div class=\"icon\">\n\t\t\t\t\t<div class=\"icon-inner\" style=\"color:rgb(64, 100, 37);\">\n\t\t\t\t\t\t<?xml version=\"1.0\" encoding=\"utf-8\"?>\n<!-- Generator: Adobe Illustrator 26.5.0, SVG Export Plug-In . SVG Version: 6.00 Build 0)  -->\n<svg version=\"1.1\" id=\"Layer_1\" xmlns=\"http:\/\/www.w3.org\/2000\/svg\" xmlns:xlink=\"http:\/\/www.w3.org\/1999\/xlink\" x=\"0px\" y=\"0px\"\n\t viewBox=\"0 0 52.4 52.4\" style=\"enable-background:new 0 0 52.4 52.4;\" xml:space=\"preserve\">\n<g>\n\t<path d=\"M16.6,48.7c-1.2,0-2.3-0.5-3.1-1.5c-1.4-1.7-1.1-4.2,0.6-5.6l19.1-15.4L14.1,10.8c-1.7-1.4-2-3.9-0.6-5.6\n\t\tc1.4-1.7,3.9-2,5.6-0.6l22.9,18.5c0.9,0.8,1.5,1.9,1.5,3.1s-0.5,2.4-1.5,3.1L19.2,47.8C18.4,48.4,17.5,48.7,16.6,48.7z\"\/>\n<\/g>\n<\/svg>\n\t\t\t\t\t<\/div>\n\t\t\t\t<\/div>\n\t\t\t<\/div>\n\t\t\t\t<div class=\"icon-box-text last-reset\">\n\t\t\t\t\t\t\t\t\t\n<p>Les feux ne sont autoris\u00e9s que dans les bacs \u00e0 feu fournis par le parc.<\/p>\n\t\t<\/div>\n\t<\/div>\n\t\n\t\n\n\t\t<div class=\"icon-box featured-box icon-box-left text-left\"  >\n\t\t\t\t\t<div class=\"icon-box-img\" style=\"width: 20px\">\n\t\t\t\t<div class=\"icon\">\n\t\t\t\t\t<div class=\"icon-inner\" style=\"color:rgb(64, 100, 37);\">\n\t\t\t\t\t\t<?xml version=\"1.0\" encoding=\"utf-8\"?>\n<!-- Generator: Adobe Illustrator 26.5.0, SVG Export Plug-In . SVG Version: 6.00 Build 0)  -->\n<svg version=\"1.1\" id=\"Layer_1\" xmlns=\"http:\/\/www.w3.org\/2000\/svg\" xmlns:xlink=\"http:\/\/www.w3.org\/1999\/xlink\" x=\"0px\" y=\"0px\"\n\t viewBox=\"0 0 52.4 52.4\" style=\"enable-background:new 0 0 52.4 52.4;\" xml:space=\"preserve\">\n<g>\n\t<path d=\"M16.6,48.7c-1.2,0-2.3-0.5-3.1-1.5c-1.4-1.7-1.1-4.2,0.6-5.6l19.1-15.4L14.1,10.8c-1.7-1.4-2-3.9-0.6-5.6\n\t\tc1.4-1.7,3.9-2,5.6-0.6l22.9,18.5c0.9,0.8,1.5,1.9,1.5,3.1s-0.5,2.4-1.5,3.1L19.2,47.8C18.4,48.4,17.5,48.7,16.6,48.7z\"\/>\n<\/g>\n<\/svg>\n\t\t\t\t\t<\/div>\n\t\t\t\t<\/div>\n\t\t\t<\/div>\n\t\t\t\t<div class=\"icon-box-text last-reset\">\n\t\t\t\t\t\t\t\t\t\n<p>Il est pr\u00e9f\u00e9rable que le bois soit achet\u00e9 \u00e0 notre kiosque. Il est interdit d&rsquo;utiliser du bois trait\u00e9 ou du bois avec des clous ou des vis.<\/p>\n\t\t<\/div>\n\t<\/div>\n\t\n\t\n\n\t\t<div class=\"icon-box featured-box icon-box-left text-left\"  >\n\t\t\t\t\t<div class=\"icon-box-img\" style=\"width: 20px\">\n\t\t\t\t<div class=\"icon\">\n\t\t\t\t\t<div class=\"icon-inner\" style=\"color:rgb(64, 100, 37);\">\n\t\t\t\t\t\t<?xml version=\"1.0\" encoding=\"utf-8\"?>\n<!-- Generator: Adobe Illustrator 26.5.0, SVG Export Plug-In . SVG Version: 6.00 Build 0)  -->\n<svg version=\"1.1\" id=\"Layer_1\" xmlns=\"http:\/\/www.w3.org\/2000\/svg\" xmlns:xlink=\"http:\/\/www.w3.org\/1999\/xlink\" x=\"0px\" y=\"0px\"\n\t viewBox=\"0 0 52.4 52.4\" style=\"enable-background:new 0 0 52.4 52.4;\" xml:space=\"preserve\">\n<g>\n\t<path d=\"M16.6,48.7c-1.2,0-2.3-0.5-3.1-1.5c-1.4-1.7-1.1-4.2,0.6-5.6l19.1-15.4L14.1,10.8c-1.7-1.4-2-3.9-0.6-5.6\n\t\tc1.4-1.7,3.9-2,5.6-0.6l22.9,18.5c0.9,0.8,1.5,1.9,1.5,3.1s-0.5,2.4-1.5,3.1L19.2,47.8C18.4,48.4,17.5,48.7,16.6,48.7z\"\/>\n<\/g>\n<\/svg>\n\t\t\t\t\t<\/div>\n\t\t\t\t<\/div>\n\t\t\t<\/div>\n\t\t\t\t<div class=\"icon-box-text last-reset\">\n\t\t\t\t\t\t\t\t\t\n<p>Les personnes qui apportent leur propre bois de chauffage doivent emporter tout le bois non br\u00fbl\u00e9 \u00e0 leur d\u00e9part.<\/p>\n\t\t<\/div>\n\t<\/div>\n\t\n\t\n\n\t\t<div class=\"icon-box featured-box icon-box-left text-left\"  >\n\t\t\t\t\t<div class=\"icon-box-img\" style=\"width: 20px\">\n\t\t\t\t<div class=\"icon\">\n\t\t\t\t\t<div class=\"icon-inner\" style=\"color:rgb(64, 100, 37);\">\n\t\t\t\t\t\t<?xml version=\"1.0\" encoding=\"utf-8\"?>\n<!-- Generator: Adobe Illustrator 26.5.0, SVG Export Plug-In . SVG Version: 6.00 Build 0)  -->\n<svg version=\"1.1\" id=\"Layer_1\" xmlns=\"http:\/\/www.w3.org\/2000\/svg\" xmlns:xlink=\"http:\/\/www.w3.org\/1999\/xlink\" x=\"0px\" y=\"0px\"\n\t viewBox=\"0 0 52.4 52.4\" style=\"enable-background:new 0 0 52.4 52.4;\" xml:space=\"preserve\">\n<g>\n\t<path d=\"M16.6,48.7c-1.2,0-2.3-0.5-3.1-1.5c-1.4-1.7-1.1-4.2,0.6-5.6l19.1-15.4L14.1,10.8c-1.7-1.4-2-3.9-0.6-5.6\n\t\tc1.4-1.7,3.9-2,5.6-0.6l22.9,18.5c0.9,0.8,1.5,1.9,1.5,3.1s-0.5,2.4-1.5,3.1L19.2,47.8C18.4,48.4,17.5,48.7,16.6,48.7z\"\/>\n<\/g>\n<\/svg>\n\t\t\t\t\t<\/div>\n\t\t\t\t<\/div>\n\t\t\t<\/div>\n\t\t\t\t<div class=\"icon-box-text last-reset\">\n\t\t\t\t\t\t\t\t\t\n<p>Il est interdit de couper, de fendre ou de tron\u00e7onner du bois sur le terrain du parc.<\/p>\n\t\t<\/div>\n\t<\/div>\n\t\n\t\n\n\t\t<div class=\"icon-box featured-box icon-box-left text-left\"  >\n\t\t\t\t\t<div class=\"icon-box-img\" style=\"width: 20px\">\n\t\t\t\t<div class=\"icon\">\n\t\t\t\t\t<div class=\"icon-inner\" style=\"color:rgb(64, 100, 37);\">\n\t\t\t\t\t\t<?xml version=\"1.0\" encoding=\"utf-8\"?>\n<!-- Generator: Adobe Illustrator 26.5.0, SVG Export Plug-In . SVG Version: 6.00 Build 0)  -->\n<svg version=\"1.1\" id=\"Layer_1\" xmlns=\"http:\/\/www.w3.org\/2000\/svg\" xmlns:xlink=\"http:\/\/www.w3.org\/1999\/xlink\" x=\"0px\" y=\"0px\"\n\t viewBox=\"0 0 52.4 52.4\" style=\"enable-background:new 0 0 52.4 52.4;\" xml:space=\"preserve\">\n<g>\n\t<path d=\"M16.6,48.7c-1.2,0-2.3-0.5-3.1-1.5c-1.4-1.7-1.1-4.2,0.6-5.6l19.1-15.4L14.1,10.8c-1.7-1.4-2-3.9-0.6-5.6\n\t\tc1.4-1.7,3.9-2,5.6-0.6l22.9,18.5c0.9,0.8,1.5,1.9,1.5,3.1s-0.5,2.4-1.5,3.1L19.2,47.8C18.4,48.4,17.5,48.7,16.6,48.7z\"\/>\n<\/g>\n<\/svg>\n\t\t\t\t\t<\/div>\n\t\t\t\t<\/div>\n\t\t\t<\/div>\n\t\t\t\t<div class=\"icon-box-text last-reset\">\n\t\t\t\t\t\t\t\t\t\n<p>Le personnel a le pouvoir d&rsquo;interdire tous les feux les jours de grand vent et de m\u00e9t\u00e9o d\u00e9favorable et de retirer les barils de feu s&rsquo;ils sont utilis\u00e9s de mani\u00e8re inappropri\u00e9e.<\/p>\n\t\t<\/div>\n\t<\/div>\n\t\n\t\n\n\t\t<div class=\"icon-box featured-box icon-box-left text-left\"  >\n\t\t\t\t\t<div class=\"icon-box-img\" style=\"width: 20px\">\n\t\t\t\t<div class=\"icon\">\n\t\t\t\t\t<div class=\"icon-inner\" style=\"color:rgb(64, 100, 37);\">\n\t\t\t\t\t\t<?xml version=\"1.0\" encoding=\"utf-8\"?>\n<!-- Generator: Adobe Illustrator 26.5.0, SVG Export Plug-In . SVG Version: 6.00 Build 0)  -->\n<svg version=\"1.1\" id=\"Layer_1\" xmlns=\"http:\/\/www.w3.org\/2000\/svg\" xmlns:xlink=\"http:\/\/www.w3.org\/1999\/xlink\" x=\"0px\" y=\"0px\"\n\t viewBox=\"0 0 52.4 52.4\" style=\"enable-background:new 0 0 52.4 52.4;\" xml:space=\"preserve\">\n<g>\n\t<path d=\"M16.6,48.7c-1.2,0-2.3-0.5-3.1-1.5c-1.4-1.7-1.1-4.2,0.6-5.6l19.1-15.4L14.1,10.8c-1.7-1.4-2-3.9-0.6-5.6\n\t\tc1.4-1.7,3.9-2,5.6-0.6l22.9,18.5c0.9,0.8,1.5,1.9,1.5,3.1s-0.5,2.4-1.5,3.1L19.2,47.8C18.4,48.4,17.5,48.7,16.6,48.7z\"\/>\n<\/g>\n<\/svg>\n\t\t\t\t\t<\/div>\n\t\t\t\t<\/div>\n\t\t\t<\/div>\n\t\t\t\t<div class=\"icon-box-text last-reset\">\n\t\t\t\t\t\t\t\t\t\n<p>Le non-respect des r\u00e8gles ci-dessus peut entra\u00eener l&rsquo;expulsion.<\/p>\n\t\t<\/div>\n\t<\/div>\n\t\n\t\n<div class=\"is-divider divider clearfix\" style=\"max-width:100%;height:1px;\"><\/div>\n\n\t<a class=\"plain\" href=\"\/wp-content\/uploads\/2022\/09\/CR_FIRE_REGS_1_01.pdf\" target=\"_blank\" rel=\"noopener\" >\t<div class=\"icon-box featured-box icon-box-left text-left\"  >\n\t\t\t\t\t<div class=\"icon-box-img\" style=\"width: 45px\">\n\t\t\t\t<div class=\"icon\">\n\t\t\t\t\t<div class=\"icon-inner\" style=\"color:rgb(64, 100, 37);\">\n\t\t\t\t\t\t<?xml version=\"1.0\" encoding=\"utf-8\"?>\n<!-- Generator: Adobe Illustrator 25.4.1, SVG Export Plug-In . SVG Version: 6.00 Build 0)  -->\n<svg version=\"1.1\" id=\"Layer_1\" xmlns=\"http:\/\/www.w3.org\/2000\/svg\" xmlns:xlink=\"http:\/\/www.w3.org\/1999\/xlink\" x=\"0px\" y=\"0px\"\n\t viewBox=\"0 0 409.6 512\" style=\"enable-background:new 0 0 409.6 512;\" xml:space=\"preserve\">\n<path d=\"M256.1,0H64C28.7,0,0,28.7,0,64v384c0,35.3,28.7,64,64,64h281.6c35.3,0,64-28.7,64-64V153.6L256.1,0z M360.3,140.8h-53.1\n\tc-21.2,0-38.4-17.2-38.4-38.4V49.1L360.3,140.8z M384,448c0,21.2-17.2,38.4-38.4,38.4H64c-21.2,0-38.4-17.2-38.4-38.4V64\n\tc0-21.2,17.2-38.4,38.4-38.4h179.2v76.8c0,35.3,28.7,64,64,64H384V448z\"\/>\n<g>\n\t<path d=\"M136.8,291.6c-6.4,5.3-15.5,8-27.4,8H86.6v39.3H63.9V229.6h46.9c10.8,0,19.4,2.8,25.9,8.5c6.4,5.6,9.7,14.4,9.7,26.2\n\t\tC146.4,277.1,143.2,286.2,136.8,291.6z M119.3,252.2c-2.9-2.4-6.9-3.6-12.2-3.6H86.5v32.2h20.6c5.2,0,9.3-1.3,12.2-3.9\n\t\ts4.3-6.8,4.3-12.5C123.7,258.7,122.2,254.6,119.3,252.2z\"\/>\n\t<path d=\"M228.7,231.9c7.7,2.5,13.9,7.1,18.6,13.9c3.8,5.4,6.4,11.3,7.8,17.7c1.4,6.3,2.1,12.4,2.1,18.1c0,14.5-2.9,26.8-8.8,36.9\n\t\tc-7.9,13.6-20.1,20.4-36.7,20.4h-47.1V229.6h47.2C218.6,229.7,224.2,230.5,228.7,231.9z M186.9,248.6v71.3H208\n\t\tc10.8,0,18.3-5.3,22.6-15.9c2.3-5.8,3.5-12.8,3.5-20.8c0-11.1-1.7-19.7-5.2-25.6c-3.5-6-10.4-8.9-20.8-8.9h-21.2V248.6z\"\/>\n\t<path d=\"M274.4,229.7h77.9v19.2H297V274h48.4v19H297v45.8h-22.7V229.7H274.4z\"\/>\n<\/g>\n<\/svg>\n\t\t\t\t\t<\/div>\n\t\t\t\t<\/div>\n\t\t\t<\/div>\n\t\t\t\t<div class=\"icon-box-text last-reset\">\n\t\t\t\t\t\t\t\t\t\r\n\r\n\t<div id=\"text-3176219363\" class=\"text\">\n\t\t\r\n\r\n<h5>T\u00e9l\u00e9charger Campfire Rules<\/h5>\nPour assurer votre s\u00e9curit\u00e9 et celle des autres patients, vous devez respecter la l\u00e9gislation locale en mati\u00e8re de s\u00e9curit\u00e9 incendie. A t\u00e9l\u00e9charger avant votre s\u00e9jour.\r\n\t\t\n<style>\n#text-3176219363 {\n  font-size: 1rem;\n  line-height: 1.25;\n}\n<\/style>\n\t<\/div>\n\t\r\n\r\n\t\t<\/div>\n\t<\/div>\n\t<\/a>\n\t\n\t\t<\/div>\n\t\t\t\t\t<\/div>\n\n\t\n<\/div>\n","protected":false},"excerpt":{"rendered":"","protected":false},"author":1,"featured_media":0,"parent":9782,"menu_order":30,"comment_status":"closed","ping_status":"closed","template":"","meta":{"footnotes":""},"class_list":["post-9772","page","type-page","status-publish","hentry"],"_links":{"self":[{"href":"https:\/\/www.cumberlandriver.com.au\/fr\/wp-json\/wp\/v2\/pages\/9772","targetHints":{"allow":["GET"]}}],"collection":[{"href":"https:\/\/www.cumberlandriver.com.au\/fr\/wp-json\/wp\/v2\/pages"}],"about":[{"href":"https:\/\/www.cumberlandriver.com.au\/fr\/wp-json\/wp\/v2\/types\/page"}],"author":[{"embeddable":true,"href":"https:\/\/www.cumberlandriver.com.au\/fr\/wp-json\/wp\/v2\/users\/1"}],"replies":[{"embeddable":true,"href":"https:\/\/www.cumberlandriver.com.au\/fr\/wp-json\/wp\/v2\/comments?post=9772"}],"version-history":[{"count":0,"href":"https:\/\/www.cumberlandriver.com.au\/fr\/wp-json\/wp\/v2\/pages\/9772\/revisions"}],"up":[{"embeddable":true,"href":"https:\/\/www.cumberlandriver.com.au\/fr\/wp-json\/wp\/v2\/pages\/9782"}],"wp:attachment":[{"href":"https:\/\/www.cumberlandriver.com.au\/fr\/wp-json\/wp\/v2\/media?parent=9772"}],"curies":[{"name":"wp","href":"https:\/\/api.w.org\/{rel}","templated":true}]}}