{"id":9777,"date":"2021-11-15T22:34:18","date_gmt":"2021-11-15T11:34:18","guid":{"rendered":"https:\/\/cumberlandriver.com.au\/conditions-dutilisation\/"},"modified":"2022-12-01T12:04:36","modified_gmt":"2022-12-01T01:04:36","slug":"conditions-dutilisation","status":"publish","type":"page","link":"https:\/\/www.cumberlandriver.com.au\/fr\/politiques\/conditions-dutilisation\/","title":{"rendered":"Conditions d&rsquo;utilisation"},"content":{"rendered":"<div class=\"row\"  id=\"row-1008711216\">\n\n\t<div id=\"col-1102280722\" class=\"col medium-4 small-12 large-4 col-divided\"  >\n\t\t\t\t<div class=\"col-inner\"  >\n\t\t\t\n\t\t\t\n<h3>Nos politiques<\/h3>\n<div class=\"nav-wrapper\"><ul class=\"nav nav-uppercase nav-vertical nav-line text-left nav-left\"><p class=\"lead shortcode-error text-center\">Sorry, no pages was found<\/p><\/ul><\/div>\n\t\t<\/div>\n\t\t\t\t\t<\/div>\n\n\t\n\n\t<div id=\"col-354187813\" class=\"col medium-8 small-12 large-8 col-divided\"  >\n\t\t\t\t<div class=\"col-inner\"  >\n\t\t\t\n\t\t\t\n<h1>Conditions d&rsquo;utilisation<\/h1>\n<p><strong>Introduction et acceptation des conditions d&rsquo;utilisation<\/strong><\/p>\n<p>Les conditions g\u00e9n\u00e9rales d&rsquo;utilisation et de r\u00e9servation de logement d\u00e9taill\u00e9es ci-dessous r\u00e9gissent la relation contractuelle entre l'\u00a0\u00bbutilisateur\u00a0\u00bb (ci-apr\u00e8s \u00e9galement appel\u00e9 \u00ab\u00a0vous\u00a0\u00bb ou \u00ab\u00a0client\u00a0\u00bb) et <strong>Cumberland River Holiday Park<\/strong> (ci-apr\u00e8s \u00e9galement appel\u00e9 \u00ab\u00a0nous\u00a0\u00bb ou \u00ab\u00a0site web\u00a0\u00bb), appartenant \u00e0 la soci\u00e9t\u00e9 <strong>Cumberland River Holiday Park<\/strong>. Les deux parties acceptent ces conditions sans r\u00e9serve. Ces conditions g\u00e9n\u00e9rales de vente sont les seules applicables et remplacent toutes les autres conditions, sauf d\u00e9rogation expresse, \u00e9crite et pr\u00e9alable. Nous consid\u00e9rons qu&rsquo;en confirmant votre commande, vous avez lu et acceptez sans r\u00e9serve nos conditions g\u00e9n\u00e9rales de vente. Ces conditions d&rsquo;utilisation de la vente sont importantes pour vous et pour <strong>Cumberland River Holiday Park<\/strong> car elles servent \u00e0 prot\u00e9ger vos droits en tant que client appr\u00e9ci\u00e9 et nos droits en tant qu&rsquo;entreprise.<\/p>\n<h3>Modifications des conditions de service et du site web<\/h3>\n<p><strong>Cumberland River Holiday Park<\/strong> est un projet en cours de r\u00e9alisation, et en tant que tel, certaines choses peuvent changer, \u00eatre ajout\u00e9es ou supprim\u00e9es. Nous nous r\u00e9servons le droit de mettre \u00e0 jour le site Web et les pr\u00e9sentes conditions d&rsquo;utilisation de temps \u00e0 autre, \u00e0 notre discr\u00e9tion et sans pr\u00e9avis. Il est de votre seule responsabilit\u00e9 de vous tenir au courant des derni\u00e8res conditions d&rsquo;utilisation en les consultant r\u00e9guli\u00e8rement. Si vous continuez \u00e0 utiliser le site Web apr\u00e8s la publication de la mise \u00e0 jour des conditions d&rsquo;utilisation, cela signifiera que vous avez lu et accept\u00e9 les modifications.<\/p>\n<h3>Acc\u00e8s au site web<\/h3>\n<p>Nous mettons tout en \u0153uvre pour que le site Web soit toujours op\u00e9rationnel et disponible, mais nous ne pouvons pas garantir que le site Web ne subira pas de temps d&rsquo;arr\u00eat pour quelque raison que ce soit. Nous nous r\u00e9servons le droit de fermer le site Web pendant de courtes p\u00e9riodes pour des raisons de maintenance g\u00e9n\u00e9rale, mais nous nous efforcerons de limiter ces fermetures au minimum. Nous ne serons pas responsables si, pour quelque raison que ce soit, tout ou partie du site Web est indisponible \u00e0 tout moment et pour quelque dur\u00e9e que ce soit.<\/p>\n<p>Nous ne garantissons pas que le site Web ou tout contenu fourni sur le site Web est exempt d&rsquo;erreurs. Nous g\u00e9rons vos donn\u00e9es personnelles conform\u00e9ment \u00e0 notre <a href=\"https:\/\/cumberlandriver.com.au\/fr\/politiques\/politique-de-confidentialite\/\">politique de confidentialit\u00e9<\/a>.<\/p>\n<h3>Informations sur l&rsquo;h\u00e9bergement<\/h3>\n<p><strong>Cumberland River Holiday Park<\/strong> apporte le plus grand soin \u00e0 la mise en ligne des informations, des descriptions et des images relatives \u00e0 l&rsquo;h\u00e9bergement, mais ne peut \u00eatre tenu responsable de toute erreur ou omission dans les informations fournies.<\/p>\n<h3>Prix<\/h3>\n<p>Les prix indiqu\u00e9s sur <strong>Cumberland River Holiday Park<\/strong> sont indiqu\u00e9s en dollars australiens et ne comprennent pas les frais de transaction lors de la r\u00e9servation. Les frais de transaction sont clairement indiqu\u00e9s et factur\u00e9s \u00e0 la fin de la commande en plus du prix de la r\u00e9servation. Nous nous r\u00e9servons le droit de modifier nos prix \u00e0 tout moment mais cela vous sera indiqu\u00e9 au moment de la r\u00e9servation. Si un prix manifestement erron\u00e9 appara\u00eet sur notre site et n&rsquo;est pas corrig\u00e9 sur votre total au moment de la r\u00e9alisation de la commande, pour quelque raison que ce soit (erreur humaine, erreur technique, etc.), votre commande sera annul\u00e9e et le paiement vous sera rembours\u00e9, m\u00eame si elle a \u00e9t\u00e9 initialement valid\u00e9e.<\/p>\n<h3>Propri\u00e9t\u00e9 intellectuelle<\/h3>\n<p>L&rsquo;ensemble du contenu du site www.cumberlandriver.com.au (illustrations, textes, noms, marques, images et vid\u00e9os) est la propri\u00e9t\u00e9 de <strong>Cumberland River Holiday Park<\/strong>. Toute reproduction partielle ou totale de ce contenu, par quelque moyen et sur quelque support que ce soit, est soumise \u00e0 l&rsquo;autorisation pr\u00e9alable et expresse de <strong>Cumberland River Holiday Park<\/strong>. Toutes les informations, le contenu et les fichiers sont prot\u00e9g\u00e9s par la loi internationale concernant la propri\u00e9t\u00e9 intellectuelle et les droits d&rsquo;auteur. <strong>Cumberland River Holiday Park<\/strong> ne peut vous donner le droit de copier, d&rsquo;afficher ou de distribuer un contenu dont vous ne poss\u00e9dez pas les droits intellectuels. Toute utilisation frauduleuse de ce contenu portant atteinte aux droits d\u00e9tenus par un tiers constitue un d\u00e9lit de contrefa\u00e7on, s\u00e9v\u00e8rement puni par le Code de la propri\u00e9t\u00e9 intellectuelle.<\/p>\n<p><strong>Cumberland River Holiday Park<\/strong> ne sera en aucun cas tenu responsable si un utilisateur viole des droits d\u00e9tenus par un tiers par le biais de ses activit\u00e9s sur le site.<\/p>\n<h3>Renonciation et divisibilit\u00e9<\/h3>\n<p>Tout manquement du <strong>parc de vacances Cumberland River <\/strong>\u00e0 exercer ou \u00e0 appliquer tout droit ou toute disposition des conditions d&rsquo;utilisation ne constitue pas une renonciation \u00e0 ce droit ou \u00e0 cette disposition. Les conditions d&rsquo;utilisation constituent l&rsquo;accord complet entre vous et <strong>Cumberland River Holiday Park<\/strong>, et r\u00e9gissent votre utilisation du service, rempla\u00e7ant tout accord ant\u00e9rieur (y compris, mais sans s&rsquo;y limiter, toute version ant\u00e9rieure des conditions d&rsquo;utilisation). Si une disposition des pr\u00e9sentes conditions d&rsquo;utilisation est jug\u00e9e par un tribunal comp\u00e9tent comme \u00e9tant invalide, ill\u00e9gale ou inapplicable pour quelque raison que ce soit, cette disposition sera \u00e9limin\u00e9e ou limit\u00e9e dans la mesure minimale de sorte que les autres dispositions des conditions d&rsquo;utilisation resteront pleinement en vigueur.<\/p>\n\t\t<\/div>\n\t\t\t\t\t<\/div>\n\n\t\n<\/div>\n","protected":false},"excerpt":{"rendered":"","protected":false},"author":1,"featured_media":0,"parent":9782,"menu_order":50,"comment_status":"closed","ping_status":"closed","template":"","meta":{"footnotes":""},"class_list":["post-9777","page","type-page","status-publish","hentry"],"_links":{"self":[{"href":"https:\/\/www.cumberlandriver.com.au\/fr\/wp-json\/wp\/v2\/pages\/9777","targetHints":{"allow":["GET"]}}],"collection":[{"href":"https:\/\/www.cumberlandriver.com.au\/fr\/wp-json\/wp\/v2\/pages"}],"about":[{"href":"https:\/\/www.cumberlandriver.com.au\/fr\/wp-json\/wp\/v2\/types\/page"}],"author":[{"embeddable":true,"href":"https:\/\/www.cumberlandriver.com.au\/fr\/wp-json\/wp\/v2\/users\/1"}],"replies":[{"embeddable":true,"href":"https:\/\/www.cumberlandriver.com.au\/fr\/wp-json\/wp\/v2\/comments?post=9777"}],"version-history":[{"count":0,"href":"https:\/\/www.cumberlandriver.com.au\/fr\/wp-json\/wp\/v2\/pages\/9777\/revisions"}],"up":[{"embeddable":true,"href":"https:\/\/www.cumberlandriver.com.au\/fr\/wp-json\/wp\/v2\/pages\/9782"}],"wp:attachment":[{"href":"https:\/\/www.cumberlandriver.com.au\/fr\/wp-json\/wp\/v2\/media?parent=9777"}],"curies":[{"name":"wp","href":"https:\/\/api.w.org\/{rel}","templated":true}]}}