{"id":9694,"date":"2022-08-28T11:26:36","date_gmt":"2022-08-28T01:26:36","guid":{"rendered":"https:\/\/cumberlandriver.com.au\/instalacoes-do-parque\/"},"modified":"2025-05-11T21:55:56","modified_gmt":"2025-05-11T11:55:56","slug":"instalacoes-do-parque","status":"publish","type":"page","link":"https:\/\/www.cumberlandriver.com.au\/pt-pt\/sobre\/instalacoes-do-parque\/","title":{"rendered":"Instala\u00e7\u00f5es do Parque"},"content":{"rendered":"<div class=\"row\"  id=\"row-1192211707\">\n\n\t<div id=\"col-1369916734\" class=\"col medium-12 small-12 large-7\"  >\n\t\t\t\t<div class=\"col-inner\"  >\n\t\t\t\n\t\t\t\n\t<div id=\"text-556651727\" class=\"text\">\n\t\t\n<h1>Instala\u00e7\u00f5es do Parque<\/h1>\n\t\t\n<style>\n#text-556651727 {\n  font-size: 1.75rem;\n  text-align: left;\n}\n<\/style>\n\t<\/div>\n\t\n<h2>Cumberland River Holiday Park tem todas as facilidades para tornar a sua estadia t\u00e3o f\u00e1cil quanto poss\u00edvel.<\/h2>\n<p>A KIOSK fornece leite, p\u00e3o, gelo, bebidas, snacks e gelados, recargas de GPL (desde que a sua garrafa tenha passado um controlo de seguran\u00e7a nos \u00faltimos 10 anos), e sacos de lenha. Uma pequena gama de artigos de mercearia e diversos est\u00e1 dispon\u00edvel durante o hor\u00e1rio normal de expediente.<\/p>\n\t\t<\/div>\n\t\t\t\t\t<\/div>\n\n\t\n\n\t<div id=\"col-1727585931\" class=\"col medium-5 small-12 large-5\"  >\n\t\t\t\t<div class=\"col-inner\"  >\n\t\t\t\n\t\t\t\n\n\t\t<div class=\"icon-box featured-box icon-box-left text-left\"  >\n\t\t\t\t\t<div class=\"icon-box-img\" style=\"width: 20px\">\n\t\t\t\t<div class=\"icon\">\n\t\t\t\t\t<div class=\"icon-inner\" style=\"color:rgb(64, 100, 37);\">\n\t\t\t\t\t\t<?xml version=\"1.0\" encoding=\"utf-8\"?>\n<!-- Generator: Adobe Illustrator 26.5.0, SVG Export Plug-In . SVG Version: 6.00 Build 0)  -->\n<svg version=\"1.1\" id=\"Layer_1\" xmlns=\"http:\/\/www.w3.org\/2000\/svg\" xmlns:xlink=\"http:\/\/www.w3.org\/1999\/xlink\" x=\"0px\" y=\"0px\"\n\t viewBox=\"0 0 52.4 52.4\" style=\"enable-background:new 0 0 52.4 52.4;\" xml:space=\"preserve\">\n<g>\n\t<path d=\"M23.4,45.6c-0.8,0-1.6-0.2-2.3-0.7L5.4,33.7c-1.8-1.3-2.2-3.8-1-5.6c1.3-1.8,3.8-2.2,5.6-1L22.5,36L42.4,7.8\n\t\tc1.3-1.8,3.8-2.2,5.6-1c1.8,1.3,2.2,3.8,1,5.6L26.7,43.9C25.9,45,24.7,45.6,23.4,45.6z\"\/>\n<\/g>\n<\/svg>\n\t\t\t\t\t<\/div>\n\t\t\t\t<\/div>\n\t\t\t<\/div>\n\t\t\t\t<div class=\"icon-box-text last-reset\">\n\t\t\t\t\t\t\t\t\t\n\n<p>Tambores de fogo de cortesia<\/p>\n\n\n\t\t<\/div>\n\t<\/div>\n\t\n\t\n\n\t\t<div class=\"icon-box featured-box icon-box-left text-left\"  >\n\t\t\t\t\t<div class=\"icon-box-img\" style=\"width: 20px\">\n\t\t\t\t<div class=\"icon\">\n\t\t\t\t\t<div class=\"icon-inner\" style=\"color:rgb(64, 100, 37);\">\n\t\t\t\t\t\t<?xml version=\"1.0\" encoding=\"utf-8\"?>\n<!-- Generator: Adobe Illustrator 26.5.0, SVG Export Plug-In . SVG Version: 6.00 Build 0)  -->\n<svg version=\"1.1\" id=\"Layer_1\" xmlns=\"http:\/\/www.w3.org\/2000\/svg\" xmlns:xlink=\"http:\/\/www.w3.org\/1999\/xlink\" x=\"0px\" y=\"0px\"\n\t viewBox=\"0 0 52.4 52.4\" style=\"enable-background:new 0 0 52.4 52.4;\" xml:space=\"preserve\">\n<g>\n\t<path d=\"M23.4,45.6c-0.8,0-1.6-0.2-2.3-0.7L5.4,33.7c-1.8-1.3-2.2-3.8-1-5.6c1.3-1.8,3.8-2.2,5.6-1L22.5,36L42.4,7.8\n\t\tc1.3-1.8,3.8-2.2,5.6-1c1.8,1.3,2.2,3.8,1,5.6L26.7,43.9C25.9,45,24.7,45.6,23.4,45.6z\"\/>\n<\/g>\n<\/svg>\n\t\t\t\t\t<\/div>\n\t\t\t\t<\/div>\n\t\t\t<\/div>\n\t\t\t\t<div class=\"icon-box-text last-reset\">\n\t\t\t\t\t\t\t\t\t\n\n<p>M\u00e1quina de lavar e secar roupa<\/p>\n\n\t\t<\/div>\n\t<\/div>\n\t\n\t\n\n\t\t<div class=\"icon-box featured-box icon-box-left text-left\"  >\n\t\t\t\t\t<div class=\"icon-box-img\" style=\"width: 20px\">\n\t\t\t\t<div class=\"icon\">\n\t\t\t\t\t<div class=\"icon-inner\" style=\"color:rgb(64, 100, 37);\">\n\t\t\t\t\t\t<?xml version=\"1.0\" encoding=\"utf-8\"?>\n<!-- Generator: Adobe Illustrator 26.5.0, SVG Export Plug-In . SVG Version: 6.00 Build 0)  -->\n<svg version=\"1.1\" id=\"Layer_1\" xmlns=\"http:\/\/www.w3.org\/2000\/svg\" xmlns:xlink=\"http:\/\/www.w3.org\/1999\/xlink\" x=\"0px\" y=\"0px\"\n\t viewBox=\"0 0 52.4 52.4\" style=\"enable-background:new 0 0 52.4 52.4;\" xml:space=\"preserve\">\n<g>\n\t<path d=\"M23.4,45.6c-0.8,0-1.6-0.2-2.3-0.7L5.4,33.7c-1.8-1.3-2.2-3.8-1-5.6c1.3-1.8,3.8-2.2,5.6-1L22.5,36L42.4,7.8\n\t\tc1.3-1.8,3.8-2.2,5.6-1c1.8,1.3,2.2,3.8,1,5.6L26.7,43.9C25.9,45,24.7,45.6,23.4,45.6z\"\/>\n<\/g>\n<\/svg>\n\t\t\t\t\t<\/div>\n\t\t\t\t<\/div>\n\t\t\t<\/div>\n\t\t\t\t<div class=\"icon-box-text last-reset\">\n\t\t\t\t\t\t\t\t\t\n\n<p>Parque infantil<\/p>\n\n\t\t<\/div>\n\t<\/div>\n\t\n\t\n\n\t\t<div class=\"icon-box featured-box icon-box-left text-left\"  >\n\t\t\t\t\t<div class=\"icon-box-img\" style=\"width: 20px\">\n\t\t\t\t<div class=\"icon\">\n\t\t\t\t\t<div class=\"icon-inner\" style=\"color:rgb(64, 100, 37);\">\n\t\t\t\t\t\t<?xml version=\"1.0\" encoding=\"utf-8\"?>\n<!-- Generator: Adobe Illustrator 26.5.0, SVG Export Plug-In . SVG Version: 6.00 Build 0)  -->\n<svg version=\"1.1\" id=\"Layer_1\" xmlns=\"http:\/\/www.w3.org\/2000\/svg\" xmlns:xlink=\"http:\/\/www.w3.org\/1999\/xlink\" x=\"0px\" y=\"0px\"\n\t viewBox=\"0 0 52.4 52.4\" style=\"enable-background:new 0 0 52.4 52.4;\" xml:space=\"preserve\">\n<g>\n\t<path d=\"M23.4,45.6c-0.8,0-1.6-0.2-2.3-0.7L5.4,33.7c-1.8-1.3-2.2-3.8-1-5.6c1.3-1.8,3.8-2.2,5.6-1L22.5,36L42.4,7.8\n\t\tc1.3-1.8,3.8-2.2,5.6-1c1.8,1.3,2.2,3.8,1,5.6L26.7,43.9C25.9,45,24.7,45.6,23.4,45.6z\"\/>\n<\/g>\n<\/svg>\n\t\t\t\t\t<\/div>\n\t\t\t\t<\/div>\n\t\t\t<\/div>\n\t\t\t\t<div class=\"icon-box-text last-reset\">\n\t\t\t\t\t\t\t\t\t\n\n<p>Churrasqueiras a g\u00e1s gratuitas disfar\u00e7adas<\/p>\n\n\t\t<\/div>\n\t<\/div>\n\t\n\t\n\n\t\t<div class=\"icon-box featured-box icon-box-left text-left\"  >\n\t\t\t\t\t<div class=\"icon-box-img\" style=\"width: 20px\">\n\t\t\t\t<div class=\"icon\">\n\t\t\t\t\t<div class=\"icon-inner\" style=\"color:rgb(64, 100, 37);\">\n\t\t\t\t\t\t<?xml version=\"1.0\" encoding=\"utf-8\"?>\n<!-- Generator: Adobe Illustrator 26.5.0, SVG Export Plug-In . SVG Version: 6.00 Build 0)  -->\n<svg version=\"1.1\" id=\"Layer_1\" xmlns=\"http:\/\/www.w3.org\/2000\/svg\" xmlns:xlink=\"http:\/\/www.w3.org\/1999\/xlink\" x=\"0px\" y=\"0px\"\n\t viewBox=\"0 0 52.4 52.4\" style=\"enable-background:new 0 0 52.4 52.4;\" xml:space=\"preserve\">\n<g>\n\t<path d=\"M23.4,45.6c-0.8,0-1.6-0.2-2.3-0.7L5.4,33.7c-1.8-1.3-2.2-3.8-1-5.6c1.3-1.8,3.8-2.2,5.6-1L22.5,36L42.4,7.8\n\t\tc1.3-1.8,3.8-2.2,5.6-1c1.8,1.3,2.2,3.8,1,5.6L26.7,43.9C25.9,45,24.7,45.6,23.4,45.6z\"\/>\n<\/g>\n<\/svg>\n\t\t\t\t\t<\/div>\n\t\t\t\t<\/div>\n\t\t\t<\/div>\n\t\t\t\t<div class=\"icon-box-text last-reset\">\n\t\t\t\t\t\t\t\t\t\n\n<p>Lave as pias com \u00e1gua corrente quente e fria<\/p>\n\n\t\t<\/div>\n\t<\/div>\n\t\n\t\n\n\t\t<div class=\"icon-box featured-box icon-box-left text-left\"  >\n\t\t\t\t\t<div class=\"icon-box-img\" style=\"width: 20px\">\n\t\t\t\t<div class=\"icon\">\n\t\t\t\t\t<div class=\"icon-inner\" style=\"color:rgb(64, 100, 37);\">\n\t\t\t\t\t\t<?xml version=\"1.0\" encoding=\"utf-8\"?>\n<!-- Generator: Adobe Illustrator 26.5.0, SVG Export Plug-In . SVG Version: 6.00 Build 0)  -->\n<svg version=\"1.1\" id=\"Layer_1\" xmlns=\"http:\/\/www.w3.org\/2000\/svg\" xmlns:xlink=\"http:\/\/www.w3.org\/1999\/xlink\" x=\"0px\" y=\"0px\"\n\t viewBox=\"0 0 52.4 52.4\" style=\"enable-background:new 0 0 52.4 52.4;\" xml:space=\"preserve\">\n<g>\n\t<path d=\"M23.4,45.6c-0.8,0-1.6-0.2-2.3-0.7L5.4,33.7c-1.8-1.3-2.2-3.8-1-5.6c1.3-1.8,3.8-2.2,5.6-1L22.5,36L42.4,7.8\n\t\tc1.3-1.8,3.8-2.2,5.6-1c1.8,1.3,2.2,3.8,1,5.6L26.7,43.9C25.9,45,24.7,45.6,23.4,45.6z\"\/>\n<\/g>\n<\/svg>\n\t\t\t\t\t<\/div>\n\t\t\t\t<\/div>\n\t\t\t<\/div>\n\t\t\t\t<div class=\"icon-box-text last-reset\">\n\t\t\t\t\t\t\t\t\t\n\n<p>Quiosque bem abastecido para leite, p\u00e3o (sazonal), jornais (sazonal), bebidas, sorvetes, picol\u00e9s, batatas fritas, alguns itens de mercearia, gelo, lenha e recarga de botij\u00e3o de GLP<\/p>\n\n\t\t<\/div>\n\t<\/div>\n\t\n\t\n\n\t\t<div class=\"icon-box featured-box icon-box-left text-left\"  >\n\t\t\t\t\t<div class=\"icon-box-img\" style=\"width: 20px\">\n\t\t\t\t<div class=\"icon\">\n\t\t\t\t\t<div class=\"icon-inner\" style=\"color:rgb(221, 45, 45);\">\n\t\t\t\t\t\t<?xml version=\"1.0\" encoding=\"utf-8\"?>\n<!-- Generator: Adobe Illustrator 26.5.0, SVG Export Plug-In . SVG Version: 6.00 Build 0)  -->\n<svg version=\"1.1\" id=\"Layer_1\" xmlns=\"http:\/\/www.w3.org\/2000\/svg\" xmlns:xlink=\"http:\/\/www.w3.org\/1999\/xlink\" x=\"0px\" y=\"0px\"\n\t viewBox=\"0 0 52.4 52.4\" style=\"enable-background:new 0 0 52.4 52.4;\" xml:space=\"preserve\">\n<path d=\"M32.6,25.7l13-13c1.6-1.6,1.6-4.2,0-5.8c-1.6-1.6-4.2-1.6-5.8,0l-13,13l-13-13c-1.6-1.6-4.2-1.6-5.8,0\n\tc-1.6,1.6-1.6,4.2,0,5.8l13,13l-13,13c-1.6,1.6-1.6,4.2,0,5.8c0.8,0.8,1.8,1.2,2.9,1.2s2.1-0.4,2.9-1.2l13-13l13,13\n\tc0.8,0.8,1.8,1.2,2.9,1.2c1,0,2.1-0.4,2.9-1.2c1.6-1.6,1.6-4.2,0-5.8L32.6,25.7z\"\/>\n<\/svg>\n\t\t\t\t\t<\/div>\n\t\t\t\t<\/div>\n\t\t\t<\/div>\n\t\t\t\t<div class=\"icon-box-text last-reset\">\n\t\t\t\t\t\t\t\t\t\n\n<p>Sem WiFi e recep\u00e7\u00e3o de telefone limitada (tempo para desconectar)<\/p>\n\n\t\t<\/div>\n\t<\/div>\n\t\n\t\n\n\t\t<div class=\"icon-box featured-box icon-box-left text-left\"  >\n\t\t\t\t\t<div class=\"icon-box-img\" style=\"width: 20px\">\n\t\t\t\t<div class=\"icon\">\n\t\t\t\t\t<div class=\"icon-inner\" style=\"color:rgb(221, 45, 45);\">\n\t\t\t\t\t\t<?xml version=\"1.0\" encoding=\"utf-8\"?>\n<!-- Generator: Adobe Illustrator 26.5.0, SVG Export Plug-In . SVG Version: 6.00 Build 0)  -->\n<svg version=\"1.1\" id=\"Layer_1\" xmlns=\"http:\/\/www.w3.org\/2000\/svg\" xmlns:xlink=\"http:\/\/www.w3.org\/1999\/xlink\" x=\"0px\" y=\"0px\"\n\t viewBox=\"0 0 52.4 52.4\" style=\"enable-background:new 0 0 52.4 52.4;\" xml:space=\"preserve\">\n<path d=\"M32.6,25.7l13-13c1.6-1.6,1.6-4.2,0-5.8c-1.6-1.6-4.2-1.6-5.8,0l-13,13l-13-13c-1.6-1.6-4.2-1.6-5.8,0\n\tc-1.6,1.6-1.6,4.2,0,5.8l13,13l-13,13c-1.6,1.6-1.6,4.2,0,5.8c0.8,0.8,1.8,1.2,2.9,1.2s2.1-0.4,2.9-1.2l13-13l13,13\n\tc0.8,0.8,1.8,1.2,2.9,1.2c1,0,2.1-0.4,2.9-1.2c1.6-1.6,1.6-4.2,0-5.8L32.6,25.7z\"\/>\n<\/svg>\n\t\t\t\t\t<\/div>\n\t\t\t\t<\/div>\n\t\t\t<\/div>\n\t\t\t\t<div class=\"icon-box-text last-reset\">\n\t\t\t\t\t\t\t\t\t\n\n<p>N\u00e3o s\u00e3o permitidos animais<\/p>\n\n\t\t<\/div>\n\t<\/div>\n\t\n\t\n\t\t<\/div>\n\t\t\t\t\t<\/div>\n\n\t\n<\/div>\n<div class=\"row\"  id=\"row-1111843166\">\n\n\t<div id=\"col-1091829263\" class=\"col medium-4 small-12 large-4\"  >\n\t\t\t\t<div class=\"col-inner\"  >\n\t\t\t\n\t\t\t\n\t<div class=\"img has-hover x md-x lg-x y md-y lg-y\" id=\"image_1830191237\">\n\t\t\t\t\t\t\t\t<div class=\"img-inner dark\" >\n\t\t\t<img decoding=\"async\" width=\"990\" height=\"549\" src=\"https:\/\/www.cumberlandriver.com.au\/wp-content\/uploads\/2022\/09\/fire-2.jpg\" class=\"attachment-large size-large\" alt=\"\" srcset=\"https:\/\/www.cumberlandriver.com.au\/wp-content\/uploads\/2022\/09\/fire-2.jpg 990w, https:\/\/www.cumberlandriver.com.au\/wp-content\/uploads\/2022\/09\/fire-2-300x166.jpg 300w, https:\/\/www.cumberlandriver.com.au\/wp-content\/uploads\/2022\/09\/fire-2-768x426.jpg 768w\" sizes=\"(max-width: 990px) 100vw, 990px\" \/>\t\t\t\t\t\t\n\t\t\t\t\t<\/div>\n\t\t\t\t\t\t\t\t\n<style>\n#image_1830191237 {\n  width: 100%;\n}\n<\/style>\n\t<\/div>\n\t\n<h3>Tambores de inc\u00eandio<\/h3>\n<p>O que \u00e9 o Camping sem fogo? Temos tambores de fogo de cortesia para emprestar, e madeira para comprar. Por isso, sentar-se e olhar para a televis\u00e3o do mato ou manter-se quente. Cozinhe a sua refei\u00e7\u00e3o preferida ao estilo bushman.<\/p>\n\t<div id=\"text-1054896515\" class=\"text\">\n\t\t\n<h6 class=\"thin-font\">CR\u00c9DITO: EJJOHNSONPHOTOGRAPHY \/ GETTY IMAGES<\/h6>\n\t\t\n<style>\n#text-1054896515 {\n  font-size: 0.75rem;\n}\n<\/style>\n\t<\/div>\n\t\n\t\t<\/div>\n\t\t\t\t\t<\/div>\n\n\t\n\n\t<div id=\"col-838717508\" class=\"col medium-4 small-12 large-4\"  >\n\t\t\t\t<div class=\"col-inner\"  >\n\t\t\t\n\t\t\t\n\t<div class=\"img has-hover x md-x lg-x y md-y lg-y\" id=\"image_2050903240\">\n\t\t\t\t\t\t\t\t<div class=\"img-inner dark\" >\n\t\t\t<img decoding=\"async\" width=\"990\" height=\"549\" src=\"https:\/\/www.cumberlandriver.com.au\/wp-content\/uploads\/2022\/09\/toilet-block.jpg\" class=\"attachment-large size-large\" alt=\"\" srcset=\"https:\/\/www.cumberlandriver.com.au\/wp-content\/uploads\/2022\/09\/toilet-block.jpg 990w, https:\/\/www.cumberlandriver.com.au\/wp-content\/uploads\/2022\/09\/toilet-block-300x166.jpg 300w, https:\/\/www.cumberlandriver.com.au\/wp-content\/uploads\/2022\/09\/toilet-block-768x426.jpg 768w\" sizes=\"(max-width: 990px) 100vw, 990px\" \/>\t\t\t\t\t\t\n\t\t\t\t\t<\/div>\n\t\t\t\t\t\t\t\t\n<style>\n#image_2050903240 {\n  width: 100%;\n}\n<\/style>\n\t<\/div>\n\t\n<h3>Dois Blocos de Amenities<\/h3>\n<p>Instala\u00e7\u00f5es para duche, casas de banho e lavagem de lou\u00e7a dos acampamentos, o nosso bloco central de comodidades \u00e9 um curto passeio a partir de todos os nossos acampamentos.<\/p>\n\t\t<\/div>\n\t\t\t\t\t<\/div>\n\n\t\n\n\t<div id=\"col-2051709702\" class=\"col medium-4 small-12 large-4\"  >\n\t\t\t\t<div class=\"col-inner\"  >\n\t\t\t\n\t\t\t\n\t<div class=\"img has-hover x md-x lg-x y md-y lg-y\" id=\"image_926757093\">\n\t\t\t\t\t\t\t\t<div class=\"img-inner dark\" >\n\t\t\t<img decoding=\"async\" width=\"990\" height=\"549\" src=\"https:\/\/www.cumberlandriver.com.au\/wp-content\/uploads\/2025\/05\/Playground.jpg\" class=\"attachment-large size-large\" alt=\"\" srcset=\"https:\/\/www.cumberlandriver.com.au\/wp-content\/uploads\/2025\/05\/Playground.jpg 990w, https:\/\/www.cumberlandriver.com.au\/wp-content\/uploads\/2025\/05\/Playground-300x166.jpg 300w, https:\/\/www.cumberlandriver.com.au\/wp-content\/uploads\/2025\/05\/Playground-768x426.jpg 768w\" sizes=\"(max-width: 990px) 100vw, 990px\" \/>\t\t\t\t\t\t\n\t\t\t\t\t<\/div>\n\t\t\t\t\t\t\t\t\n<style>\n#image_926757093 {\n  width: 100%;\n}\n<\/style>\n\t<\/div>\n\t\n<h3>Recreio para crian\u00e7as<\/h3>\n<p>Fazer com que as crian\u00e7as corram e desfrutem do espa\u00e7o aberto, com um ringue de basquetebol, um parque infantil e um lugar para chutar a bola ou jogar cricket.<\/p>\n\t\t<\/div>\n\t\t\t\t\t<\/div>\n\n\t\n<\/div>\n<div class=\"row\"  id=\"row-1992836132\">\n\n\t<div id=\"col-1770571904\" class=\"col medium-4 small-12 large-4\"  >\n\t\t\t\t<div class=\"col-inner\"  >\n\t\t\t\n\t\t\t\n\t<div class=\"img has-hover x md-x lg-x y md-y lg-y\" id=\"image_1234536947\">\n\t\t\t\t\t\t\t\t<div class=\"img-inner dark\" >\n\t\t\t<img decoding=\"async\" width=\"990\" height=\"549\" src=\"https:\/\/www.cumberlandriver.com.au\/wp-content\/uploads\/2025\/05\/Laundry.jpg\" class=\"attachment-large size-large\" alt=\"\" srcset=\"https:\/\/www.cumberlandriver.com.au\/wp-content\/uploads\/2025\/05\/Laundry.jpg 990w, https:\/\/www.cumberlandriver.com.au\/wp-content\/uploads\/2025\/05\/Laundry-300x166.jpg 300w, https:\/\/www.cumberlandriver.com.au\/wp-content\/uploads\/2025\/05\/Laundry-768x426.jpg 768w\" sizes=\"(max-width: 990px) 100vw, 990px\" \/>\t\t\t\t\t\t\n\t\t\t\t\t<\/div>\n\t\t\t\t\t\t\t\t\n<style>\n#image_1234536947 {\n  width: 100%;\n}\n<\/style>\n\t<\/div>\n\t\n<h3>Lavandaria<\/h3>\n<p>Tanto a m\u00e1quina de lavar como a m\u00e1quina de secar est\u00e3o dispon\u00edveis. A m\u00e1quina de lavar usa 4 moedas de US$ 1, o que equivale a um ciclo de 35 minutos. A secadora usa 4 moedas de US$ 1, ou 2 moedas de US$ 2, o que equivale a 20 minutos. Lavandaria em p\u00f3 e troco est\u00e3o dispon\u00edveis no nosso escrit\u00f3rio durante o hor\u00e1rio normal de expediente. S\u00e3o tamb\u00e9m fornecidas linhas de roupa.<\/p>\n\t\t<\/div>\n\t\t\t\t\t<\/div>\n\n\t\n\n\t<div id=\"col-1516458335\" class=\"col medium-4 small-12 large-4\"  >\n\t\t\t\t<div class=\"col-inner\"  >\n\t\t\t\n\t\t\t\n\t<div class=\"img has-hover x md-x lg-x y md-y lg-y\" id=\"image_523255401\">\n\t\t\t\t\t\t\t\t<div class=\"img-inner dark\" >\n\t\t\t<img decoding=\"async\" width=\"1020\" height=\"566\" src=\"https:\/\/www.cumberlandriver.com.au\/wp-content\/uploads\/2022\/09\/BBQ-area.jpg\" class=\"attachment-large size-large\" alt=\"\" srcset=\"https:\/\/www.cumberlandriver.com.au\/wp-content\/uploads\/2022\/09\/BBQ-area.jpg 1024w, https:\/\/www.cumberlandriver.com.au\/wp-content\/uploads\/2022\/09\/BBQ-area-300x166.jpg 300w, https:\/\/www.cumberlandriver.com.au\/wp-content\/uploads\/2022\/09\/BBQ-area-768x426.jpg 768w\" sizes=\"(max-width: 1020px) 100vw, 1020px\" \/>\t\t\t\t\t\t\n\t\t\t\t\t<\/div>\n\t\t\t\t\t\t\t\t\n<style>\n#image_523255401 {\n  width: 100%;\n}\n<\/style>\n\t<\/div>\n\t\n<h3>Churrascos a coberto<\/h3>\n<p>Os churrascos a g\u00e1s gr\u00e1tis est\u00e3o dispon\u00edveis na nossa cabana hist\u00f3rica, A cabana tem lareiras no interior e \u00e9 um \u00f3ptimo local para cozinhar e comer naquelas noites mais frias.<\/p>\n\t\t<\/div>\n\t\t\t\t\t<\/div>\n\n\t\n<\/div>\n<div class=\"is-divider divider clearfix\" style=\"max-width:100%;height:1px;\"><\/div>\n<div class=\"row align-center\"  id=\"row-312629270\">\n\n\t<div id=\"col-1343691404\" class=\"col medium-4 small-12 large-4\"  >\n\t\t\t\t<div class=\"col-inner\"  >\n\t\t\t\n\t\t\t\n\n\t<a class=\"plain\" href=\"\/wp-content\/uploads\/2022\/09\/CR_PARK-RULES.pdf\" target=\"_blank\" rel=\"noopener\" >\t<div class=\"icon-box featured-box icon-box-left text-left\"  >\n\t\t\t\t\t<div class=\"icon-box-img\" style=\"width: 45px\">\n\t\t\t\t<div class=\"icon\">\n\t\t\t\t\t<div class=\"icon-inner\" style=\"color:rgb(64, 100, 37);\">\n\t\t\t\t\t\t<?xml version=\"1.0\" encoding=\"utf-8\"?>\n<!-- Generator: Adobe Illustrator 25.4.1, SVG Export Plug-In . SVG Version: 6.00 Build 0)  -->\n<svg version=\"1.1\" id=\"Layer_1\" xmlns=\"http:\/\/www.w3.org\/2000\/svg\" xmlns:xlink=\"http:\/\/www.w3.org\/1999\/xlink\" x=\"0px\" y=\"0px\"\n\t viewBox=\"0 0 409.6 512\" style=\"enable-background:new 0 0 409.6 512;\" xml:space=\"preserve\">\n<path d=\"M256.1,0H64C28.7,0,0,28.7,0,64v384c0,35.3,28.7,64,64,64h281.6c35.3,0,64-28.7,64-64V153.6L256.1,0z M360.3,140.8h-53.1\n\tc-21.2,0-38.4-17.2-38.4-38.4V49.1L360.3,140.8z M384,448c0,21.2-17.2,38.4-38.4,38.4H64c-21.2,0-38.4-17.2-38.4-38.4V64\n\tc0-21.2,17.2-38.4,38.4-38.4h179.2v76.8c0,35.3,28.7,64,64,64H384V448z\"\/>\n<g>\n\t<path d=\"M136.8,291.6c-6.4,5.3-15.5,8-27.4,8H86.6v39.3H63.9V229.6h46.9c10.8,0,19.4,2.8,25.9,8.5c6.4,5.6,9.7,14.4,9.7,26.2\n\t\tC146.4,277.1,143.2,286.2,136.8,291.6z M119.3,252.2c-2.9-2.4-6.9-3.6-12.2-3.6H86.5v32.2h20.6c5.2,0,9.3-1.3,12.2-3.9\n\t\ts4.3-6.8,4.3-12.5C123.7,258.7,122.2,254.6,119.3,252.2z\"\/>\n\t<path d=\"M228.7,231.9c7.7,2.5,13.9,7.1,18.6,13.9c3.8,5.4,6.4,11.3,7.8,17.7c1.4,6.3,2.1,12.4,2.1,18.1c0,14.5-2.9,26.8-8.8,36.9\n\t\tc-7.9,13.6-20.1,20.4-36.7,20.4h-47.1V229.6h47.2C218.6,229.7,224.2,230.5,228.7,231.9z M186.9,248.6v71.3H208\n\t\tc10.8,0,18.3-5.3,22.6-15.9c2.3-5.8,3.5-12.8,3.5-20.8c0-11.1-1.7-19.7-5.2-25.6c-3.5-6-10.4-8.9-20.8-8.9h-21.2V248.6z\"\/>\n\t<path d=\"M274.4,229.7h77.9v19.2H297V274h48.4v19H297v45.8h-22.7V229.7H274.4z\"\/>\n<\/g>\n<\/svg>\n\t\t\t\t\t<\/div>\n\t\t\t\t<\/div>\n\t\t\t<\/div>\n\t\t\t\t<div class=\"icon-box-text last-reset\">\n\t\t\t\t\t\t\t\t\t\r\n\r\n\t<div id=\"text-404101809\" class=\"text\">\n\t\t\r\n\r\n<h5>Descarregar Regras do Parque<\/h5>\nAs regras do nosso parque s\u00e3o concebidas para assegurar que todos desfrutem do belo vale pac\u00edfico pelo qual Cumberland \u00e9 famosa. Descarregue isto para a sua refer\u00eancia.\r\n\t\t\n<style>\n#text-404101809 {\n  font-size: 1rem;\n  line-height: 1.25;\n}\n<\/style>\n\t<\/div>\n\t\r\n\r\n\t\t<\/div>\n\t<\/div>\n\t<\/a>\n\t\n\t\t<\/div>\n\t\t\t\t\t<\/div>\n\n\t\n\n\t<div id=\"col-328521937\" class=\"col medium-4 small-12 large-4\"  >\n\t\t\t\t<div class=\"col-inner text-center\"  >\n\t\t\t\n\t\t\t\n\n\t<a class=\"plain\" href=\"\/wp-content\/uploads\/2022\/10\/CUMBERLAND_RIVER_PARK_HP_MAP-1.pdf\" target=\"_blank\" rel=\"noopener\" >\t<div class=\"icon-box featured-box icon-box-left text-left\"  >\n\t\t\t\t\t<div class=\"icon-box-img\" style=\"width: 45px\">\n\t\t\t\t<div class=\"icon\">\n\t\t\t\t\t<div class=\"icon-inner\" style=\"color:rgb(64, 100, 37);\">\n\t\t\t\t\t\t<?xml version=\"1.0\" encoding=\"utf-8\"?>\n<!-- Generator: Adobe Illustrator 25.4.1, SVG Export Plug-In . SVG Version: 6.00 Build 0)  -->\n<svg version=\"1.1\" id=\"Layer_1\" xmlns=\"http:\/\/www.w3.org\/2000\/svg\" xmlns:xlink=\"http:\/\/www.w3.org\/1999\/xlink\" x=\"0px\" y=\"0px\"\n\t viewBox=\"0 0 409.6 512\" style=\"enable-background:new 0 0 409.6 512;\" xml:space=\"preserve\">\n<path d=\"M256.1,0H64C28.7,0,0,28.7,0,64v384c0,35.3,28.7,64,64,64h281.6c35.3,0,64-28.7,64-64V153.6L256.1,0z M360.3,140.8h-53.1\n\tc-21.2,0-38.4-17.2-38.4-38.4V49.1L360.3,140.8z M384,448c0,21.2-17.2,38.4-38.4,38.4H64c-21.2,0-38.4-17.2-38.4-38.4V64\n\tc0-21.2,17.2-38.4,38.4-38.4h179.2v76.8c0,35.3,28.7,64,64,64H384V448z\"\/>\n<g>\n\t<path d=\"M136.8,291.6c-6.4,5.3-15.5,8-27.4,8H86.6v39.3H63.9V229.6h46.9c10.8,0,19.4,2.8,25.9,8.5c6.4,5.6,9.7,14.4,9.7,26.2\n\t\tC146.4,277.1,143.2,286.2,136.8,291.6z M119.3,252.2c-2.9-2.4-6.9-3.6-12.2-3.6H86.5v32.2h20.6c5.2,0,9.3-1.3,12.2-3.9\n\t\ts4.3-6.8,4.3-12.5C123.7,258.7,122.2,254.6,119.3,252.2z\"\/>\n\t<path d=\"M228.7,231.9c7.7,2.5,13.9,7.1,18.6,13.9c3.8,5.4,6.4,11.3,7.8,17.7c1.4,6.3,2.1,12.4,2.1,18.1c0,14.5-2.9,26.8-8.8,36.9\n\t\tc-7.9,13.6-20.1,20.4-36.7,20.4h-47.1V229.6h47.2C218.6,229.7,224.2,230.5,228.7,231.9z M186.9,248.6v71.3H208\n\t\tc10.8,0,18.3-5.3,22.6-15.9c2.3-5.8,3.5-12.8,3.5-20.8c0-11.1-1.7-19.7-5.2-25.6c-3.5-6-10.4-8.9-20.8-8.9h-21.2V248.6z\"\/>\n\t<path d=\"M274.4,229.7h77.9v19.2H297V274h48.4v19H297v45.8h-22.7V229.7H274.4z\"\/>\n<\/g>\n<\/svg>\n\t\t\t\t\t<\/div>\n\t\t\t\t<\/div>\n\t\t\t<\/div>\n\t\t\t\t<div class=\"icon-box-text last-reset\">\n\t\t\t\t\t\t\t\t\t\r\n\r\n\t<div id=\"text-1057654830\" class=\"text\">\n\t\t\r\n\r\n<h5>Baixar mapa do site<\/h5>\nFa\u00e7a o download deste pequeno mapa do site para se familiarizar com a coloca\u00e7\u00e3o de cabines e lotes na sua chegada e durante a sua estadia conosco.\r\n\t\t\n<style>\n#text-1057654830 {\n  font-size: 1rem;\n  line-height: 1.25;\n}\n<\/style>\n\t<\/div>\n\t\r\n\r\n\t\t<\/div>\n\t<\/div>\n\t<\/a>\n\t\n\t\t<\/div>\n\t\t\t\t\t<\/div>\n\n\t\n\n\t<div id=\"col-1670570130\" class=\"col medium-4 small-12 large-4\"  >\n\t\t\t\t<div class=\"col-inner\"  >\n\t\t\t\n\t\t\t\n\n\t<a class=\"plain\" href=\"\/wp-content\/uploads\/2022\/09\/CR_FIRE_REGS_1_01.pdf\" target=\"_blank\" rel=\"noopener\" >\t<div class=\"icon-box featured-box icon-box-left text-left\"  >\n\t\t\t\t\t<div class=\"icon-box-img\" style=\"width: 45px\">\n\t\t\t\t<div class=\"icon\">\n\t\t\t\t\t<div class=\"icon-inner\" style=\"color:rgb(64, 100, 37);\">\n\t\t\t\t\t\t<?xml version=\"1.0\" encoding=\"utf-8\"?>\n<!-- Generator: Adobe Illustrator 25.4.1, SVG Export Plug-In . SVG Version: 6.00 Build 0)  -->\n<svg version=\"1.1\" id=\"Layer_1\" xmlns=\"http:\/\/www.w3.org\/2000\/svg\" xmlns:xlink=\"http:\/\/www.w3.org\/1999\/xlink\" x=\"0px\" y=\"0px\"\n\t viewBox=\"0 0 409.6 512\" style=\"enable-background:new 0 0 409.6 512;\" xml:space=\"preserve\">\n<path d=\"M256.1,0H64C28.7,0,0,28.7,0,64v384c0,35.3,28.7,64,64,64h281.6c35.3,0,64-28.7,64-64V153.6L256.1,0z M360.3,140.8h-53.1\n\tc-21.2,0-38.4-17.2-38.4-38.4V49.1L360.3,140.8z M384,448c0,21.2-17.2,38.4-38.4,38.4H64c-21.2,0-38.4-17.2-38.4-38.4V64\n\tc0-21.2,17.2-38.4,38.4-38.4h179.2v76.8c0,35.3,28.7,64,64,64H384V448z\"\/>\n<g>\n\t<path d=\"M136.8,291.6c-6.4,5.3-15.5,8-27.4,8H86.6v39.3H63.9V229.6h46.9c10.8,0,19.4,2.8,25.9,8.5c6.4,5.6,9.7,14.4,9.7,26.2\n\t\tC146.4,277.1,143.2,286.2,136.8,291.6z M119.3,252.2c-2.9-2.4-6.9-3.6-12.2-3.6H86.5v32.2h20.6c5.2,0,9.3-1.3,12.2-3.9\n\t\ts4.3-6.8,4.3-12.5C123.7,258.7,122.2,254.6,119.3,252.2z\"\/>\n\t<path d=\"M228.7,231.9c7.7,2.5,13.9,7.1,18.6,13.9c3.8,5.4,6.4,11.3,7.8,17.7c1.4,6.3,2.1,12.4,2.1,18.1c0,14.5-2.9,26.8-8.8,36.9\n\t\tc-7.9,13.6-20.1,20.4-36.7,20.4h-47.1V229.6h47.2C218.6,229.7,224.2,230.5,228.7,231.9z M186.9,248.6v71.3H208\n\t\tc10.8,0,18.3-5.3,22.6-15.9c2.3-5.8,3.5-12.8,3.5-20.8c0-11.1-1.7-19.7-5.2-25.6c-3.5-6-10.4-8.9-20.8-8.9h-21.2V248.6z\"\/>\n\t<path d=\"M274.4,229.7h77.9v19.2H297V274h48.4v19H297v45.8h-22.7V229.7H274.4z\"\/>\n<\/g>\n<\/svg>\n\t\t\t\t\t<\/div>\n\t\t\t\t<\/div>\n\t\t\t<\/div>\n\t\t\t\t<div class=\"icon-box-text last-reset\">\n\t\t\t\t\t\t\t\t\t\r\n\r\n\t<div id=\"text-2209687306\" class=\"text\">\n\t\t\r\n\r\n<h5>Descarregar as regras do Campfire<\/h5>\nPara garantir a sua seguran\u00e7a e a seguran\u00e7a de outros pacientes, ter\u00e1 de aderir \u00e0s leis locais quando se trata de seguran\u00e7a contra inc\u00eandios. Descarregue antes da sua estadia.\r\n\t\t\n<style>\n#text-2209687306 {\n  font-size: 1rem;\n  line-height: 1.25;\n}\n<\/style>\n\t<\/div>\n\t\r\n\r\n\t\t<\/div>\n\t<\/div>\n\t<\/a>\n\t\n\t\t<\/div>\n\t\t\t\t\t<\/div>\n\n\t\n<\/div>\n","protected":false},"excerpt":{"rendered":"","protected":false},"author":1,"featured_media":0,"parent":9696,"menu_order":20,"comment_status":"closed","ping_status":"closed","template":"","meta":{"footnotes":""},"class_list":["post-9694","page","type-page","status-publish","hentry"],"_links":{"self":[{"href":"https:\/\/www.cumberlandriver.com.au\/pt-pt\/wp-json\/wp\/v2\/pages\/9694","targetHints":{"allow":["GET"]}}],"collection":[{"href":"https:\/\/www.cumberlandriver.com.au\/pt-pt\/wp-json\/wp\/v2\/pages"}],"about":[{"href":"https:\/\/www.cumberlandriver.com.au\/pt-pt\/wp-json\/wp\/v2\/types\/page"}],"author":[{"embeddable":true,"href":"https:\/\/www.cumberlandriver.com.au\/pt-pt\/wp-json\/wp\/v2\/users\/1"}],"replies":[{"embeddable":true,"href":"https:\/\/www.cumberlandriver.com.au\/pt-pt\/wp-json\/wp\/v2\/comments?post=9694"}],"version-history":[{"count":0,"href":"https:\/\/www.cumberlandriver.com.au\/pt-pt\/wp-json\/wp\/v2\/pages\/9694\/revisions"}],"up":[{"embeddable":true,"href":"https:\/\/www.cumberlandriver.com.au\/pt-pt\/wp-json\/wp\/v2\/pages\/9696"}],"wp:attachment":[{"href":"https:\/\/www.cumberlandriver.com.au\/pt-pt\/wp-json\/wp\/v2\/media?parent=9694"}],"curies":[{"name":"wp","href":"https:\/\/api.w.org\/{rel}","templated":true}]}}