{"id":9764,"date":"2022-06-25T14:01:12","date_gmt":"2022-06-25T04:01:12","guid":{"rendered":"https:\/\/cumberlandriver.com.au\/regras-e-informacao-sobre-parques\/"},"modified":"2025-05-12T21:43:57","modified_gmt":"2025-05-12T11:43:57","slug":"regras-e-informacao-sobre-parques","status":"publish","type":"page","link":"https:\/\/www.cumberlandriver.com.au\/pt-pt\/politicas\/regras-e-informacao-sobre-parques\/","title":{"rendered":"Regras e informa\u00e7\u00e3o sobre parques"},"content":{"rendered":"<div class=\"row\"  id=\"row-522470714\">\n\n\t<div id=\"col-1917396416\" class=\"col medium-4 small-12 large-4 col-divided\"  >\n\t\t\t\t<div class=\"col-inner\"  >\n\t\t\t\n\t\t\t\n<h3>As nossas pol\u00edticas<\/h3>\n<div class=\"nav-wrapper\"><ul class=\"nav nav-uppercase nav-vertical nav-line text-left nav-left\"><p class=\"lead shortcode-error text-center\">Sorry, no pages was found<\/p><\/ul><\/div>\n\t\t<\/div>\n\t\t\t\t\t<\/div>\n\n\t\n\n\t<div id=\"col-1073463435\" class=\"col medium-8 small-12 large-8 col-divided\"  >\n\t\t\t\t<div class=\"col-inner\"  >\n\t\t\t\n\t\t\t\n<h1>Regras e informa\u00e7\u00f5es sobre parques de f\u00e9rias<\/h1>\n<h3>Hor\u00e1rio de expediente<\/h3>\n<table>\n<thead>\n<tr>\n<th>Temporada<\/th>\n<th>Dias da semana<\/th>\n<th>Fins de semana<\/th>\n<\/tr>\n<\/thead>\n<tbody>\n<tr>\n<td>Pico<\/td>\n<td>8:30am &#8211; 6:00pm<\/td>\n<td>8:30am &#8211; 6:00pm<\/td>\n<\/tr>\n<tr>\n<td>Ombro<\/td>\n<td>8:30am &#8211; 5:30pm<\/td>\n<td>8:30am &#8211; 5:30pm<\/td>\n<\/tr>\n<tr>\n<td>Fora do pico<\/td>\n<td>8:30am &#8211; 5:00pm<\/td>\n<td>8:30am &#8211; 5:00pm<\/td>\n<\/tr>\n<\/tbody>\n<\/table>\n\t<div id=\"text-2106880435\" class=\"text\">\n\t\t\n\n<p><strong>Pico<\/strong> - 21 de dezembro a 31 de janeiro, Dia do Trabalho, P\u00e1scoa, fim de semana da Grande Final, fim de semana da Melbourne Cup.<br>(Reservas m\u00ednimas de noites se aplicam)<br><strong>Ombro<\/strong>- 1 de fevereiro a 31 de maio. Fim de semana prolongado de junho, de 1\u00ba de setembro a 20 de dezembro (excluindo todos os fins de semana prolongados)<br><strong>Fora de pico<\/strong> - 1\u00ba de junho a 31 de agosto, excluindo o fim de semana prolongado de junho.<\/p>\n\t\t\n<style>\n#text-2106880435 {\n  font-size: 0.85rem;\n  line-height: 1.3;\n  color: rgb(100, 100, 100);\n}\n#text-2106880435 > * {\n  color: rgb(100, 100, 100);\n}\n<\/style>\n\t<\/div>\n\t\n\t<div id=\"gap-1334980253\" class=\"gap-element clearfix\" style=\"display:block; height:auto;\">\n\t\t\n<style>\n#gap-1334980253 {\n  padding-top: 20px;\n}\n<\/style>\n\t<\/div>\n\t\n<a href=\"https:\/\/www.cumberlandriver.com.au\/pt-pt\/contacto\/\" class=\"button primary is-underline\" >\n\t\t<span>Contacte-nos<\/span>\n\t<\/a>\n\n<div class=\"is-divider divider clearfix\" style=\"max-width:100%;height:1px;\"><\/div>\n<h2>Todos os patronos e visitantes devem aderir \u00e0s seguintes regras<\/h2>\n<h4>Por favor registe-se e acerte a sua conta \u00e0 chegada &#8211; Limite de velocidade ao ritmo da caminhada<\/h4>\n<ol>\n<li><strong>Horas de escrit\u00f3rio<\/strong> &#8211; s\u00e3o sazonais e ser\u00e3o afixadas na porta do escrit\u00f3rio.<\/li>\n<li><strong>Parques de Campismo<\/strong> &#8211; estar\u00e3o geralmente dispon\u00edveis para ocupar a partir das 13 horas com uma partida estritamente \u00e0s 10 horas da manh\u00e3. Um Site constitui 1 tenda, 1 carro, 2 pessoas &#8211; ser\u00e3o aplicados encargos adicionais ao abrigo da sua tarifa para pessoas extra, tendas, etc. O n\u00famero m\u00e1ximo de pessoas por s\u00edtio \u00e9 de 6.<\/li>\n<li><strong>Caravanas\/Reboques-Caravanas<\/strong> &#8211; Todas as barras de trac\u00e7\u00e3o devem estar viradas para a estrada em caso de evacua\u00e7\u00e3o de emerg\u00eancia.<\/li>\n<li><strong>Todos os Ve\u00edculos\/Caravanas\/Reboques-Caravanas<\/strong> &#8211; Os Rios Ocupantes n\u00e3o devem ser deixados sem vigil\u00e2ncia durante a noite.<\/li>\n<li><strong>Acomoda\u00e7\u00e3o no local<\/strong> &#8211; geralmente estar\u00e1 dispon\u00edvel das 14h \u00e0s 15h no dia da chegada, com sa\u00edda estritamente \u00e0s 10h no seu \u00faltimo dia. Por favor, deixe a sua cabine limpa e arrumada para evitar custos adicionais de limpeza. \u00c9 respons\u00e1vel por rupturas ou danos causados pelo seu partido ou pelos seus visitantes.<\/li>\n<li><strong>Geradores<\/strong> &#8211; n\u00e3o s\u00e3o permitidos no parque<\/li>\n<li><strong>Animais de estima\u00e7\u00e3o<\/strong> &#8211; n\u00e3o s\u00e3o permitidos no parque.<\/li>\n<li><strong>Bicicletas<\/strong> &#8211; os capacetes devem ser usados enquanto se anda de bicicleta no parque. As bicicletas n\u00e3o devem ser conduzidas ap\u00f3s o anoitecer.<\/li>\n<li><strong>Parque infantil<\/strong> &#8211; destina-se \u00e0 utiliza\u00e7\u00e3o de crian\u00e7as com menos de 12 anos de idade e apenas em horas de dia.<\/li>\n<li><strong>Cancelamentos ou Partidas Antecipadas<\/strong> &#8211; por favor reservar cuidadosamente. Se mudar de ideias ap\u00f3s a chegada &#8211; sem reembolso. Para mais informa\u00e7\u00f5es, consulte a nossa <a href=\"https:\/\/www.cumberlandriver.com.au\/pt-pt\/politicas\/cancelamento-reembolsos\/\">pol\u00edtica de cancelamento<\/a>.<\/li>\n<li><strong>Inc\u00eandios<\/strong> &#8211; s\u00e3o APENAS permitidos nos silos de inc\u00eandio fornecidos (de acordo com os regulamentos da CFA), \u00e0 discri\u00e7\u00e3o dos Gestores e n\u00e3o em dias de proibi\u00e7\u00e3o total de inc\u00eandios. Aplica-se uma taxa de aluguer. Por favor, n\u00e3o colocar lixo, vidro ou lixo nos caixotes de lixo. N\u00e3o \u00e9 permitido<br \/>madeira tratada, pintada ou com pregos\/fixa\u00e7\u00f5es de metal. Consulte por favor a nossa <a href=\"https:\/\/www.cumberlandriver.com.au\/pt-pt\/politicas\/regras-da-fogueira\/\">pol\u00edtica de Campfire<\/a>. Todas as caravanas devem estar equipadas com extintores de inc\u00eandio e as tendas devem ter sempre pelo menos 10 litros de \u00e1gua dispon\u00edveis num balde. A madeira ensacada est\u00e1 dispon\u00edvel para venda no quiosque durante o hor\u00e1rio normal de expediente. Os inc\u00eandios devem ser completamente extintos at\u00e9 \u00e0s 22 horas ou ao reformar-se.<\/li>\n<li><strong>Chapas de churrasco<\/strong> &#8211; projetadas para caber sobre sua fogueira, est\u00e3o dispon\u00edveis para aluguel mediante um dep\u00f3sito de seguran\u00e7a de US$ 20 em dinheiro, que ser\u00e1 reembolsado na devolu\u00e7\u00e3o da sua chapa de churrasco LIMPA.<\/li>\n<li><strong>Chuveiros<\/strong> &#8211; a \u00e1gua \u00e9 um bem escasso no rio Cumberland, e temos a energia accionada por gerador para bombear a \u00e1gua. Por favor, use a \u00e1gua com sabedoria e limite o tempo do seu chuveiro aos 5 minutos medidos.<\/li>\n<li><strong>Mensagens<\/strong> &#8211; n\u00e3o ser\u00e3o entregues. Ser\u00e3o colocados no quadro negro fora do escrit\u00f3rio para a sua aten\u00e7\u00e3o<\/li>\n<li><strong>Visitantes<\/strong> &#8211; devem registar-se no escrit\u00f3rio \u00e0 chegada, uma vez que \u00e9 exigido o pagamento de taxas adicionais. Os carros dos visitantes devem ser deixados no exterior, no parque de estacionamento. Apenas um carro por local\/cabina.<\/li>\n<li><strong>Lavandaria<\/strong> &#8211; tanto m\u00e1quina de lavar como m\u00e1quina de secar roupa est\u00e3o dispon\u00edveis. A m\u00e1quina de lavar usa 4 moedas de $1, o que equivale a um ciclo de 35 minutos, e a secadora usa 4 moedas de $1 ou 2 moedas de $2, o que equivale a um ciclo de 20 minutos.  Tamb\u00e9m s\u00e3o fornecidas linhas de roupa &#8211; linhas caseiras entre \u00e1rvores e tendas n\u00e3o s\u00e3o permitidas e ser\u00e3o removidas pela ger\u00eancia sem aviso pr\u00e9vio.<\/li>\n<li><strong>Comportamento<\/strong> &#8211; pedimos-lhe que respeite os direitos dos seus colegas residentes ao gozo pac\u00edfico do parque. A m\u00fasica e o ru\u00eddo devem ser mantidos a um n\u00edvel m\u00ednimo e cessar \u00e0s 22 horas. A embriaguez, o comportamento ofensivo e as festas desordeiras n\u00e3o ser\u00e3o tolerados. \u00c9 respons\u00e1vel por aqueles que est\u00e3o na sua empresa. A direc\u00e7\u00e3o tem o direito de cessar a ocupa\u00e7\u00e3o por qualquer viola\u00e7\u00e3o das regras ou conduta indesej\u00e1vel.<\/li>\n<li><strong>Lixo<\/strong> &#8211; deve ser embrulhado e colocado nos caixotes do lixo fornecidos na esta\u00e7\u00e3o de lixo. Por favor, mantenha o seu site limpo e arrumado. Por favor, esvaziar os contentores em cabines e elimin\u00e1-los na esta\u00e7\u00e3o de lixo \u00e0 partida.<\/li>\n<li><strong>Quiosque<\/strong> &#8211; leite, p\u00e3o, pap\u00e9is (sazonais), gelo, bebidas, gelados, recargas de GPL (desde que a sua garrafa tenha passado um controlo de seguran\u00e7a nos \u00faltimos 10 anos), sacos de madeira, uma pequena gama de mercearias e artigos diversos est\u00e3o dispon\u00edveis durante o hor\u00e1rio normal de expediente.<\/li>\n<li><strong>Responsabilidade<\/strong> &#8211; todas as pessoas entram no parque por sua pr\u00f3pria conta e risco e s\u00e3o totalmente respons\u00e1veis pelos seus pr\u00f3prios bens e ve\u00edculos motorizados<\/li>\n<\/ol>\n<div class=\"is-divider divider clearfix\" style=\"margin-top:1.5em;margin-bottom:1.5em;max-width:100%;height:1px;\"><\/div>\n\n\t<a class=\"plain\" href=\"\/wp-content\/uploads\/2022\/09\/CR_PARK-RULES.pdf\" target=\"_blank\" rel=\"noopener\" >\t<div class=\"icon-box featured-box icon-box-left text-left\"  >\n\t\t\t\t\t<div class=\"icon-box-img\" style=\"width: 45px\">\n\t\t\t\t<div class=\"icon\">\n\t\t\t\t\t<div class=\"icon-inner\" style=\"color:rgb(64, 100, 37);\">\n\t\t\t\t\t\t<?xml version=\"1.0\" encoding=\"utf-8\"?>\n<!-- Generator: Adobe Illustrator 25.4.1, SVG Export Plug-In . SVG Version: 6.00 Build 0)  -->\n<svg version=\"1.1\" id=\"Layer_1\" xmlns=\"http:\/\/www.w3.org\/2000\/svg\" xmlns:xlink=\"http:\/\/www.w3.org\/1999\/xlink\" x=\"0px\" y=\"0px\"\n\t viewBox=\"0 0 409.6 512\" style=\"enable-background:new 0 0 409.6 512;\" xml:space=\"preserve\">\n<path d=\"M256.1,0H64C28.7,0,0,28.7,0,64v384c0,35.3,28.7,64,64,64h281.6c35.3,0,64-28.7,64-64V153.6L256.1,0z M360.3,140.8h-53.1\n\tc-21.2,0-38.4-17.2-38.4-38.4V49.1L360.3,140.8z M384,448c0,21.2-17.2,38.4-38.4,38.4H64c-21.2,0-38.4-17.2-38.4-38.4V64\n\tc0-21.2,17.2-38.4,38.4-38.4h179.2v76.8c0,35.3,28.7,64,64,64H384V448z\"\/>\n<g>\n\t<path d=\"M136.8,291.6c-6.4,5.3-15.5,8-27.4,8H86.6v39.3H63.9V229.6h46.9c10.8,0,19.4,2.8,25.9,8.5c6.4,5.6,9.7,14.4,9.7,26.2\n\t\tC146.4,277.1,143.2,286.2,136.8,291.6z M119.3,252.2c-2.9-2.4-6.9-3.6-12.2-3.6H86.5v32.2h20.6c5.2,0,9.3-1.3,12.2-3.9\n\t\ts4.3-6.8,4.3-12.5C123.7,258.7,122.2,254.6,119.3,252.2z\"\/>\n\t<path d=\"M228.7,231.9c7.7,2.5,13.9,7.1,18.6,13.9c3.8,5.4,6.4,11.3,7.8,17.7c1.4,6.3,2.1,12.4,2.1,18.1c0,14.5-2.9,26.8-8.8,36.9\n\t\tc-7.9,13.6-20.1,20.4-36.7,20.4h-47.1V229.6h47.2C218.6,229.7,224.2,230.5,228.7,231.9z M186.9,248.6v71.3H208\n\t\tc10.8,0,18.3-5.3,22.6-15.9c2.3-5.8,3.5-12.8,3.5-20.8c0-11.1-1.7-19.7-5.2-25.6c-3.5-6-10.4-8.9-20.8-8.9h-21.2V248.6z\"\/>\n\t<path d=\"M274.4,229.7h77.9v19.2H297V274h48.4v19H297v45.8h-22.7V229.7H274.4z\"\/>\n<\/g>\n<\/svg>\n\t\t\t\t\t<\/div>\n\t\t\t\t<\/div>\n\t\t\t<\/div>\n\t\t\t\t<div class=\"icon-box-text last-reset\">\n\t\t\t\t\t\t\t\t\t\r\n\r\n\t<div id=\"text-204875057\" class=\"text\">\n\t\t\r\n\r\n<h5>Descarregar Regras do Parque<\/h5>\nAs regras do nosso parque s\u00e3o concebidas para assegurar que todos desfrutem do belo vale pac\u00edfico pelo qual Cumberland \u00e9 famosa. Descarregue isto para a sua refer\u00eancia.\r\n\t\t\n<style>\n#text-204875057 {\n  font-size: 1rem;\n  line-height: 1.25;\n}\n<\/style>\n\t<\/div>\n\t\r\n\r\n\t\t<\/div>\n\t<\/div>\n\t<\/a>\n\t\n\t<div id=\"gap-657841183\" class=\"gap-element clearfix\" style=\"display:block; height:auto;\">\n\t\t\n<style>\n#gap-657841183 {\n  padding-top: 30px;\n}\n<\/style>\n\t<\/div>\n\t\n<h3>Esperamos que tenha uma estadia agrad\u00e1vel no Cumberland River e esperamos v\u00ea-lo novamente em breve!<\/h3>\n\t\t<\/div>\n\t\t\t\t\t<\/div>\n\n\t\n<\/div>\n","protected":false},"excerpt":{"rendered":"","protected":false},"author":1,"featured_media":0,"parent":9784,"menu_order":10,"comment_status":"closed","ping_status":"closed","template":"","meta":{"footnotes":""},"class_list":["post-9764","page","type-page","status-publish","hentry"],"_links":{"self":[{"href":"https:\/\/www.cumberlandriver.com.au\/pt-pt\/wp-json\/wp\/v2\/pages\/9764","targetHints":{"allow":["GET"]}}],"collection":[{"href":"https:\/\/www.cumberlandriver.com.au\/pt-pt\/wp-json\/wp\/v2\/pages"}],"about":[{"href":"https:\/\/www.cumberlandriver.com.au\/pt-pt\/wp-json\/wp\/v2\/types\/page"}],"author":[{"embeddable":true,"href":"https:\/\/www.cumberlandriver.com.au\/pt-pt\/wp-json\/wp\/v2\/users\/1"}],"replies":[{"embeddable":true,"href":"https:\/\/www.cumberlandriver.com.au\/pt-pt\/wp-json\/wp\/v2\/comments?post=9764"}],"version-history":[{"count":0,"href":"https:\/\/www.cumberlandriver.com.au\/pt-pt\/wp-json\/wp\/v2\/pages\/9764\/revisions"}],"up":[{"embeddable":true,"href":"https:\/\/www.cumberlandriver.com.au\/pt-pt\/wp-json\/wp\/v2\/pages\/9784"}],"wp:attachment":[{"href":"https:\/\/www.cumberlandriver.com.au\/pt-pt\/wp-json\/wp\/v2\/media?parent=9764"}],"curies":[{"name":"wp","href":"https:\/\/api.w.org\/{rel}","templated":true}]}}