{"id":9779,"date":"2021-11-15T22:34:18","date_gmt":"2021-11-15T11:34:18","guid":{"rendered":"https:\/\/cumberlandriver.com.au\/termos-de-utilizacao\/"},"modified":"2022-12-01T12:05:15","modified_gmt":"2022-12-01T01:05:15","slug":"termos-de-utilizacao","status":"publish","type":"page","link":"https:\/\/www.cumberlandriver.com.au\/pt-pt\/politicas\/termos-de-utilizacao\/","title":{"rendered":"Termos de utiliza\u00e7\u00e3o"},"content":{"rendered":"<div class=\"row\"  id=\"row-897757481\">\n\n\t<div id=\"col-276431226\" class=\"col medium-4 small-12 large-4 col-divided\"  >\n\t\t\t\t<div class=\"col-inner\"  >\n\t\t\t\n\t\t\t\n<h3>As nossas pol\u00edticas<\/h3>\n<div class=\"nav-wrapper\"><ul class=\"nav nav-uppercase nav-vertical nav-line text-left nav-left\"><p class=\"lead shortcode-error text-center\">Sorry, no pages was found<\/p><\/ul><\/div>\n\t\t<\/div>\n\t\t\t\t\t<\/div>\n\n\t\n\n\t<div id=\"col-1028406969\" class=\"col medium-8 small-12 large-8 col-divided\"  >\n\t\t\t\t<div class=\"col-inner\"  >\n\t\t\t\n\t\t\t\n<h1>Termos de utiliza\u00e7\u00e3o<\/h1>\n<p><strong>Introdu\u00e7\u00e3o e Aceita\u00e7\u00e3o dos Termos de Utiliza\u00e7\u00e3o<\/strong><\/p>\n<p>As Condi\u00e7\u00f5es Gerais de Utiliza\u00e7\u00e3o e Reserva de Alojamento abaixo detalhadas regem a rela\u00e7\u00e3o contratual entre o &#8220;Utilizador&#8221; (daqui em diante tamb\u00e9m referido como &#8220;Voc\u00ea&#8221; ou o &#8220;Cliente&#8221;) e o <strong>Cumberland River Holiday Park<\/strong> (daqui em diante tamb\u00e9m referido como &#8220;N\u00f3s&#8221; ou o &#8220;Website&#8221;), pertencente \u00e0 empresa <strong>Cumberland River Holiday Park<\/strong>. Ambas as partes aceitam estas condi\u00e7\u00f5es sem reservas. Estas Condi\u00e7\u00f5es Gerais de Venda s\u00e3o as \u00fanicas condi\u00e7\u00f5es aplic\u00e1veis e substituem todas as outras condi\u00e7\u00f5es, excepto no caso de dispensa pr\u00e9via e expressa por escrito. Sustentamos que, ao confirmar a sua encomenda, leu e aceita sem reservas as nossas Condi\u00e7\u00f5es Gerais de Venda. Estes Termos de Utiliza\u00e7\u00e3o de Venda s\u00e3o importantes para si e para <strong>Cumberland River Holiday Park<\/strong>, uma vez que s\u00e3o utilizados para proteger os seus direitos como cliente valioso e os nossos direitos como empresa.<\/p>\n<h3>Altera\u00e7\u00f5es aos Termos de Servi\u00e7o e ao Website<\/h3>\n<p><strong>Cumberland River Holiday Park<\/strong> \u00e9 uma obra em curso, e como tal pode mudar, ser acrescentada ou ser retirada. Reservamo-nos o direito de actualizar o Website e estes Termos de Utiliza\u00e7\u00e3o de tempos a tempos, \u00e0 nossa discri\u00e7\u00e3o e sem qualquer aviso pr\u00e9vio. \u00c9 da sua exclusiva responsabilidade manter-se actualizado com os \u00faltimos Termos de Utiliza\u00e7\u00e3o, verificando regularmente. A sua utiliza\u00e7\u00e3o cont\u00ednua do Website ap\u00f3s a publica\u00e7\u00e3o dos Termos de Utiliza\u00e7\u00e3o actualizados ser\u00e1 considerada como tendo lido e concordado com as altera\u00e7\u00f5es.<\/p>\n<h3>Acesso ao Website<\/h3>\n<p>Trabalhamos arduamente para assegurar que o Website esteja sempre dispon\u00edvel, mas n\u00e3o podemos garantir que o Website n\u00e3o tenha tempo de paragem por qualquer raz\u00e3o. Reservamo-nos o direito de encerrar o Website por curtos per\u00edodos de tempo para manuten\u00e7\u00e3o geral, mas tentaremos manter isto a um n\u00edvel m\u00ednimo. N\u00e3o seremos respons\u00e1veis se, por qualquer raz\u00e3o, a totalidade ou qualquer parte do Website estiver indispon\u00edvel a qualquer momento, por qualquer per\u00edodo de tempo.<\/p>\n<p>N\u00e3o garantimos que o Website ou qualquer conte\u00fado fornecido no Website esteja livre de erros. Gerimos os seus dados pessoais de acordo com a nossa <a href=\"https:\/\/cumberlandriver.com.au\/pt-pt\/politicas\/politica-de-privacidade\/\">Pol\u00edtica de Privacidade<\/a>.<\/p>\n<h3>Informa\u00e7\u00e3o sobre o alojamento<\/h3>\n<p><strong>Cumberland River Holiday Park<\/strong> tem muito cuidado ao colocar informa\u00e7\u00f5es, descri\u00e7\u00f5es e imagens de alojamento on-line, mas n\u00e3o ser\u00e1 responsabilizado por quaisquer erros ou omiss\u00f5es em qualquer informa\u00e7\u00e3o dada.<\/p>\n<h3>Pre\u00e7os<\/h3>\n<p>Os pre\u00e7os indicados no <strong>Cumberland River Holiday Park<\/strong> s\u00e3o indicados em d\u00f3lares australianos e n\u00e3o incluem taxas de transac\u00e7\u00e3o ao fazer a sua reserva. As taxas de transac\u00e7\u00e3o s\u00e3o claramente indicadas e facturadas no final da encomenda, para al\u00e9m do pre\u00e7o da reserva. Reservamo-nos o direito de modificar os nossos pre\u00e7os em qualquer momento, mas isto ser-lhe-\u00e1 indicado na reserva no momento em que a reserva for feita. Se um pre\u00e7o obviamente incorrecto aparecer no nosso website e n\u00e3o for corrigido no seu total no momento da conclus\u00e3o da encomenda, por qualquer raz\u00e3o (erro humano, erro t\u00e9cnico, etc.), a sua encomenda ser\u00e1 cancelada e o pagamento ser-lhe-\u00e1 reembolsado, mesmo que tenha sido inicialmente validado.<\/p>\n<h3>Propriedade intelectual<\/h3>\n<p>Todo o conte\u00fado do website www.cumberlandriver.com.au (ilustra\u00e7\u00f5es, textos, nomes, marcas, imagens e v\u00eddeos) \u00e9 propriedade do <strong>Cumberland River Holiday Park<\/strong>. Qualquer reprodu\u00e7\u00e3o parcial ou total deste conte\u00fado, por qualquer meio e em qualquer suporte, est\u00e1 sujeita \u00e0 autoriza\u00e7\u00e3o pr\u00e9via e expressa do <strong>Cumberland River Holiday Park<\/strong>. Todas as informa\u00e7\u00f5es, conte\u00fados e ficheiros s\u00e3o protegidos pelo direito internacional relativo \u00e0 propriedade intelectual e aos direitos de autor. <strong>Cumberland River Holiday Park<\/strong> n\u00e3o pode dar-lhe o direito de copiar, exibir ou distribuir conte\u00fados para os quais n\u00e3o tenha direitos intelectuais. Qualquer utiliza\u00e7\u00e3o fraudulenta deste conte\u00fado que viole os direitos detidos por terceiros constitui um delito de falsifica\u00e7\u00e3o, que \u00e9 severamente punido ao abrigo do C\u00f3digo da Propriedade Intelectual.<\/p>\n<p>O <strong>Cumberland River Holiday Park<\/strong> n\u00e3o ser\u00e1, em circunst\u00e2ncia alguma, responsabilizado se um utilizador violar direitos detidos por terceiros atrav\u00e9s das suas actividades no site.<\/p>\n<h3>Ren\u00fancia e Divisibilidade<\/h3>\n<p>Qualquer falha do <strong>Cumberland River Holiday Park <\/strong>em exercer ou fazer cumprir qualquer direito ou disposi\u00e7\u00e3o dos Termos de Utiliza\u00e7\u00e3o n\u00e3o constituir\u00e1 uma ren\u00fancia a tal direito ou disposi\u00e7\u00e3o. Os Termos de Utiliza\u00e7\u00e3o constituem o acordo completo entre o utilizador e <strong>Cumberland River Holiday Park<\/strong>, e regem a utiliza\u00e7\u00e3o do servi\u00e7o, substituindo quaisquer acordos pr\u00e9vios (incluindo, mas n\u00e3o se limitando a, quaisquer vers\u00f5es anteriores dos Termos de Utiliza\u00e7\u00e3o). Se qualquer disposi\u00e7\u00e3o destes Termos de Utiliza\u00e7\u00e3o for considerada por um tribunal de jurisdi\u00e7\u00e3o competente como inv\u00e1lida, ilegal ou inaplic\u00e1vel por qualquer raz\u00e3o, tal disposi\u00e7\u00e3o ser\u00e1 eliminada ou limitada ao m\u00ednimo necess\u00e1rio para que as restantes disposi\u00e7\u00f5es dos Termos de Utiliza\u00e7\u00e3o continuem em pleno vigor e efeito.<\/p>\n\t\t<\/div>\n\t\t\t\t\t<\/div>\n\n\t\n<\/div>\n","protected":false},"excerpt":{"rendered":"","protected":false},"author":1,"featured_media":0,"parent":9784,"menu_order":50,"comment_status":"closed","ping_status":"closed","template":"","meta":{"footnotes":""},"class_list":["post-9779","page","type-page","status-publish","hentry"],"_links":{"self":[{"href":"https:\/\/www.cumberlandriver.com.au\/pt-pt\/wp-json\/wp\/v2\/pages\/9779","targetHints":{"allow":["GET"]}}],"collection":[{"href":"https:\/\/www.cumberlandriver.com.au\/pt-pt\/wp-json\/wp\/v2\/pages"}],"about":[{"href":"https:\/\/www.cumberlandriver.com.au\/pt-pt\/wp-json\/wp\/v2\/types\/page"}],"author":[{"embeddable":true,"href":"https:\/\/www.cumberlandriver.com.au\/pt-pt\/wp-json\/wp\/v2\/users\/1"}],"replies":[{"embeddable":true,"href":"https:\/\/www.cumberlandriver.com.au\/pt-pt\/wp-json\/wp\/v2\/comments?post=9779"}],"version-history":[{"count":0,"href":"https:\/\/www.cumberlandriver.com.au\/pt-pt\/wp-json\/wp\/v2\/pages\/9779\/revisions"}],"up":[{"embeddable":true,"href":"https:\/\/www.cumberlandriver.com.au\/pt-pt\/wp-json\/wp\/v2\/pages\/9784"}],"wp:attachment":[{"href":"https:\/\/www.cumberlandriver.com.au\/pt-pt\/wp-json\/wp\/v2\/media?parent=9779"}],"curies":[{"name":"wp","href":"https:\/\/api.w.org\/{rel}","templated":true}]}}