{"id":9789,"date":"2021-11-13T02:51:54","date_gmt":"2021-11-12T15:51:54","guid":{"rendered":"https:\/\/cumberlandriver.com.au\/politicas\/politica-de-privacidade\/"},"modified":"2022-12-01T12:11:02","modified_gmt":"2022-12-01T01:11:02","slug":"politica-de-privacidade","status":"publish","type":"page","link":"https:\/\/www.cumberlandriver.com.au\/pt-pt\/politicas\/politica-de-privacidade\/","title":{"rendered":"Pol\u00edtica de Privacidade"},"content":{"rendered":"<div class=\"row\"  id=\"row-670443482\">\n\n\t<div id=\"col-956102535\" class=\"col medium-4 small-12 large-4 col-divided\"  >\n\t\t\t\t<div class=\"col-inner\"  >\n\t\t\t\n\t\t\t\n<h3>As nossas pol\u00edticas<\/h3>\n<div class=\"nav-wrapper\"><ul class=\"nav nav-uppercase nav-vertical nav-line text-left nav-left\"><p class=\"lead shortcode-error text-center\">Sorry, no pages was found<\/p><\/ul><\/div>\n\t\t<\/div>\n\t\t\t\t\t<\/div>\n\n\t\n\n\t<div id=\"col-1553552751\" class=\"col medium-8 small-12 large-8 col-divided\"  >\n\t\t\t\t<div class=\"col-inner\"  >\n\t\t\t\n\t\t\t\n<h1>Pol\u00edtica de Privacidade e Declara\u00e7\u00e3o de Divulga\u00e7\u00e3o<\/h1>\n<p><strong>O seguinte estabelece a Pol\u00edtica de Privacidade para o website do Cumberland River Holiday Park, www.cumblerlandriver.com.au.com. Cumberland River Holiday Park est\u00e1 vinculado pela Lei da Privacidade de 1988 (Crh), que estabelece uma s\u00e9rie de princ\u00edpios relativos \u00e0 privacidade dos indiv\u00edduos.<\/strong><\/p>\n<h3>Informa\u00e7\u00e3o pessoal<\/h3>\n<p>H\u00e1 muitos aspectos do site, que podem ser visualizados sem fornecer informa\u00e7\u00f5es pessoais, no entanto, para acesso a futuras funcionalidades de apoio ao cliente do <strong>Cumberland River Holiday Park<\/strong> \u00e9-lhe exigido que submeta informa\u00e7\u00f5es pessoalmente identific\u00e1veis. Isto pode incluir mas n\u00e3o se limitar ao seu nome, e-mail ou n\u00famero de telefone.<\/p>\n<p>Geralmente, o tipo de informa\u00e7\u00e3o pessoal que recolhemos sobre si inclui assuntos relevantes para o objectivo principal para o qual estamos a recolher a informa\u00e7\u00e3o.<\/p>\n<ul>\n<li>O seu nome<\/li>\n<li>O seu endere\u00e7o postal e ou residencial<\/li>\n<li>N\u00famero de telefone<\/li>\n<li>Endere\u00e7o de correio electr\u00f3nico<\/li>\n<li>Alojamento que reservou<\/li>\n<li>Para permitir pagamentos, cr\u00e9ditos ou outras transac\u00e7\u00f5es que possa efectuar connosco, o seu cart\u00e3o de cr\u00e9dito ou outros detalhes de conta (utilizamos Windcave Limited para processar pagamentos de alojamento da nossa plataforma de reservas online, RMS Cloud)<\/li>\n<li>Para lhe oferecer cr\u00e9ditos a um cliente<\/li>\n<li>A fim de comunicar consigo atrav\u00e9s de um formul\u00e1rio de contacto<\/li>\n<\/ul>\n<h3>Meios de comunica\u00e7\u00e3o social<\/h3>\n<p>Se carregar imagens na sua plataforma preferida de meios de comunica\u00e7\u00e3o social, e etiquetar, mencionar ou verificar, podemos re-postar ou partilhar este conte\u00fado p\u00fablico nas contas dos meios de comunica\u00e7\u00e3o social <strong>do Cumberland River Holiday Park<\/strong>. Se por acaso n\u00e3o quiser que o seu conte\u00fado seja publicado, por favor contacte-nos para uma r\u00e1pida remo\u00e7\u00e3o do conte\u00fado.<\/p>\n<h3>Anal\u00edticos<\/h3>\n<p>Utilizamos o Google Analytics para recolher alguns dados anal\u00edticos an\u00f3nimos para nos ajudar a analisar o desempenho do nosso website e quaisquer esfor\u00e7os publicit\u00e1rios. Pode ver a <a href=\"https:\/\/policies.google.com\/privacy\" target=\"_blank\" rel=\"nofollow noopener noreferrer\">Pol\u00edtica de Privacidade<\/a> e os<a href=\"https:\/\/policies.google.com\/terms\" target=\"_blank\" rel=\"nofollow noopener noreferrer\"> Termos de Servi\u00e7o<\/a> do Google.<\/p>\n<h3>Biscoitos<\/h3>\n<p>Quando visitar este S\u00edtio, poder\u00e1 navegar no S\u00edtio e aceder a informa\u00e7\u00f5es importantes sem revelar a sua identidade. A fim de melhorar o nosso Site, utilizamos &#8220;cookies&#8221; para rastrear a sua visita. Um cookie \u00e9 uma pequena quantidade de dados que \u00e9 transferida para o seu navegador por um servidor Web e s\u00f3 pode ser lida pelo servidor que lha deu. N\u00e3o pode ser executado como c\u00f3digo ou entregar v\u00edrus.<\/p>\n<p>A maioria dos browsers est\u00e3o inicialmente configurados para aceitar cookies. Pode configurar o seu navegador para o notificar quando receber um cookie, dando-lhe a oportunidade de decidir se o aceita.  <strong>Cumberland River Holiday Park<\/strong> utiliza programas de publicidade do Google &amp; Facebook que utilizam cookies para melhorar a sua experi\u00eancia online, incluindo a exibi\u00e7\u00e3o de an\u00fancios mais relevantes em websites externos. Qualquer pessoa pode <a href=\"http:\/\/optout.networkadvertising.org\/\" target=\"_blank\" rel=\"noopener noreferrer nofollow\">optar por n\u00e3o participar<\/a> nestes programas em qualquer altura, actualizando as suas prefer\u00eancias dentro das defini\u00e7\u00f5es da sua conta Google e Facebook.<\/p>\n<p>O nosso website guarda uma s\u00e9rie de cookies no seu browser. Este cookie n\u00e3o est\u00e1 relacionado com os seus dados pessoais nem com o seu endere\u00e7o IP, e \u00e9 apenas utilizado para melhorar a funcionalidade do website.<\/p>\n<h3>Conte\u00fados incorporados de outros websites<\/h3>\n<p>Os artigos deste s\u00edtio podem incluir conte\u00fado incorporado (por exemplo, v\u00eddeos, imagens, artigos, etc.). O conte\u00fado incorporado de outros websites comporta-se exactamente da mesma forma como se o visitante tivesse visitado o outro website.<\/p>\n<p>Estes websites podem recolher dados sobre si, utilizar cookies, incorporar rastreio adicional de terceiros, e monitorizar a sua interac\u00e7\u00e3o com esse conte\u00fado incorporado, incluindo o rastreio da sua interac\u00e7\u00e3o com o conte\u00fado incorporado, caso tenha uma conta e esteja ligado a esse website.<\/p>\n<h3>Com quem partilhamos os seus dados<\/h3>\n<p>N\u00e3o divulgamos as suas informa\u00e7\u00f5es pessoais a terceiros para al\u00e9m dos descritos anteriormente, sob reserva de que sejamos legalmente obrigados a faz\u00ea-lo ou que o utilizador tenha dado o seu consentimento.<\/p>\n<h3>Quanto tempo retemos os seus dados<\/h3>\n<p>Apenas guardamos as suas informa\u00e7\u00f5es pessoais durante o tempo que for necess\u00e1rio.<\/p>\n<p>Guardaremos as suas informa\u00e7\u00f5es pessoais:<\/p>\n<ul>\n<li>At\u00e9 j\u00e1 n\u00e3o termos uma raz\u00e3o v\u00e1lida para a manter;<\/li>\n<li>At\u00e9 que nos solicite que deixemos de o utilizar;<\/li>\n<li>Durante o tempo exigido por lei.<\/li>\n<\/ul>\n<p>Podemos guardar apenas o suficiente das suas informa\u00e7\u00f5es pessoais para assegurar o cumprimento dos seus pedidos. N\u00e3o utilizaremos as suas informa\u00e7\u00f5es pessoais para outros fins que n\u00e3o os descritos na presente Declara\u00e7\u00e3o de Privacidade e respeitaremos o seu direito de elimina\u00e7\u00e3o (descrito abaixo).<\/p>\n<h3>Aceder \u00e0 sua informa\u00e7\u00e3o pessoal<\/h3>\n<p>Tem o direito de aceder \u00e0s suas informa\u00e7\u00f5es pessoais, sujeito a excep\u00e7\u00f5es permitidas por lei. Se o desejar fazer, por favor informe-nos. Poder\u00e1 ser-lhe pedido que apresente o seu pedido por escrito, por raz\u00f5es de seguran\u00e7a. <strong>Cumberland River Holiday Park<\/strong> reserva-se o direito de cobrar uma taxa por pesquisa e acesso \u00e0s suas informa\u00e7\u00f5es, por pedido.<\/p>\n<div class=\"row row-collapse\"  id=\"row-1247676876\">\n\n\t<div id=\"col-1132800904\" class=\"col small-12 large-12\"  >\n\t\t\t\t<div class=\"col-inner\"  >\n\t\t\t\n\t\t\t\n\t<div id=\"gap-1983589978\" class=\"gap-element clearfix\" style=\"display:block; height:auto;\">\n\t\t\n<style>\n#gap-1983589978 {\n  padding-top: 30px;\n}\n<\/style>\n\t<\/div>\n\t\n\n\n<div class=\"wpcf7 no-js\" id=\"wpcf7-f10121-o1\" lang=\"pt-PT\" dir=\"ltr\" data-wpcf7-id=\"10121\">\n<div class=\"screen-reader-response\"><p role=\"status\" aria-live=\"polite\" aria-atomic=\"true\"><\/p> <ul><\/ul><\/div>\n<form action=\"\/pt-pt\/wp-json\/wp\/v2\/pages\/9789#wpcf7-f10121-o1\" method=\"post\" class=\"wpcf7-form init\" aria-label=\"Formul\u00e1rio de contacto\" enctype=\"multipart\/form-data\" novalidate=\"novalidate\" data-status=\"init\">\n<fieldset class=\"hidden-fields-container\"><input type=\"hidden\" name=\"_wpcf7\" value=\"10121\" \/><input type=\"hidden\" name=\"_wpcf7_version\" value=\"6.1.5\" \/><input type=\"hidden\" name=\"_wpcf7_locale\" value=\"pt_PT\" \/><input type=\"hidden\" name=\"_wpcf7_unit_tag\" value=\"wpcf7-f10121-o1\" \/><input type=\"hidden\" name=\"_wpcf7_container_post\" value=\"0\" \/><input type=\"hidden\" name=\"_wpcf7_posted_data_hash\" value=\"\" \/><input type=\"hidden\" name=\"_wpcf7_recaptcha_response\" value=\"\" \/>\n<\/fieldset>\n<div class=\"form-flat\">\n\t<p><div class=\"row row-small\"  id=\"row-1482446001\"><\/div>\n\t<div id=\"col-1059718945\" class=\"col medium-6 small-12 large-6\"  >\n\t\t\t\t<div class=\"col-inner\"  >\n\t\t\t\n\t\t\t<label>O seu primeiro nome<\/label><span class=\"wpcf7-form-control-wrap\" data-name=\"your-first-name\"><input size=\"40\" maxlength=\"400\" class=\"wpcf7-form-control wpcf7-text wpcf7-validates-as-required\" aria-required=\"true\" aria-invalid=\"false\" value=\"\" type=\"text\" name=\"your-first-name\" \/><\/span>\t\t<\/div>\n\t\t\t\t\t<\/div>\n\n\t\n\t<div id=\"col-713554626\" class=\"col medium-6 small-12 large-6\"  >\n\t\t\t\t<div class=\"col-inner\"  >\n\t\t\t\n\t\t\t<label>O seu sobrenome<\/label><span class=\"wpcf7-form-control-wrap\" data-name=\"your-last-name\"><input size=\"40\" maxlength=\"400\" class=\"wpcf7-form-control wpcf7-text wpcf7-validates-as-required\" aria-required=\"true\" aria-invalid=\"false\" value=\"\" type=\"text\" name=\"your-last-name\" \/><\/span>\t\t<\/div>\n\t\t\t\t\t<\/div>\n\n\t<div class=\"row row-small\"  id=\"row-1651134676\"><\/div>\n\t<div id=\"col-1961417072\" class=\"col medium-6 small-12 large-6\"  >\n\t\t\t\t<div class=\"col-inner\"  >\n\t\t\t\n\t\t\t<label>O seu e-mail<\/label><span class=\"wpcf7-form-control-wrap\" data-name=\"your-email\"><input size=\"40\" maxlength=\"400\" class=\"wpcf7-form-control wpcf7-email wpcf7-validates-as-required wpcf7-text wpcf7-validates-as-email\" aria-required=\"true\" aria-invalid=\"false\" value=\"\" type=\"email\" name=\"your-email\" \/><\/span>\t\t<\/div>\n\t\t\t\t\t<\/div>\n\n\t\n\t<div id=\"col-992229010\" class=\"col medium-6 small-12 large-6\"  >\n\t\t\t\t<div class=\"col-inner\"  >\n\t\t\t\n\t\t\t<label>O seu telefone (opcional)<\/label><span class=\"wpcf7-form-control-wrap\" data-name=\"your-phone\"><input size=\"40\" maxlength=\"400\" class=\"wpcf7-form-control wpcf7-text\" aria-invalid=\"false\" value=\"\" type=\"text\" name=\"your-phone\" \/><\/span>\t\t<\/div>\n\t\t\t\t\t<\/div>\n\n\t\n\t<div id=\"col-432118337\" class=\"col small-12 large-12\"  >\n\t\t\t\t<div class=\"col-inner\"  >\n\t\t\t\n\t\t\t<label>Pa\u00eds de resid\u00eancia<\/label><span class=\"wpcf7-form-control-wrap\" data-name=\"Country\"><select class=\"wpcf7-form-control wpcf7-select wpcf7-validates-as-required\" aria-required=\"true\" aria-invalid=\"false\" name=\"Country\"><option value=\"\">&#8212;Por favor escolha uma op\u00e7\u00e3o&#8212;<\/option><option value=\"Australia\">Australia<\/option><option value=\"Hong Kong\">Hong Kong<\/option><option value=\"Japan\">Japan<\/option><option value=\"Malaysia\">Malaysia<\/option><option value=\"Singapore\">Singapore<\/option><option value=\"Canada\">Canada<\/option><option value=\"Mexico\">Mexico<\/option><option value=\"New Zealand\">New Zealand<\/option><option value=\"United States\">United States<\/option><option value=\"Austria\">Austria<\/option><option value=\"Belgium\">Belgium<\/option><option value=\"France\">France<\/option><option value=\"Germany\">Germany<\/option><option value=\"Ireland\">Ireland<\/option><option value=\"Italy\">Italy<\/option><option value=\"Luxembourg\">Luxembourg<\/option><option value=\"Netherlands\">Netherlands<\/option><option value=\"Portugal\">Portugal<\/option><option value=\"Spain\">Spain<\/option><option value=\"United Kingdom\">United Kingdom<\/option><option value=\"Bulgaria\">Bulgaria<\/option><option value=\"Cyprus\">Cyprus<\/option><option value=\"Czech Republic\">Czech Republic<\/option><option value=\"Denmark\">Denmark<\/option><option value=\"Estonia\">Estonia<\/option><option value=\"Finland\">Finland<\/option><option value=\"Greece\">Greece<\/option><option value=\"Latvia\">Latvia<\/option><option value=\"Lithuania\">Lithuania<\/option><option value=\"Malta\">Malta<\/option><option value=\"Norway\">Norway<\/option><option value=\"Poland\">Poland<\/option><option value=\"Romania\">Romania<\/option><option value=\"Slovakia\">Slovakia<\/option><option value=\"Slovenia\">Slovenia<\/option><option value=\"Sweden\">Sweden<\/option><option value=\"Switzerland\">Switzerland<\/option><\/select><\/span>\t\t<\/div>\n\t\t\t\t\t<\/div>\n\n\t\n\t<div id=\"col-1310901716\" class=\"col small-12 large-12\"  >\n\t\t\t\t<div class=\"col-inner\"  >\n\t\t\t\n\t\t\t<label>Identifica\u00e7\u00e3o com foto<\/label>\n\t<\/p>\n\t<p style=\"font-size: 80%\">Para que possamos verificar a sua identidade, por favor carregue uma fotografia ou digitaliza\u00e7\u00e3o de uma fotografia de identifica\u00e7\u00e3o actual (carta de condu\u00e7\u00e3o, bilhete de identidade nacional ou passaporte)\n\t<\/p>\n\t<p><span class=\"wpcf7-form-control-wrap\" data-name=\"PhotoID\"><input size=\"40\" class=\"wpcf7-form-control wpcf7-file wpcf7-validates-as-required\" accept=\"audio\/*,video\/*,image\/*\" aria-required=\"true\" aria-invalid=\"false\" type=\"file\" name=\"PhotoID\" \/><\/span>\t\t<\/div>\n\t\t\t\t\t<\/div>\n\n\t\n\t<div id=\"col-2089265341\" class=\"col small-12 large-12\"  >\n\t\t\t\t<div class=\"col-inner\"  >\n\t\t\t\n\t\t\t<label>Documento de Verifica\u00e7\u00e3o de Endere\u00e7os<\/label>\n\t<\/p>\n\t<p style=\"font-size: 80%\">Para que possamos verificar o seu pa\u00eds de resid\u00eancia, por favor forne\u00e7a uma factura de servi\u00e7os p\u00fablicos com os detalhes do endere\u00e7o\n\t<\/p>\n\t<p><span class=\"wpcf7-form-control-wrap\" data-name=\"AddressVerification\"><input size=\"40\" class=\"wpcf7-form-control wpcf7-file wpcf7-validates-as-required\" accept=\"audio\/*,video\/*,image\/*\" aria-required=\"true\" aria-invalid=\"false\" type=\"file\" name=\"AddressVerification\" \/><\/span>\t\t<\/div>\n\t\t\t\t\t<\/div>\n\n\t\n\t<div id=\"col-328758137\" class=\"col small-12 large-12\"  >\n\t\t\t\t<div class=\"col-inner\"  >\n\t\t\t\n\t\t\t<label>Tipo de pedido<\/label><span class=\"wpcf7-form-control-wrap\" data-name=\"Request-Type\"><select class=\"wpcf7-form-control wpcf7-select wpcf7-validates-as-required\" aria-required=\"true\" aria-invalid=\"false\" name=\"Request-Type\"><option value=\"\">&#8212;Por favor escolha uma op\u00e7\u00e3o&#8212;<\/option><option value=\"Right to access\">Right to access<\/option><option value=\"Right to rectification\">Right to rectification<\/option><option value=\"Right to erasure or restriction of processing\">Right to erasure or restriction of processing<\/option><\/select><\/span>\t\t<\/div>\n\t\t\t\t\t<\/div>\n\n\t\n\t<div id=\"col-2114414859\" class=\"col small-12 large-12\"  >\n\t\t\t\t<div class=\"col-inner\"  >\n\t\t\t\n\t\t\t<label>Por favor descreva o seu pedido<\/label><span class=\"wpcf7-form-control-wrap\" data-name=\"your-message\"><textarea cols=\"40\" rows=\"10\" maxlength=\"2000\" class=\"wpcf7-form-control wpcf7-textarea\" aria-invalid=\"false\" name=\"your-message\"><\/textarea><\/span>\t\t<\/div>\n\t\t\t\t\t<\/div>\n\n\t\n\t<div id=\"col-378373995\" class=\"col small-12 large-12\"  >\n\t\t\t\t<div class=\"col-inner\"  >\n\t\t\t\n\t\t\t<input class=\"wpcf7-form-control wpcf7-submit has-spinner button\" type=\"submit\" value=\"Submit your privacy enquiry\" \/>\t\t<\/div>\n\t\t\t\t\t<\/div>\n\n\t[\/]\n\t<\/p>\n<\/div><div class=\"wpcf7-response-output\" aria-hidden=\"true\"><\/div>\n<\/form>\n<\/div>\n\n\n\t<div id=\"gap-316505429\" class=\"gap-element clearfix\" style=\"display:block; height:auto;\">\n\t\t\n<style>\n#gap-316505429 {\n  padding-top: 30px;\n}\n<\/style>\n\t<\/div>\n\t\n\t\t<\/div>\n\t\t\t\t\t<\/div>\n\n\t\n<\/div>\n<h3>Para onde enviamos os seus dados<\/h3>\n<p>Os formul\u00e1rios de envio de visitantes podem ser verificados atrav\u00e9s de um servi\u00e7o autom\u00e1tico de detec\u00e7\u00e3o de spam. Este site \u00e9 protegido pela reCAPTCHA e aplicam-se a <a href=\"https:\/\/policies.google.com\/privacy\" target=\"_blank\" rel=\"nofollow noopener noreferrer\">Pol\u00edtica de Privacidade<\/a> e os<a href=\"https:\/\/policies.google.com\/terms\" target=\"_blank\" rel=\"nofollow noopener noreferrer\"> Termos de Servi\u00e7o<\/a> do Google.<\/p>\n<h3>Altera\u00e7\u00f5es a esta Pol\u00edtica de Privacidade<\/h3>\n<p><strong>Cumberland River Holiday Park<\/strong> reserva-se o direito de fazer emendas a esta Pol\u00edtica de Privacidade em qualquer altura para cumprir as leis ou para reflectir altera\u00e7\u00f5es \u00e0s nossas pr\u00e1ticas comerciais. Quaisquer actualiza\u00e7\u00f5es ser\u00e3o publicadas no nosso website, e encorajamo-lo a verificar o nosso website periodicamente para garantir que compreende a nossa pol\u00edtica actual.<\/p>\n\t\t<\/div>\n\t\t\t\t\t<\/div>\n\n\t\n<\/div>\n","protected":false},"excerpt":{"rendered":"","protected":false},"author":1,"featured_media":0,"parent":9784,"menu_order":40,"comment_status":"closed","ping_status":"closed","template":"","meta":{"footnotes":""},"class_list":["post-9789","page","type-page","status-publish","hentry"],"_links":{"self":[{"href":"https:\/\/www.cumberlandriver.com.au\/pt-pt\/wp-json\/wp\/v2\/pages\/9789","targetHints":{"allow":["GET"]}}],"collection":[{"href":"https:\/\/www.cumberlandriver.com.au\/pt-pt\/wp-json\/wp\/v2\/pages"}],"about":[{"href":"https:\/\/www.cumberlandriver.com.au\/pt-pt\/wp-json\/wp\/v2\/types\/page"}],"author":[{"embeddable":true,"href":"https:\/\/www.cumberlandriver.com.au\/pt-pt\/wp-json\/wp\/v2\/users\/1"}],"replies":[{"embeddable":true,"href":"https:\/\/www.cumberlandriver.com.au\/pt-pt\/wp-json\/wp\/v2\/comments?post=9789"}],"version-history":[{"count":0,"href":"https:\/\/www.cumberlandriver.com.au\/pt-pt\/wp-json\/wp\/v2\/pages\/9789\/revisions"}],"up":[{"embeddable":true,"href":"https:\/\/www.cumberlandriver.com.au\/pt-pt\/wp-json\/wp\/v2\/pages\/9784"}],"wp:attachment":[{"href":"https:\/\/www.cumberlandriver.com.au\/pt-pt\/wp-json\/wp\/v2\/media?parent=9789"}],"curies":[{"name":"wp","href":"https:\/\/api.w.org\/{rel}","templated":true}]}}